{"id":1322,"date":"2022-02-24T05:02:56","date_gmt":"2022-02-24T03:02:56","guid":{"rendered":"https:\/\/192.168.0.156\/inx-de\/home\/"},"modified":"2023-07-26T09:49:26","modified_gmt":"2023-07-26T06:49:26","slug":"unternehmen","status":"publish","type":"page","link":"https:\/\/inx.fi\/inx-de\/","title":{"rendered":"Unternehmen"},"content":{"rendered":"\n<div style=\"height:100px\" aria-hidden=\"true\" class=\"wp-block-spacer\"><\/div>\n\n\n\n<div class=\"wp-block-uagb-container uagb-block-13e9e45f alignfull uagb-is-root-container\"><div class=\"uagb-container-inner-blocks-wrap\">\n<div class=\"wp-block-uagb-container uagb-block-b610ee42\">\n<div class=\"wp-block-uagb-container uagb-block-daadeaba\"><\/div>\n\n\n\n<div class=\"wp-block-uagb-container uagb-block-b6caad3f\">\n<div class=\"wp-block-uagb-columns uagb-columns__wrap uagb-columns__background-none uagb-columns__stack-none uagb-columns__valign-center uagb-columns__gap-0 align uagb-block-4ccf58f0 uagb-columns__columns-4 uagb-columns__max_width-custom\"><div class=\"uagb-columns__overlay\"><\/div><div class=\"uagb-columns__inner-wrap uagb-columns__columns-4\">\n<div class=\"wp-block-uagb-column uagb-column__wrap uagb-column__background-image uagb-block-464225b3\"><div class=\"uagb-column__overlay\"><\/div>\n<div class=\"wp-block-uagb-buttons uagb-buttons__outer-wrap uagb-btn__medium-btn uagb-btn-tablet__default-btn uagb-btn-mobile__default-btn uagb-block-87ea6b4b\"><div class=\"uagb-buttons__wrap uagb-buttons-layout-wrap\">\n<div class=\"wp-block-uagb-buttons-child uagb-buttons__outer-wrap uagb-block-7dbc2d89 wp-block-button\"><div class=\"uagb-button__wrapper\"><a class=\"uagb-buttons-repeater wp-block-button__link\" href=\"\/\" onclick=\"return true;\" rel=\"follow noopener\" target=\"_self\"><\/a><\/div><\/div>\n<\/div><\/div>\n<\/div>\n\n\n\n<div class=\"wp-block-uagb-column uagb-column__wrap uagb-column__background-image uagb-block-b07248b6\"><div class=\"uagb-column__overlay\"><\/div>\n<div class=\"wp-block-uagb-buttons uagb-buttons__outer-wrap uagb-btn__medium-btn uagb-btn-tablet__default-btn uagb-btn-mobile__default-btn uagb-block-69302363\"><div class=\"uagb-buttons__wrap uagb-buttons-layout-wrap\">\n<div class=\"wp-block-uagb-buttons-child uagb-buttons__outer-wrap uagb-block-5fb42864 wp-block-button\"><div class=\"uagb-button__wrapper\"><a class=\"uagb-buttons-repeater wp-block-button__link\" href=\"\/inx-en\/\" onclick=\"return true;\" rel=\"follow noopener\" target=\"_self\"><\/a><\/div><\/div>\n<\/div><\/div>\n<\/div>\n\n\n\n<div class=\"wp-block-uagb-column uagb-column__wrap uagb-column__background-image uagb-block-d56f4ebd\"><div class=\"uagb-column__overlay\"><\/div>\n<div class=\"wp-block-uagb-buttons uagb-buttons__outer-wrap uagb-btn__medium-btn uagb-btn-tablet__default-btn uagb-btn-mobile__default-btn uagb-block-5e2ff4f0\"><div class=\"uagb-buttons__wrap uagb-buttons-layout-wrap\">\n<div class=\"wp-block-uagb-buttons-child uagb-buttons__outer-wrap uagb-block-548a0d33 wp-block-button\"><div class=\"uagb-button__wrapper\"><a class=\"uagb-buttons-repeater wp-block-button__link\" href=\"\/inx-se\/\" onclick=\"return true;\" rel=\"follow noopener\" target=\"_self\"><\/a><\/div><\/div>\n<\/div><\/div>\n<\/div>\n\n\n\n<div class=\"wp-block-uagb-column uagb-column__wrap uagb-column__background-image uagb-block-f94650e1\"><div class=\"uagb-column__overlay\"><\/div>\n<div class=\"wp-block-uagb-buttons uagb-buttons__outer-wrap uagb-btn__medium-btn uagb-btn-tablet__default-btn uagb-btn-mobile__default-btn uagb-block-fabce39f\"><div class=\"uagb-buttons__wrap uagb-buttons-layout-wrap\">\n<div class=\"wp-block-uagb-buttons-child uagb-buttons__outer-wrap uagb-block-45179697 wp-block-button\"><div class=\"uagb-button__wrapper\"><a class=\"uagb-buttons-repeater wp-block-button__link\" href=\"\/inx-de\/\" onclick=\"return true;\" rel=\"follow noopener\" target=\"_self\"><\/a><\/div><\/div>\n<\/div><\/div>\n<\/div>\n<\/div><\/div>\n<\/div>\n<\/div>\n\n\n\n<div style=\"height:82px\" aria-hidden=\"true\" class=\"wp-block-spacer\"><\/div>\n\n\n\n<div class=\"wp-block-uagb-advanced-heading uagb-block-dbfdb56b\"><h2 class=\"uagb-heading-text\">Inx-Service \u2013 durch Schnittholzoptimierung h\u00f6here Ausbeute<\/h2><\/div>\n\n\n\n<div style=\"height:101px\" aria-hidden=\"true\" class=\"wp-block-spacer\"><\/div>\n<\/div><\/div>\n\n\n\n<div class=\"wp-block-uagb-container uagb-block-1ade505f alignfull uagb-is-root-container\"><div class=\"uagb-container-inner-blocks-wrap\">\n<div class=\"wp-block-uagb-container uagb-block-4703ca07\">\n<div style=\"height:20px\" aria-hidden=\"true\" class=\"wp-block-spacer\"><\/div>\n\n\n\n<div class=\"wp-block-uagb-advanced-heading uagb-block-8e2f2610\"><h2 class=\"uagb-heading-text\">Wachsende B\u00e4ume haben einen bestimmten Wert, aber sofort wenn sie gef\u00e4llt werden, beginnt der Material- und Wertverlust.<\/h2><\/div>\n\n\n\n<p>Wenn die Verlusth\u00f6he und die Gr\u00fcnde dazu mehr genauer untersucht wurden, war das Ergebnis \u00fcberraschend, in meisten F\u00e4llen aber nicht so positiv.<\/p>\n\n\n\n<p>Normalerweise ist die unflexible Produktion der Grund f\u00fcr die Gewinnverluste. Dann ist es nicht m\u00f6glich, schnell genug auf Ver\u00e4nderungen der Nachfrage zu reagieren und die G\u00fcteklassen von Schnittholz mit h\u00f6chstem Gewinn herzustellen. Herk\u00f6mmliche Produktionsplanung verursacht Engp\u00e4sse in der Herstellung, erschwert Produktionsphasen und Energie und Zeit werden verschwendet.<\/p>\n\n\n\n<p>Wenn das S\u00e4gewerk diese Probleme mit konkreten Ma\u00dfnahmen l\u00f6sen k\u00f6nnte, w\u00e4re es in der Lage leicht seinen j\u00e4hrlichen Umsatz und Gewinn mit mehreren Millionen Euro zu verbessern.<\/p>\n\n\n\n<p>Und mit den Mess- und Automatisierungsl\u00f6sungen von Inx-Service kann das S\u00e4gewerk seine Leistung und Betriebsabl\u00e4ufe erheblich verbessern.<\/p>\n<\/div>\n\n\n\n<div class=\"wp-block-uagb-container uagb-block-bf954122\">\n<div style=\"height:20px\" aria-hidden=\"true\" class=\"wp-block-spacer\"><\/div>\n\n\n\n<div class=\"wp-block-uagb-advanced-heading uagb-block-7cce7e91\"><h2 class=\"uagb-heading-text\">Nachrichten<\/h2><\/div>\n<\/div>\n<\/div><\/div>\n\n\n\n<div class=\"wp-block-uagb-container uagb-block-f69ec88d alignfull uagb-is-root-container\"><div class=\"uagb-container-inner-blocks-wrap\">\n<div class=\"wp-block-uagb-container uagb-block-2ed7557b\">\n<div class=\"wp-block-uagb-container uagb-block-4f6f5613\">\n<div style=\"height:40px\" aria-hidden=\"true\" class=\"wp-block-spacer\"><\/div>\n\n\n\n<div class=\"wp-block-uagb-advanced-heading uagb-block-15f9c169\"><h2 class=\"uagb-heading-text\">Breites Produktpalette von Rundholzbearbeitung bis zu Weiterverarbeitung<\/h2><\/div>\n\n\n\n<p>Die Produktl\u00f6sungen von Inx-Service umfassen die Anwendungsbereiche des S\u00e4gewerks von Rundholzbearbeitung bis zu Hobelwerke und Weiterverarbeitungsanlagen. Das Kernst\u00fcck des Produktsortiments besteht aus intelligenten messtechnischen Einrichtungen, fortgeschrittener Optimierungstechnik und moderner Informationstechnologie.<\/p>\n\n\n\n<p>Inx-Services f\u00fchrende Marktposition basiert sich auf das professionelle und kompetente Personal, das \u00fcber Erfahrung und Kenntnisse von Holzindustrie, Optimierung von Produktionprozessen und Messtechnologie \u00fcber mehrere Jahrzehnten verf\u00fcgt.<\/p>\n\n\n\n<p>Wir m\u00f6chten in engster Kooperation mit unseren Kunden zusammenarbeiten. Wir h\u00f6ren unseren Kunden und deren Bed\u00fcrfnissen zu. Wir stellen innovative und kundenspezifische Mess- und Optimierungsl\u00f6sungen her, die dann die Effektivit\u00e4t der Produktion und Rentabilit\u00e4t des S\u00e4gewerks verbessern.<\/p>\n\n\n\n<p>Insgesamt haben wir schon mehrere Hunderte Mess- und Optimierungssysteml\u00f6sungen an S\u00e4gewerken weltweit ausgeliefert. Heutzutage beitragen sie zu der Produktion von hochklassigen Schnittholzwaren in mehreren Millionen Kubikmeter pro Jahr.<br><br><\/p>\n<\/div>\n\n\n\n<div class=\"wp-block-uagb-container uagb-block-8c72aae3\"><\/div>\n<\/div>\n<\/div><\/div>\n","protected":false},"excerpt":{"rendered":"<p>Inx-Service \u2013 durch Schnittholzoptimierung h\u00f6here Ausbeute Wachsende B\u00e4ume haben einen bestimmten Wert, aber sofort wenn sie gef\u00e4llt werden, beginnt der Material- und Wertverlust. Wenn die Verlusth\u00f6he und die Gr\u00fcnde dazu mehr genauer untersucht wurden, war das Ergebnis \u00fcberraschend, in meisten F\u00e4llen aber nicht so positiv. Normalerweise ist die unflexible Produktion der Grund f\u00fcr die Gewinnverluste. [&hellip;]<\/p>\n","protected":false},"author":1,"featured_media":0,"parent":0,"menu_order":0,"comment_status":"closed","ping_status":"closed","template":"","meta":{"_uag_custom_page_level_css":"","site-sidebar-layout":"no-sidebar","site-content-layout":"page-builder","ast-site-content-layout":"default","site-content-style":"default","site-sidebar-style":"default","ast-global-header-display":"","ast-banner-title-visibility":"","ast-main-header-display":"","ast-hfb-above-header-display":"","ast-hfb-below-header-display":"","ast-hfb-mobile-header-display":"","site-post-title":"disabled","ast-breadcrumbs-content":"","ast-featured-img":"disabled","footer-sml-layout":"","ast-disable-related-posts":"","theme-transparent-header-meta":"enabled","adv-header-id-meta":"","stick-header-meta":"","header-above-stick-meta":"","header-main-stick-meta":"","header-below-stick-meta":"","astra-migrate-meta-layouts":"default","ast-page-background-enabled":"default","ast-page-background-meta":{"desktop":{"background-color":"var(--ast-global-color-4)","background-image":"","background-repeat":"repeat","background-position":"center center","background-size":"auto","background-attachment":"scroll","background-type":"","background-media":"","overlay-type":"","overlay-color":"","overlay-opacity":"","overlay-gradient":""},"tablet":{"background-color":"","background-image":"","background-repeat":"repeat","background-position":"center center","background-size":"auto","background-attachment":"scroll","background-type":"","background-media":"","overlay-type":"","overlay-color":"","overlay-opacity":"","overlay-gradient":""},"mobile":{"background-color":"","background-image":"","background-repeat":"repeat","background-position":"center center","background-size":"auto","background-attachment":"scroll","background-type":"","background-media":"","overlay-type":"","overlay-color":"","overlay-opacity":"","overlay-gradient":""}},"ast-content-background-meta":{"desktop":{"background-color":"var(--ast-global-color-5)","background-image":"","background-repeat":"repeat","background-position":"center center","background-size":"auto","background-attachment":"scroll","background-type":"","background-media":"","overlay-type":"","overlay-color":"","overlay-opacity":"","overlay-gradient":""},"tablet":{"background-color":"var(--ast-global-color-5)","background-image":"","background-repeat":"repeat","background-position":"center center","background-size":"auto","background-attachment":"scroll","background-type":"","background-media":"","overlay-type":"","overlay-color":"","overlay-opacity":"","overlay-gradient":""},"mobile":{"background-color":"var(--ast-global-color-5)","background-image":"","background-repeat":"repeat","background-position":"center center","background-size":"auto","background-attachment":"scroll","background-type":"","background-media":"","overlay-type":"","overlay-color":"","overlay-opacity":"","overlay-gradient":""}},"footnotes":""},"class_list":["post-1322","page","type-page","status-publish","hentry"],"uagb_featured_image_src":{"full":false,"thumbnail":false,"medium":false,"medium_large":false,"large":false,"1536x1536":false,"2048x2048":false},"uagb_author_info":{"display_name":"inxuser","author_link":"https:\/\/inx.fi\/inx-de\/blog\/author\/inxuser\/"},"uagb_comment_info":0,"uagb_excerpt":"Inx-Service \u2013 durch Schnittholzoptimierung h\u00f6here Ausbeute Wachsende B\u00e4ume haben einen bestimmten Wert, aber sofort wenn sie gef\u00e4llt werden, beginnt der Material- und Wertverlust. Wenn die Verlusth\u00f6he und die Gr\u00fcnde dazu mehr genauer untersucht wurden, war das Ergebnis \u00fcberraschend, in meisten F\u00e4llen aber nicht so positiv. Normalerweise ist die unflexible Produktion der Grund f\u00fcr die Gewinnverluste.&hellip;","_links":{"self":[{"href":"https:\/\/inx.fi\/inx-de\/wp-json\/wp\/v2\/pages\/1322","targetHints":{"allow":["GET"]}}],"collection":[{"href":"https:\/\/inx.fi\/inx-de\/wp-json\/wp\/v2\/pages"}],"about":[{"href":"https:\/\/inx.fi\/inx-de\/wp-json\/wp\/v2\/types\/page"}],"author":[{"embeddable":true,"href":"https:\/\/inx.fi\/inx-de\/wp-json\/wp\/v2\/users\/1"}],"replies":[{"embeddable":true,"href":"https:\/\/inx.fi\/inx-de\/wp-json\/wp\/v2\/comments?post=1322"}],"version-history":[{"count":35,"href":"https:\/\/inx.fi\/inx-de\/wp-json\/wp\/v2\/pages\/1322\/revisions"}],"predecessor-version":[{"id":2715,"href":"https:\/\/inx.fi\/inx-de\/wp-json\/wp\/v2\/pages\/1322\/revisions\/2715"}],"wp:attachment":[{"href":"https:\/\/inx.fi\/inx-de\/wp-json\/wp\/v2\/media?parent=1322"}],"curies":[{"name":"wp","href":"https:\/\/api.w.org\/{rel}","templated":true}]}}