{"id":1871,"date":"2023-03-06T12:34:40","date_gmt":"2023-03-06T10:34:40","guid":{"rendered":"https:\/\/192.168.0.156\/inx-de\/?page_id=1871"},"modified":"2023-07-26T09:59:21","modified_gmt":"2023-07-26T06:59:21","slug":"rundholzbearbeitung","status":"publish","type":"page","link":"https:\/\/inx.fi\/inx-de\/rundholzbearbeitung\/","title":{"rendered":"Rundholzbearbeitung"},"content":{"rendered":"\n<div style=\"height:100px\" aria-hidden=\"true\" class=\"wp-block-spacer\"><\/div>\n\n\n\n<div class=\"wp-block-uagb-container uagb-block-bd4dc145 alignfull uagb-is-root-container\"><div class=\"uagb-container-inner-blocks-wrap\">\n<div class=\"wp-block-uagb-container uagb-block-56b2a72a\">\n<div class=\"wp-block-uagb-container uagb-block-bb8f8087\"><\/div>\n\n\n\n<div class=\"wp-block-uagb-container uagb-block-39db3d4d\">\n<div class=\"wp-block-uagb-columns uagb-columns__wrap uagb-columns__background-none uagb-columns__stack-none uagb-columns__valign-center uagb-columns__gap-0 align uagb-block-d4dcd78d uagb-columns__columns-4 uagb-columns__max_width-custom\"><div class=\"uagb-columns__overlay\"><\/div><div class=\"uagb-columns__inner-wrap uagb-columns__columns-4\">\n<div class=\"wp-block-uagb-column uagb-column__wrap uagb-column__background-image uagb-block-d36913b6\"><div class=\"uagb-column__overlay\"><\/div>\n<div class=\"wp-block-uagb-buttons uagb-buttons__outer-wrap uagb-btn__medium-btn uagb-btn-tablet__default-btn uagb-btn-mobile__default-btn uagb-block-2e3732f3\"><div class=\"uagb-buttons__wrap uagb-buttons-layout-wrap\">\n<div class=\"wp-block-uagb-buttons-child uagb-buttons__outer-wrap uagb-block-3cd34dcf wp-block-button\"><div class=\"uagb-button__wrapper\"><a class=\"uagb-buttons-repeater wp-block-button__link\" href=\"\/tukkien-kasittely\/\" onclick=\"return true;\" rel=\"follow noopener\" target=\"_self\"><\/a><\/div><\/div>\n<\/div><\/div>\n<\/div>\n\n\n\n<div class=\"wp-block-uagb-column uagb-column__wrap uagb-column__background-image uagb-block-d266ea61\"><div class=\"uagb-column__overlay\"><\/div>\n<div class=\"wp-block-uagb-buttons uagb-buttons__outer-wrap uagb-btn__medium-btn uagb-btn-tablet__default-btn uagb-btn-mobile__default-btn uagb-block-c41e6860\"><div class=\"uagb-buttons__wrap uagb-buttons-layout-wrap\">\n<div class=\"wp-block-uagb-buttons-child uagb-buttons__outer-wrap uagb-block-d731af55 wp-block-button\"><div class=\"uagb-button__wrapper\"><a class=\"uagb-buttons-repeater wp-block-button__link\" href=\"\/inx-en\/log-handling\/\" onclick=\"return true;\" rel=\"follow noopener\" target=\"_self\"><\/a><\/div><\/div>\n<\/div><\/div>\n<\/div>\n\n\n\n<div class=\"wp-block-uagb-column uagb-column__wrap uagb-column__background-image uagb-block-e4637c97\"><div class=\"uagb-column__overlay\"><\/div>\n<div class=\"wp-block-uagb-buttons uagb-buttons__outer-wrap uagb-btn__medium-btn uagb-btn-tablet__default-btn uagb-btn-mobile__default-btn uagb-block-22060d99\"><div class=\"uagb-buttons__wrap uagb-buttons-layout-wrap\">\n<div class=\"wp-block-uagb-buttons-child uagb-buttons__outer-wrap uagb-block-a4e979f8 wp-block-button\"><div class=\"uagb-button__wrapper\"><a class=\"uagb-buttons-repeater wp-block-button__link\" href=\"\/inx-se\/timmerhantering\/\/\" onclick=\"return true;\" rel=\"follow noopener\" target=\"_self\"><\/a><\/div><\/div>\n<\/div><\/div>\n<\/div>\n\n\n\n<div class=\"wp-block-uagb-column uagb-column__wrap uagb-column__background-image uagb-block-f7d45f8d\"><div class=\"uagb-column__overlay\"><\/div>\n<div class=\"wp-block-uagb-buttons uagb-buttons__outer-wrap uagb-btn__medium-btn uagb-btn-tablet__default-btn uagb-btn-mobile__default-btn uagb-block-90e6dd64\"><div class=\"uagb-buttons__wrap uagb-buttons-layout-wrap\">\n<div class=\"wp-block-uagb-buttons-child uagb-buttons__outer-wrap uagb-block-3fa7f4f1 wp-block-button\"><div class=\"uagb-button__wrapper\"><a class=\"uagb-buttons-repeater wp-block-button__link\" href=\"\/inx-de\/rundholzbearbeitung\/\" onclick=\"return true;\" rel=\"follow noopener\" target=\"_self\"><\/a><\/div><\/div>\n<\/div><\/div>\n<\/div>\n<\/div><\/div>\n<\/div>\n<\/div>\n\n\n\n<div style=\"height:82px\" aria-hidden=\"true\" class=\"wp-block-spacer\"><\/div>\n\n\n\n<div class=\"wp-block-uagb-advanced-heading uagb-block-8e99ccdf\"><h2 class=\"uagb-heading-text\">Rundholzbearbeitung<\/h2><p class=\"uagb-desc-text\">Automatisierung der Rundholzbearbeitung                            <\/p><\/div>\n\n\n\n<div style=\"height:101px\" aria-hidden=\"true\" class=\"wp-block-spacer\"><\/div>\n<\/div><\/div>\n\n\n\n<div class=\"wp-block-uagb-container uagb-block-7499019a alignfull uagb-is-root-container\"><div class=\"uagb-container-inner-blocks-wrap\">\n<div class=\"wp-block-uagb-container uagb-block-f79f009b\">\n<div style=\"height:34px\" aria-hidden=\"true\" class=\"wp-block-spacer\"><\/div>\n\n\n\n<div class=\"wp-block-uagb-advanced-heading uagb-block-6ca9a905\"><h2 class=\"uagb-heading-text\">Automatisierung der Rundholzbearbeitung<\/h2><\/div>\n\n\n\n<p class=\"has-black-color has-text-color\">Die automatisierten Systeml\u00f6sungen von Inx-Service messen die Abmessungen und G\u00fcteklassen von Rundholz und zus\u00e4tzlich sorgen sie auch f\u00fcr die Rundholz\u00fcbernahmeprotokollierung im S\u00e4gewerk, falls erforderlich. Die Messgenauigkeit bei Sortierung kann dann verbessert werden, wenn das in der 3D-Messeinrichtung eingebautes Spezialmessger\u00e4t die echte Form des Rundholzes unter der Rinde misst.<\/p>\n<\/div>\n\n\n\n<div class=\"wp-block-uagb-container uagb-block-4234ea00\">\n<figure class=\"wp-block-image size-large\"><img decoding=\"async\" src=\"https:\/\/inx.fi\/inx-de\/wp-content\/uploads\/sites\/5\/2023\/07\/tukkilajittelu.jpeg\" alt=\"\"\/><\/figure>\n<\/div>\n<\/div><\/div>\n\n\n\n<div class=\"wp-block-uagb-container uagb-block-74940637 alignfull uagb-is-root-container\"><div class=\"uagb-container-inner-blocks-wrap\">\n<p>Die Messwerte von Rundholzprofilierung werden zur Steuerung von Stammdreh- und Stammwende-Vorrichtungen und zu stammholzspezifische S\u00e4geeinstellung verwendet.<\/p>\n\n\n\n<p>Das Rundholzsortierung- und S\u00e4gewerksmesssystem kann mit einem Lagerverwaltungsprogramm f\u00fcr Rundholz erweitert werden, das den Lagerstand genau Stamm f\u00fcr Stamm folgt. Rundholzsortierung erh\u00f6ht automatisch die Anzahl der St\u00e4mme in der spezifischen G\u00fcteklasse und Rundholzmessung am Eingang der S\u00e4gemaschine vermindert dann die Anzahl in der entsprechenden G\u00fcteklasse.<\/p>\n\n\n\n<p>Die Berichterstellung in den Systeml\u00f6sungen von Inx-Service basiert auf die hohen Messdatenmenge in der Datenbank. Dadurch ist es m\u00f6glich, vielseitige und umfangreiche Berichte \u00fcber die verschiedenen Produktionsprozesse zu erstellen.<\/p>\n\n\n\n<p>Bei Rundholzbearbeitung sowie auch im ganzen S\u00e4gewerk kann die Steuerung- und \u00dcberwachung der Maschinen und F\u00f6rdersysteme mit Hilfe vom SoftPLC Logiksteuerungssystem anstatt des herk\u00f6mmlichen Logikkontrollsystems implementiert werden. Dann werden die Mess- und Optimisierungssysteme sehr leicht mit dem ganzen Steuerungssystem des S\u00e4gewerks integriert.<\/p>\n\n\n\n<p>Die Mess- und Steuerungssysteml\u00f6sungen von Inx-Service k\u00f6nnen auch mit dem im S\u00e4gewerk installierten Logikkontrollsystem (z.B. Siemens, Omron oder Mitsubishi) via Ethernet mit TCP\/IP-Protocol integriert werden. Dann sorgt das neue System f\u00fcr alle Messungen, Kalkulation und die optimale Boxenausnutzung, indem das installierte Logikkontrollsystem F\u00f6rder- und Transportsysteme und die anderen dazu geh\u00f6renden Einrichtungen steuert und \u00fcberwacht.<\/p>\n\n\n\n<figure class=\"wp-block-image size-large\"><img decoding=\"async\" src=\"https:\/\/inx.fi\/inx-de\/wp-content\/uploads\/sites\/5\/2023\/07\/optilog.jpeg\" alt=\"\"\/><\/figure>\n<\/div><\/div>\n\n\n\n<div class=\"wp-block-uagb-container uagb-block-465979d4 alignfull uagb-is-root-container\"><div class=\"uagb-container-inner-blocks-wrap\">\n<div class=\"wp-block-uagb-advanced-heading uagb-block-47212ae9\"><h2 class=\"uagb-heading-text\">Produktl\u00f6sungen f\u00fcr Rundholzmessungen<\/h2><\/div>\n\n\n\n<div class=\"wp-block-uagb-buttons uagb-buttons__outer-wrap uagb-btn__small-btn uagb-btn-tablet__default-btn uagb-btn-mobile__default-btn uagb-block-b54b2dcd\"><div class=\"uagb-buttons__wrap uagb-buttons-layout-wrap\">\n<div class=\"wp-block-uagb-buttons-child uagb-buttons__outer-wrap uagb-block-130f8a64 wp-block-button\"><div class=\"uagb-button__wrapper\"><a class=\"uagb-buttons-repeater wp-block-button__link\" href=\"\/inx-de\/scanlog-3d\/\" onclick=\"return true;\" rel=\"follow noopener\" target=\"_self\"><div class=\"uagb-button__link\">ScanLog 3D Messger\u00e4t f\u00fcr Rundholzprofilierung<\/div><\/a><\/div><\/div>\n\n\n\n<div class=\"wp-block-uagb-buttons-child uagb-buttons__outer-wrap uagb-block-76dc3690 wp-block-button\"><div class=\"uagb-button__wrapper\"><a class=\"uagb-buttons-repeater wp-block-button__link\" href=\"\/inx-de\/scanlog-2d\/\" onclick=\"return true;\" rel=\"follow noopener\" target=\"_self\"><div class=\"uagb-button__link\">ScanLog 2D Scanner f\u00fcr Rundholz<\/div><\/a><\/div><\/div>\n\n\n\n<div class=\"wp-block-uagb-buttons-child uagb-buttons__outer-wrap uagb-block-cfa6fd8d wp-block-button\"><div class=\"uagb-button__wrapper\"><a class=\"uagb-buttons-repeater wp-block-button__link\" href=\"\/inx-de\/scanlog-1d\/\" onclick=\"return true;\" rel=\"follow noopener\" target=\"_self\"><div class=\"uagb-button__link\">ScanLog 1D Scanner f\u00fcr Rundholz<\/div><\/a><\/div><\/div>\n\n\n\n<div class=\"wp-block-uagb-buttons-child uagb-buttons__outer-wrap uagb-block-2a3ca960 wp-block-button\"><div class=\"uagb-button__wrapper\"><a class=\"uagb-buttons-repeater wp-block-button__link\" href=\"\/inx-de\/scanlog-1x\/\" onclick=\"return true;\" rel=\"follow noopener\" target=\"_self\"><div class=\"uagb-button__link\">ScanLog 1X R\u00f6ntgen Scanner f\u00fcr Rundholz<\/div><\/a><\/div><\/div>\n\n\n\n<div class=\"wp-block-uagb-buttons-child uagb-buttons__outer-wrap uagb-block-0188995b wp-block-button\"><div class=\"uagb-button__wrapper\"><a class=\"uagb-buttons-repeater wp-block-button__link\" href=\"\/inx-de\/softplc-log\/\" onclick=\"return true;\" rel=\"follow noopener\" target=\"_self\"><div class=\"uagb-button__link\">SoftPLC Steuerungslogik<\/div><\/a><\/div><\/div>\n<\/div><\/div>\n<\/div><\/div>\n\n\n\n<div style=\"height:30px\" aria-hidden=\"true\" class=\"wp-block-spacer\"><\/div>\n","protected":false},"excerpt":{"rendered":"<p>Rundholzbearbeitung Automatisierung der Rundholzbearbeitung Automatisierung der Rundholzbearbeitung Die automatisierten Systeml\u00f6sungen von Inx-Service messen die Abmessungen und G\u00fcteklassen von Rundholz und zus\u00e4tzlich sorgen sie auch f\u00fcr die Rundholz\u00fcbernahmeprotokollierung im S\u00e4gewerk, falls erforderlich. Die Messgenauigkeit bei Sortierung kann dann verbessert werden, wenn das in der 3D-Messeinrichtung eingebautes Spezialmessger\u00e4t die echte Form des Rundholzes unter der Rinde misst. [&hellip;]<\/p>\n","protected":false},"author":1,"featured_media":0,"parent":0,"menu_order":0,"comment_status":"closed","ping_status":"closed","template":"","meta":{"_uag_custom_page_level_css":"","site-sidebar-layout":"default","site-content-layout":"","ast-site-content-layout":"default","site-content-style":"default","site-sidebar-style":"default","ast-global-header-display":"","ast-banner-title-visibility":"","ast-main-header-display":"","ast-hfb-above-header-display":"","ast-hfb-below-header-display":"","ast-hfb-mobile-header-display":"","site-post-title":"disabled","ast-breadcrumbs-content":"","ast-featured-img":"","footer-sml-layout":"","ast-disable-related-posts":"","theme-transparent-header-meta":"","adv-header-id-meta":"","stick-header-meta":"","header-above-stick-meta":"","header-main-stick-meta":"","header-below-stick-meta":"","astra-migrate-meta-layouts":"default","ast-page-background-enabled":"default","ast-page-background-meta":{"desktop":{"background-color":"var(--ast-global-color-4)","background-image":"","background-repeat":"repeat","background-position":"center center","background-size":"auto","background-attachment":"scroll","background-type":"","background-media":"","overlay-type":"","overlay-color":"","overlay-opacity":"","overlay-gradient":""},"tablet":{"background-color":"","background-image":"","background-repeat":"repeat","background-position":"center center","background-size":"auto","background-attachment":"scroll","background-type":"","background-media":"","overlay-type":"","overlay-color":"","overlay-opacity":"","overlay-gradient":""},"mobile":{"background-color":"","background-image":"","background-repeat":"repeat","background-position":"center center","background-size":"auto","background-attachment":"scroll","background-type":"","background-media":"","overlay-type":"","overlay-color":"","overlay-opacity":"","overlay-gradient":""}},"ast-content-background-meta":{"desktop":{"background-color":"var(--ast-global-color-5)","background-image":"","background-repeat":"repeat","background-position":"center center","background-size":"auto","background-attachment":"scroll","background-type":"","background-media":"","overlay-type":"","overlay-color":"","overlay-opacity":"","overlay-gradient":""},"tablet":{"background-color":"var(--ast-global-color-5)","background-image":"","background-repeat":"repeat","background-position":"center center","background-size":"auto","background-attachment":"scroll","background-type":"","background-media":"","overlay-type":"","overlay-color":"","overlay-opacity":"","overlay-gradient":""},"mobile":{"background-color":"var(--ast-global-color-5)","background-image":"","background-repeat":"repeat","background-position":"center center","background-size":"auto","background-attachment":"scroll","background-type":"","background-media":"","overlay-type":"","overlay-color":"","overlay-opacity":"","overlay-gradient":""}},"footnotes":""},"class_list":["post-1871","page","type-page","status-publish","hentry"],"uagb_featured_image_src":{"full":false,"thumbnail":false,"medium":false,"medium_large":false,"large":false,"1536x1536":false,"2048x2048":false},"uagb_author_info":{"display_name":"inxuser","author_link":"https:\/\/inx.fi\/inx-de\/blog\/author\/inxuser\/"},"uagb_comment_info":0,"uagb_excerpt":"Rundholzbearbeitung Automatisierung der Rundholzbearbeitung Automatisierung der Rundholzbearbeitung Die automatisierten Systeml\u00f6sungen von Inx-Service messen die Abmessungen und G\u00fcteklassen von Rundholz und zus\u00e4tzlich sorgen sie auch f\u00fcr die Rundholz\u00fcbernahmeprotokollierung im S\u00e4gewerk, falls erforderlich. Die Messgenauigkeit bei Sortierung kann dann verbessert werden, wenn das in der 3D-Messeinrichtung eingebautes Spezialmessger\u00e4t die echte Form des Rundholzes unter der Rinde misst.&hellip;","_links":{"self":[{"href":"https:\/\/inx.fi\/inx-de\/wp-json\/wp\/v2\/pages\/1871","targetHints":{"allow":["GET"]}}],"collection":[{"href":"https:\/\/inx.fi\/inx-de\/wp-json\/wp\/v2\/pages"}],"about":[{"href":"https:\/\/inx.fi\/inx-de\/wp-json\/wp\/v2\/types\/page"}],"author":[{"embeddable":true,"href":"https:\/\/inx.fi\/inx-de\/wp-json\/wp\/v2\/users\/1"}],"replies":[{"embeddable":true,"href":"https:\/\/inx.fi\/inx-de\/wp-json\/wp\/v2\/comments?post=1871"}],"version-history":[{"count":33,"href":"https:\/\/inx.fi\/inx-de\/wp-json\/wp\/v2\/pages\/1871\/revisions"}],"predecessor-version":[{"id":2721,"href":"https:\/\/inx.fi\/inx-de\/wp-json\/wp\/v2\/pages\/1871\/revisions\/2721"}],"wp:attachment":[{"href":"https:\/\/inx.fi\/inx-de\/wp-json\/wp\/v2\/media?parent=1871"}],"curies":[{"name":"wp","href":"https:\/\/api.w.org\/{rel}","templated":true}]}}