{"id":2016,"date":"2023-03-08T08:58:17","date_gmt":"2023-03-08T06:58:17","guid":{"rendered":"https:\/\/192.168.0.156\/inx-de\/?page_id=2016"},"modified":"2023-07-27T09:02:20","modified_gmt":"2023-07-27T06:02:20","slug":"scanlog-1x","status":"publish","type":"page","link":"https:\/\/inx.fi\/inx-de\/scanlog-1x\/","title":{"rendered":"Scanlog 1X"},"content":{"rendered":"\n<div style=\"height:100px\" aria-hidden=\"true\" class=\"wp-block-spacer\"><\/div>\n\n\n\n<div class=\"wp-block-uagb-container uagb-block-6a3ebb93 alignfull uagb-is-root-container\"><div class=\"uagb-container-inner-blocks-wrap\">\n<div class=\"wp-block-uagb-container uagb-block-7ca56f10\">\n<div class=\"wp-block-uagb-container uagb-block-5058228a\"><\/div>\n\n\n\n<div class=\"wp-block-uagb-container uagb-block-c61b96f7\">\n<div class=\"wp-block-uagb-columns uagb-columns__wrap uagb-columns__background-none uagb-columns__stack-none uagb-columns__valign-center uagb-columns__gap-0 align uagb-block-6c847682 uagb-columns__columns-4 uagb-columns__max_width-custom\"><div class=\"uagb-columns__overlay\"><\/div><div class=\"uagb-columns__inner-wrap uagb-columns__columns-4\">\n<div class=\"wp-block-uagb-column uagb-column__wrap uagb-column__background-image uagb-block-855c9046\"><div class=\"uagb-column__overlay\"><\/div>\n<div class=\"wp-block-uagb-buttons uagb-buttons__outer-wrap uagb-btn__medium-btn uagb-btn-tablet__default-btn uagb-btn-mobile__default-btn uagb-block-189ce2f4\"><div class=\"uagb-buttons__wrap uagb-buttons-layout-wrap\">\n<div class=\"wp-block-uagb-buttons-child uagb-buttons__outer-wrap uagb-block-4341f345 wp-block-button\"><div class=\"uagb-button__wrapper\"><a class=\"uagb-buttons-repeater wp-block-button__link\" href=\"\/scanlog-1x\/\" onclick=\"return true;\" rel=\"follow noopener\" target=\"_self\"><\/a><\/div><\/div>\n<\/div><\/div>\n<\/div>\n\n\n\n<div class=\"wp-block-uagb-column uagb-column__wrap uagb-column__background-image uagb-block-9a253665\"><div class=\"uagb-column__overlay\"><\/div>\n<div class=\"wp-block-uagb-buttons uagb-buttons__outer-wrap uagb-btn__medium-btn uagb-btn-tablet__default-btn uagb-btn-mobile__default-btn uagb-block-94a23f0a\"><div class=\"uagb-buttons__wrap uagb-buttons-layout-wrap\">\n<div class=\"wp-block-uagb-buttons-child uagb-buttons__outer-wrap uagb-block-b6baeb05 wp-block-button\"><div class=\"uagb-button__wrapper\"><a class=\"uagb-buttons-repeater wp-block-button__link\" href=\"\/inx-en\/scanlog-1x\/\" onclick=\"return true;\" rel=\"follow noopener\" target=\"_self\"><\/a><\/div><\/div>\n<\/div><\/div>\n<\/div>\n\n\n\n<div class=\"wp-block-uagb-column uagb-column__wrap uagb-column__background-image uagb-block-597553cf\"><div class=\"uagb-column__overlay\"><\/div>\n<div class=\"wp-block-uagb-buttons uagb-buttons__outer-wrap uagb-btn__medium-btn uagb-btn-tablet__default-btn uagb-btn-mobile__default-btn uagb-block-57db1fa9\"><div class=\"uagb-buttons__wrap uagb-buttons-layout-wrap\">\n<div class=\"wp-block-uagb-buttons-child uagb-buttons__outer-wrap uagb-block-8ff720f0 wp-block-button\"><div class=\"uagb-button__wrapper\"><a class=\"uagb-buttons-repeater wp-block-button__link\" href=\"\/inx-se\/scanlog-1x\/\" onclick=\"return true;\" rel=\"follow noopener\" target=\"_self\"><\/a><\/div><\/div>\n<\/div><\/div>\n<\/div>\n\n\n\n<div class=\"wp-block-uagb-column uagb-column__wrap uagb-column__background-image uagb-block-1064efce\"><div class=\"uagb-column__overlay\"><\/div>\n<div class=\"wp-block-uagb-buttons uagb-buttons__outer-wrap uagb-btn__medium-btn uagb-btn-tablet__default-btn uagb-btn-mobile__default-btn uagb-block-7a3785e2\"><div class=\"uagb-buttons__wrap uagb-buttons-layout-wrap\">\n<div class=\"wp-block-uagb-buttons-child uagb-buttons__outer-wrap uagb-block-df4f3827 wp-block-button\"><div class=\"uagb-button__wrapper\"><a class=\"uagb-buttons-repeater wp-block-button__link\" href=\"\/inx-de\/scanlog-1x\/\" onclick=\"return true;\" rel=\"follow noopener\" target=\"_self\"><\/a><\/div><\/div>\n<\/div><\/div>\n<\/div>\n<\/div><\/div>\n<\/div>\n<\/div>\n\n\n\n<div style=\"height:82px\" aria-hidden=\"true\" class=\"wp-block-spacer\"><\/div>\n\n\n\n<div class=\"wp-block-uagb-advanced-heading uagb-block-ba904e01\"><h2 class=\"uagb-heading-text\">ScanLog 1X                     <\/h2><p class=\"uagb-desc-text\">R\u00f6ntgen Scanner f\u00fcr Rundholz                  <\/p><\/div>\n\n\n\n<div style=\"height:101px\" aria-hidden=\"true\" class=\"wp-block-spacer\"><\/div>\n<\/div><\/div>\n\n\n\n<div class=\"wp-block-uagb-container uagb-block-f35ca6bd alignfull uagb-is-root-container\"><div class=\"uagb-container-inner-blocks-wrap\">\n<div class=\"wp-block-uagb-container uagb-block-7e0b35f6\">\n<div class=\"wp-block-uagb-advanced-heading uagb-block-aa2ffd88\"><h2 class=\"uagb-heading-text\">ScanLog 1X R\u00f6ntgen Messeinrichtung f\u00fcr Rundholz<\/h2><\/div>\n\n\n\n<p>ScanLog 1X R\u00f6ntgen-Messeinrichtung wird zur automatischen Akzeptanzpr\u00fcfung und G\u00fcteklassesortierung von Rundholz verwendet.<\/p>\n\n\n\n<p>ScanLog 1X R\u00f6ntgen Scanner entdeckt unter anderem Kernholzdicke, Abstand zwischen Astsammlungen, Dicke der Jahresringe und einige G\u00fcteklassefaktoren bez\u00fcglich \u00c4ste. Faule Punkte und Fremdk\u00f6rper wie z.B. Metallteile und Steine werden auch entdeckt. Normalerweise wird ScanLog 1X Scanner zusammen mit ScanLog 3D-Messeinrichtung verwendet, um die exakte Form von Rundholz zu definieren, weil die Messzeit von ScanLog 1X sehr viel von den Rundholzma\u03b2en abh\u00e4ngt.<\/p>\n\n\n\n<p>ScanLog 1X Scanner macht aus einer Richtung insgesamt 800 Vermessungen pro Sekunde im Bereich bis zu 650 mm. Die Messgenauigkeit betr\u00e4gt 0,8 mm. Generell ergibt ein 1D-R\u00f6ntgen Scanner eine ausreichend zuverl\u00e4ssige und pr\u00e4zise Abbildung \u00fcber die Rundholzg\u00fcteklassefaktoren, aber falls erforderlich, es ist auch m\u00f6glich, die ScanLog 1X R\u00f6ntgen-Messger\u00e4t mit einer zus\u00e4tzlichen Messeinrichtung zu erg\u00e4nzen.<\/p>\n\n\n\n<p>ScanLog 1X Scanner wird in der N\u00e4he der F\u00f6rderbahn nach dem ScanLog 3D-Messger\u00e4t installiert. Die Gesamtelektronik und Stromversorgung von ScanLog 1X sind in einem Geh\u00e4use untergebracht, das die schnelle Installation und Inbetriebnahme erm\u00f6glicht.<br><br><\/p>\n<\/div>\n<\/div><\/div>\n\n\n\n<div class=\"wp-block-uagb-container uagb-block-8e5775b4 alignfull uagb-is-root-container\"><div class=\"uagb-container-inner-blocks-wrap\">\n<div class=\"wp-block-uagb-container uagb-block-3a1dcfd4\">\n<div class=\"wp-block-uagb-advanced-heading uagb-block-01164aa6\"><h2 class=\"uagb-heading-text\">Produktl\u00f6sungen f\u00fcr Rundholzmessungen<\/h2><\/div>\n\n\n\n<div class=\"wp-block-uagb-buttons uagb-buttons__outer-wrap uagb-btn__small-btn uagb-btn-tablet__default-btn uagb-btn-mobile__default-btn uagb-block-8cc97760\"><div class=\"uagb-buttons__wrap uagb-buttons-layout-wrap\">\n<div class=\"wp-block-uagb-buttons-child uagb-buttons__outer-wrap uagb-block-95011080 wp-block-button\"><div class=\"uagb-button__wrapper\"><a class=\"uagb-buttons-repeater wp-block-button__link\" href=\"\/inx-de\/scanlog-3d\/\" onclick=\"return true;\" rel=\"follow noopener\" target=\"_self\"><div class=\"uagb-button__link\">ScanLog 3D Messger\u00e4t f\u00fcr Rundholzprofilierung<\/div><\/a><\/div><\/div>\n\n\n\n<div class=\"wp-block-uagb-buttons-child uagb-buttons__outer-wrap uagb-block-f69435fb wp-block-button\"><div class=\"uagb-button__wrapper\"><a class=\"uagb-buttons-repeater wp-block-button__link\" href=\"\/inx-de\/scanlog-2d\/\" onclick=\"return true;\" rel=\"follow noopener\" target=\"_self\"><div class=\"uagb-button__link\">ScanLog 2D Scanner f\u00fcr Rundholz<\/div><\/a><\/div><\/div>\n\n\n\n<div class=\"wp-block-uagb-buttons-child uagb-buttons__outer-wrap uagb-block-26d79413 wp-block-button\"><div class=\"uagb-button__wrapper\"><a class=\"uagb-buttons-repeater wp-block-button__link\" href=\"\/inx-de\/scanlog-1d\/\" onclick=\"return true;\" rel=\"follow noopener\" target=\"_self\"><div class=\"uagb-button__link\">ScanLog 1D Scanner f\u00fcr Rundholz<\/div><\/a><\/div><\/div>\n\n\n\n<div class=\"wp-block-uagb-buttons-child uagb-buttons__outer-wrap uagb-block-4bb32ee1 wp-block-button\"><div class=\"uagb-button__wrapper\"><a class=\"uagb-buttons-repeater wp-block-button__link\" href=\"\/inx-de\/scanlog-1x\/\" onclick=\"return true;\" rel=\"follow noopener\" target=\"_self\"><div class=\"uagb-button__link\">ScanLog 1X R\u00f6ntgen Scanner f\u00fcr Rundholz<\/div><\/a><\/div><\/div>\n\n\n\n<div class=\"wp-block-uagb-buttons-child uagb-buttons__outer-wrap uagb-block-dbb136b3 wp-block-button\"><div class=\"uagb-button__wrapper\"><a class=\"uagb-buttons-repeater wp-block-button__link\" href=\"\/inx-de\/softplc-log\/\" onclick=\"return true;\" rel=\"follow noopener\" target=\"_self\"><div class=\"uagb-button__link\">SoftPLC Steuerungslogik<\/div><\/a><\/div><\/div>\n<\/div><\/div>\n<\/div>\n<\/div><\/div>\n\n\n\n<div style=\"height:30px\" aria-hidden=\"true\" class=\"wp-block-spacer\"><\/div>\n","protected":false},"excerpt":{"rendered":"<p>ScanLog 1X R\u00f6ntgen Scanner f\u00fcr Rundholz ScanLog 1X R\u00f6ntgen Messeinrichtung f\u00fcr Rundholz ScanLog 1X R\u00f6ntgen-Messeinrichtung wird zur automatischen Akzeptanzpr\u00fcfung und G\u00fcteklassesortierung von Rundholz verwendet. ScanLog 1X R\u00f6ntgen Scanner entdeckt unter anderem Kernholzdicke, Abstand zwischen Astsammlungen, Dicke der Jahresringe und einige G\u00fcteklassefaktoren bez\u00fcglich \u00c4ste. Faule Punkte und Fremdk\u00f6rper wie z.B. Metallteile und Steine werden auch entdeckt. [&hellip;]<\/p>\n","protected":false},"author":1,"featured_media":0,"parent":0,"menu_order":0,"comment_status":"closed","ping_status":"closed","template":"","meta":{"_uag_custom_page_level_css":"","site-sidebar-layout":"default","site-content-layout":"","ast-site-content-layout":"default","site-content-style":"default","site-sidebar-style":"default","ast-global-header-display":"","ast-banner-title-visibility":"","ast-main-header-display":"","ast-hfb-above-header-display":"","ast-hfb-below-header-display":"","ast-hfb-mobile-header-display":"","site-post-title":"disabled","ast-breadcrumbs-content":"","ast-featured-img":"","footer-sml-layout":"","ast-disable-related-posts":"","theme-transparent-header-meta":"","adv-header-id-meta":"","stick-header-meta":"","header-above-stick-meta":"","header-main-stick-meta":"","header-below-stick-meta":"","astra-migrate-meta-layouts":"default","ast-page-background-enabled":"default","ast-page-background-meta":{"desktop":{"background-color":"var(--ast-global-color-4)","background-image":"","background-repeat":"repeat","background-position":"center center","background-size":"auto","background-attachment":"scroll","background-type":"","background-media":"","overlay-type":"","overlay-color":"","overlay-opacity":"","overlay-gradient":""},"tablet":{"background-color":"","background-image":"","background-repeat":"repeat","background-position":"center center","background-size":"auto","background-attachment":"scroll","background-type":"","background-media":"","overlay-type":"","overlay-color":"","overlay-opacity":"","overlay-gradient":""},"mobile":{"background-color":"","background-image":"","background-repeat":"repeat","background-position":"center center","background-size":"auto","background-attachment":"scroll","background-type":"","background-media":"","overlay-type":"","overlay-color":"","overlay-opacity":"","overlay-gradient":""}},"ast-content-background-meta":{"desktop":{"background-color":"var(--ast-global-color-5)","background-image":"","background-repeat":"repeat","background-position":"center center","background-size":"auto","background-attachment":"scroll","background-type":"","background-media":"","overlay-type":"","overlay-color":"","overlay-opacity":"","overlay-gradient":""},"tablet":{"background-color":"var(--ast-global-color-5)","background-image":"","background-repeat":"repeat","background-position":"center center","background-size":"auto","background-attachment":"scroll","background-type":"","background-media":"","overlay-type":"","overlay-color":"","overlay-opacity":"","overlay-gradient":""},"mobile":{"background-color":"var(--ast-global-color-5)","background-image":"","background-repeat":"repeat","background-position":"center center","background-size":"auto","background-attachment":"scroll","background-type":"","background-media":"","overlay-type":"","overlay-color":"","overlay-opacity":"","overlay-gradient":""}},"footnotes":""},"class_list":["post-2016","page","type-page","status-publish","hentry"],"uagb_featured_image_src":{"full":false,"thumbnail":false,"medium":false,"medium_large":false,"large":false,"1536x1536":false,"2048x2048":false},"uagb_author_info":{"display_name":"inxuser","author_link":"https:\/\/inx.fi\/inx-de\/blog\/author\/inxuser\/"},"uagb_comment_info":0,"uagb_excerpt":"ScanLog 1X R\u00f6ntgen Scanner f\u00fcr Rundholz ScanLog 1X R\u00f6ntgen Messeinrichtung f\u00fcr Rundholz ScanLog 1X R\u00f6ntgen-Messeinrichtung wird zur automatischen Akzeptanzpr\u00fcfung und G\u00fcteklassesortierung von Rundholz verwendet. ScanLog 1X R\u00f6ntgen Scanner entdeckt unter anderem Kernholzdicke, Abstand zwischen Astsammlungen, Dicke der Jahresringe und einige G\u00fcteklassefaktoren bez\u00fcglich \u00c4ste. Faule Punkte und Fremdk\u00f6rper wie z.B. Metallteile und Steine werden auch entdeckt.&hellip;","_links":{"self":[{"href":"https:\/\/inx.fi\/inx-de\/wp-json\/wp\/v2\/pages\/2016","targetHints":{"allow":["GET"]}}],"collection":[{"href":"https:\/\/inx.fi\/inx-de\/wp-json\/wp\/v2\/pages"}],"about":[{"href":"https:\/\/inx.fi\/inx-de\/wp-json\/wp\/v2\/types\/page"}],"author":[{"embeddable":true,"href":"https:\/\/inx.fi\/inx-de\/wp-json\/wp\/v2\/users\/1"}],"replies":[{"embeddable":true,"href":"https:\/\/inx.fi\/inx-de\/wp-json\/wp\/v2\/comments?post=2016"}],"version-history":[{"count":12,"href":"https:\/\/inx.fi\/inx-de\/wp-json\/wp\/v2\/pages\/2016\/revisions"}],"predecessor-version":[{"id":2785,"href":"https:\/\/inx.fi\/inx-de\/wp-json\/wp\/v2\/pages\/2016\/revisions\/2785"}],"wp:attachment":[{"href":"https:\/\/inx.fi\/inx-de\/wp-json\/wp\/v2\/media?parent=2016"}],"curies":[{"name":"wp","href":"https:\/\/api.w.org\/{rel}","templated":true}]}}