{"id":2034,"date":"2023-03-08T09:25:53","date_gmt":"2023-03-08T07:25:53","guid":{"rendered":"https:\/\/192.168.0.156\/inx-de\/?page_id=2034"},"modified":"2023-07-27T09:03:43","modified_gmt":"2023-07-27T06:03:43","slug":"softplc-log","status":"publish","type":"page","link":"https:\/\/inx.fi\/inx-de\/softplc-log\/","title":{"rendered":"SoftPLC log"},"content":{"rendered":"\n<div style=\"height:100px\" aria-hidden=\"true\" class=\"wp-block-spacer\"><\/div>\n\n\n\n<div class=\"wp-block-uagb-container uagb-block-9feab7ca alignfull uagb-is-root-container\"><div class=\"uagb-container-inner-blocks-wrap\">\n<div class=\"wp-block-uagb-container uagb-block-938466cc\">\n<div class=\"wp-block-uagb-container uagb-block-226e18b8\"><\/div>\n\n\n\n<div class=\"wp-block-uagb-container uagb-block-0a276c1c\">\n<div class=\"wp-block-uagb-columns uagb-columns__wrap uagb-columns__background-none uagb-columns__stack-none uagb-columns__valign-center uagb-columns__gap-0 align uagb-block-785dd636 uagb-columns__columns-4 uagb-columns__max_width-custom\"><div class=\"uagb-columns__overlay\"><\/div><div class=\"uagb-columns__inner-wrap uagb-columns__columns-4\">\n<div class=\"wp-block-uagb-column uagb-column__wrap uagb-column__background-image uagb-block-d00de124\"><div class=\"uagb-column__overlay\"><\/div>\n<div class=\"wp-block-uagb-buttons uagb-buttons__outer-wrap uagb-btn__medium-btn uagb-btn-tablet__default-btn uagb-btn-mobile__default-btn uagb-block-d9b4a302\"><div class=\"uagb-buttons__wrap uagb-buttons-layout-wrap\">\n<div class=\"wp-block-uagb-buttons-child uagb-buttons__outer-wrap uagb-block-789b5524 wp-block-button\"><div class=\"uagb-button__wrapper\"><a class=\"uagb-buttons-repeater wp-block-button__link\" href=\"\/softplc-tukki\/\" onclick=\"return true;\" rel=\"follow noopener\" target=\"_self\"><\/a><\/div><\/div>\n<\/div><\/div>\n<\/div>\n\n\n\n<div class=\"wp-block-uagb-column uagb-column__wrap uagb-column__background-image uagb-block-9179511e\"><div class=\"uagb-column__overlay\"><\/div>\n<div class=\"wp-block-uagb-buttons uagb-buttons__outer-wrap uagb-btn__medium-btn uagb-btn-tablet__default-btn uagb-btn-mobile__default-btn uagb-block-4deb1b9e\"><div class=\"uagb-buttons__wrap uagb-buttons-layout-wrap\">\n<div class=\"wp-block-uagb-buttons-child uagb-buttons__outer-wrap uagb-block-1a7fe2a5 wp-block-button\"><div class=\"uagb-button__wrapper\"><a class=\"uagb-buttons-repeater wp-block-button__link\" href=\"\/inx-en\/softplc-log\/\" onclick=\"return true;\" rel=\"follow noopener\" target=\"_self\"><\/a><\/div><\/div>\n<\/div><\/div>\n<\/div>\n\n\n\n<div class=\"wp-block-uagb-column uagb-column__wrap uagb-column__background-image uagb-block-c606ef4e\"><div class=\"uagb-column__overlay\"><\/div>\n<div class=\"wp-block-uagb-buttons uagb-buttons__outer-wrap uagb-btn__medium-btn uagb-btn-tablet__default-btn uagb-btn-mobile__default-btn uagb-block-3dd04640\"><div class=\"uagb-buttons__wrap uagb-buttons-layout-wrap\">\n<div class=\"wp-block-uagb-buttons-child uagb-buttons__outer-wrap uagb-block-c2dd69af wp-block-button\"><div class=\"uagb-button__wrapper\"><a class=\"uagb-buttons-repeater wp-block-button__link\" href=\"\/inx-se\/softplc-log\/\" onclick=\"return true;\" rel=\"follow noopener\" target=\"_self\"><\/a><\/div><\/div>\n<\/div><\/div>\n<\/div>\n\n\n\n<div class=\"wp-block-uagb-column uagb-column__wrap uagb-column__background-image uagb-block-5a6115c4\"><div class=\"uagb-column__overlay\"><\/div>\n<div class=\"wp-block-uagb-buttons uagb-buttons__outer-wrap uagb-btn__medium-btn uagb-btn-tablet__default-btn uagb-btn-mobile__default-btn uagb-block-ce4079dc\"><div class=\"uagb-buttons__wrap uagb-buttons-layout-wrap\">\n<div class=\"wp-block-uagb-buttons-child uagb-buttons__outer-wrap uagb-block-a78fa591 wp-block-button\"><div class=\"uagb-button__wrapper\"><a class=\"uagb-buttons-repeater wp-block-button__link\" href=\"\/inx-de\/softplc-log\/\" onclick=\"return true;\" rel=\"follow noopener\" target=\"_self\"><\/a><\/div><\/div>\n<\/div><\/div>\n<\/div>\n<\/div><\/div>\n<\/div>\n<\/div>\n\n\n\n<div style=\"height:82px\" aria-hidden=\"true\" class=\"wp-block-spacer\"><\/div>\n\n\n\n<div class=\"wp-block-uagb-advanced-heading uagb-block-c36f2f67\"><h2 class=\"uagb-heading-text\">SoftPLC                    <\/h2><p class=\"uagb-desc-text\">Steuerungslogik                    <\/p><\/div>\n\n\n\n<div style=\"height:101px\" aria-hidden=\"true\" class=\"wp-block-spacer\"><\/div>\n<\/div><\/div>\n\n\n\n<div class=\"wp-block-uagb-container uagb-block-71253297 alignfull uagb-is-root-container\"><div class=\"uagb-container-inner-blocks-wrap\">\n<div class=\"wp-block-uagb-container uagb-block-aba2b082\">\n<div style=\"height:34px\" aria-hidden=\"true\" class=\"wp-block-spacer\"><\/div>\n\n\n\n<div class=\"wp-block-uagb-advanced-heading uagb-block-fde70c7d\"><h2 class=\"uagb-heading-text\">SoftPLC Logiksteuerung f\u00fcr das ganze S\u00e4gewerk<\/h2><\/div>\n\n\n\n<p>Inx-Service bietet intelligente Messeinrichtungen und Optimierungsl\u00f6sungen f\u00fcr Anwendungsbereiche von Rundholzplatz bis zu Hobelwerk. Die n\u00f6tige Steuerungslogik kann durch den Einsatz von der integrierten SoftPLC-Applikation von Inx-Service implementiert.<\/p>\n\n\n\n<p>Die Steuerungslogik und Messeinrichtungen sind nahtlos mit dem EDV-System des S\u00e4gewerks verbunden, weil beide Software-Applikationen in demselben Rechner laufen. Beide Applikationen sind mit demselben EtherCat-Bus verbunden und benutzen dasselbe IO-System. Dies gew\u00e4hrleistet flie\u00dfende Kommunikation zwischen dem Logiksteuerungssystem und den Messeinrichtungen.<br><br><\/p>\n<\/div>\n\n\n\n<div class=\"wp-block-uagb-container uagb-block-fa2d97a9\">\n<figure class=\"wp-block-image size-large\"><img decoding=\"async\" src=\"https:\/\/inx.fi\/inx-de\/wp-content\/uploads\/sites\/5\/2023\/07\/PLCohjaus.jpeg\" alt=\"\"\/><\/figure>\n<\/div>\n<\/div><\/div>\n\n\n\n<div class=\"wp-block-uagb-container uagb-block-73ea33bb alignfull uagb-is-root-container\"><div class=\"uagb-container-inner-blocks-wrap\">\n<div class=\"wp-block-uagb-advanced-heading uagb-block-20e29ce5\"><h2 class=\"uagb-heading-text\">Einfache und freundliche Bediener-Oberfl\u00e4che<\/h2><\/div>\n\n\n\n<p>Die Bediener-Oberfl\u00e4che des Logiksteuerungssystems basiert sich auf die Benutzung vom objektorientierten Touchscreen, der es sehr leicht und grafisch erm\u00f6glicht, die Betriebsabl\u00e4ufe im S\u00e4geprozess zu folgen und zu kontrollieren. Die Funktionen der Bediener-Oberfl\u00e4che sind durch die in dem Qt-Entwicklungstoolkit integrierten Komponenten von Inx-Service definiert. Weil die Steuerungslogik ein voll-integriertes Teil der Messeinrichtung ist, ist es ziemlich einfach, allerleie Steuerungsma\u03b2nahmen w\u00e4hrend der Gesamtlebensdauer der Systeml\u00f6sung zu ergreifen.<br><br><\/p>\n<\/div><\/div>\n\n\n\n<div class=\"wp-block-uagb-container uagb-block-1a7ca923 alignfull uagb-is-root-container\"><div class=\"uagb-container-inner-blocks-wrap\">\n<div class=\"wp-block-uagb-advanced-heading uagb-block-b96a9866\"><h2 class=\"uagb-heading-text\">Flexibel Applikationsentwicklung<\/h2><\/div>\n\n\n\n<p>Die Funktionen der Logiksteuerung werden durch das grafische Applikationsentwicklungstoolkit definiert. Dies erzeugt den Quellcode der Applikation in C-Sprache, der dann \u00fcbersetzt und ins Software-Paket kompiliert wird. Weitere Applikationen k\u00f6nnen mit der allen Logikprogrammsprachen gem. des IEC 61131-3-Standards entwickelt werden.<\/p>\n\n\n\n<p>Das Applikationsentwicklungstoolkit wird in dem Rechner des Kunden zu zuk\u00fcnftigem Bedarf installiert, z.B. dadurch ist es m\u00f6glich, weitere Untersuchungen des Steuerungssystems, Fehlersuche in Sensoren und Kabeln zu unternehmen bzw. die Logiksteuerungs-Applikation zu ver\u00e4ndern.<br><br><\/p>\n<\/div><\/div>\n\n\n\n<div class=\"wp-block-uagb-container uagb-block-15304610 alignfull uagb-is-root-container\"><div class=\"uagb-container-inner-blocks-wrap\">\n<div class=\"wp-block-uagb-container uagb-block-f0283ef4\">\n<div class=\"wp-block-uagb-container uagb-block-5d788990\">\n<div class=\"wp-block-uagb-advanced-heading uagb-block-580cd646\"><h2 class=\"uagb-heading-text\">Produktl\u00f6sungen f\u00fcr Rundholzmessungen<\/h2><\/div>\n\n\n\n<div class=\"wp-block-uagb-buttons uagb-buttons__outer-wrap uagb-btn__small-btn uagb-btn-tablet__default-btn uagb-btn-mobile__default-btn uagb-block-3f014b23\"><div class=\"uagb-buttons__wrap uagb-buttons-layout-wrap\">\n<div class=\"wp-block-uagb-buttons-child uagb-buttons__outer-wrap uagb-block-2c5f98c3 wp-block-button\"><div class=\"uagb-button__wrapper\"><a class=\"uagb-buttons-repeater wp-block-button__link\" href=\"\/inx-de\/scanlog-3d\/\" onclick=\"return true;\" rel=\"follow noopener\" target=\"_self\"><div class=\"uagb-button__link\">ScanLog 3D Messger\u00e4t f\u00fcr Rundholzprofilierung<\/div><\/a><\/div><\/div>\n\n\n\n<div class=\"wp-block-uagb-buttons-child uagb-buttons__outer-wrap uagb-block-8731ba73 wp-block-button\"><div class=\"uagb-button__wrapper\"><a class=\"uagb-buttons-repeater wp-block-button__link\" href=\"\/inx-de\/scanlog-2d\/\" onclick=\"return true;\" rel=\"follow noopener\" target=\"_self\"><div class=\"uagb-button__link\">ScanLog 2D Scanner f\u00fcr Rundholz<\/div><\/a><\/div><\/div>\n\n\n\n<div class=\"wp-block-uagb-buttons-child uagb-buttons__outer-wrap uagb-block-333a64d8 wp-block-button\"><div class=\"uagb-button__wrapper\"><a class=\"uagb-buttons-repeater wp-block-button__link\" href=\"\/inx-de\/scanlog-1d\/\" onclick=\"return true;\" rel=\"follow noopener\" target=\"_self\"><div class=\"uagb-button__link\">ScanLog 1D Scanner f\u00fcr Rundholz<\/div><\/a><\/div><\/div>\n\n\n\n<div class=\"wp-block-uagb-buttons-child uagb-buttons__outer-wrap uagb-block-461170d9 wp-block-button\"><div class=\"uagb-button__wrapper\"><a class=\"uagb-buttons-repeater wp-block-button__link\" href=\"\/inx-de\/scanlog-1x\/\" onclick=\"return true;\" rel=\"follow noopener\" target=\"_self\"><div class=\"uagb-button__link\">ScanLog 1X R\u00f6ntgen Scanner f\u00fcr Rundholz<\/div><\/a><\/div><\/div>\n\n\n\n<div class=\"wp-block-uagb-buttons-child uagb-buttons__outer-wrap uagb-block-4bbc4e27 wp-block-button\"><div class=\"uagb-button__wrapper\"><a class=\"uagb-buttons-repeater wp-block-button__link\" href=\"\/inx-de\/softplc-log\/\" onclick=\"return true;\" rel=\"follow noopener\" target=\"_self\"><div class=\"uagb-button__link\">SoftPLC Steuerungslogik<\/div><\/a><\/div><\/div>\n<\/div><\/div>\n<\/div>\n<\/div>\n<\/div><\/div>\n\n\n\n<div style=\"height:30px\" aria-hidden=\"true\" class=\"wp-block-spacer\"><\/div>\n","protected":false},"excerpt":{"rendered":"<p>SoftPLC Steuerungslogik SoftPLC Logiksteuerung f\u00fcr das ganze S\u00e4gewerk Inx-Service bietet intelligente Messeinrichtungen und Optimierungsl\u00f6sungen f\u00fcr Anwendungsbereiche von Rundholzplatz bis zu Hobelwerk. Die n\u00f6tige Steuerungslogik kann durch den Einsatz von der integrierten SoftPLC-Applikation von Inx-Service implementiert. Die Steuerungslogik und Messeinrichtungen sind nahtlos mit dem EDV-System des S\u00e4gewerks verbunden, weil beide Software-Applikationen in demselben Rechner laufen. Beide [&hellip;]<\/p>\n","protected":false},"author":1,"featured_media":0,"parent":0,"menu_order":0,"comment_status":"closed","ping_status":"closed","template":"","meta":{"_uag_custom_page_level_css":"","site-sidebar-layout":"default","site-content-layout":"","ast-site-content-layout":"default","site-content-style":"default","site-sidebar-style":"default","ast-global-header-display":"","ast-banner-title-visibility":"","ast-main-header-display":"","ast-hfb-above-header-display":"","ast-hfb-below-header-display":"","ast-hfb-mobile-header-display":"","site-post-title":"disabled","ast-breadcrumbs-content":"","ast-featured-img":"","footer-sml-layout":"","ast-disable-related-posts":"","theme-transparent-header-meta":"","adv-header-id-meta":"","stick-header-meta":"","header-above-stick-meta":"","header-main-stick-meta":"","header-below-stick-meta":"","astra-migrate-meta-layouts":"default","ast-page-background-enabled":"default","ast-page-background-meta":{"desktop":{"background-color":"var(--ast-global-color-4)","background-image":"","background-repeat":"repeat","background-position":"center center","background-size":"auto","background-attachment":"scroll","background-type":"","background-media":"","overlay-type":"","overlay-color":"","overlay-opacity":"","overlay-gradient":""},"tablet":{"background-color":"","background-image":"","background-repeat":"repeat","background-position":"center center","background-size":"auto","background-attachment":"scroll","background-type":"","background-media":"","overlay-type":"","overlay-color":"","overlay-opacity":"","overlay-gradient":""},"mobile":{"background-color":"","background-image":"","background-repeat":"repeat","background-position":"center center","background-size":"auto","background-attachment":"scroll","background-type":"","background-media":"","overlay-type":"","overlay-color":"","overlay-opacity":"","overlay-gradient":""}},"ast-content-background-meta":{"desktop":{"background-color":"var(--ast-global-color-5)","background-image":"","background-repeat":"repeat","background-position":"center center","background-size":"auto","background-attachment":"scroll","background-type":"","background-media":"","overlay-type":"","overlay-color":"","overlay-opacity":"","overlay-gradient":""},"tablet":{"background-color":"var(--ast-global-color-5)","background-image":"","background-repeat":"repeat","background-position":"center center","background-size":"auto","background-attachment":"scroll","background-type":"","background-media":"","overlay-type":"","overlay-color":"","overlay-opacity":"","overlay-gradient":""},"mobile":{"background-color":"var(--ast-global-color-5)","background-image":"","background-repeat":"repeat","background-position":"center center","background-size":"auto","background-attachment":"scroll","background-type":"","background-media":"","overlay-type":"","overlay-color":"","overlay-opacity":"","overlay-gradient":""}},"footnotes":""},"class_list":["post-2034","page","type-page","status-publish","hentry"],"uagb_featured_image_src":{"full":false,"thumbnail":false,"medium":false,"medium_large":false,"large":false,"1536x1536":false,"2048x2048":false},"uagb_author_info":{"display_name":"inxuser","author_link":"https:\/\/inx.fi\/inx-de\/blog\/author\/inxuser\/"},"uagb_comment_info":0,"uagb_excerpt":"SoftPLC Steuerungslogik SoftPLC Logiksteuerung f\u00fcr das ganze S\u00e4gewerk Inx-Service bietet intelligente Messeinrichtungen und Optimierungsl\u00f6sungen f\u00fcr Anwendungsbereiche von Rundholzplatz bis zu Hobelwerk. Die n\u00f6tige Steuerungslogik kann durch den Einsatz von der integrierten SoftPLC-Applikation von Inx-Service implementiert. Die Steuerungslogik und Messeinrichtungen sind nahtlos mit dem EDV-System des S\u00e4gewerks verbunden, weil beide Software-Applikationen in demselben Rechner laufen. Beide&hellip;","_links":{"self":[{"href":"https:\/\/inx.fi\/inx-de\/wp-json\/wp\/v2\/pages\/2034","targetHints":{"allow":["GET"]}}],"collection":[{"href":"https:\/\/inx.fi\/inx-de\/wp-json\/wp\/v2\/pages"}],"about":[{"href":"https:\/\/inx.fi\/inx-de\/wp-json\/wp\/v2\/types\/page"}],"author":[{"embeddable":true,"href":"https:\/\/inx.fi\/inx-de\/wp-json\/wp\/v2\/users\/1"}],"replies":[{"embeddable":true,"href":"https:\/\/inx.fi\/inx-de\/wp-json\/wp\/v2\/comments?post=2034"}],"version-history":[{"count":20,"href":"https:\/\/inx.fi\/inx-de\/wp-json\/wp\/v2\/pages\/2034\/revisions"}],"predecessor-version":[{"id":2627,"href":"https:\/\/inx.fi\/inx-de\/wp-json\/wp\/v2\/pages\/2034\/revisions\/2627"}],"wp:attachment":[{"href":"https:\/\/inx.fi\/inx-de\/wp-json\/wp\/v2\/media?parent=2034"}],"curies":[{"name":"wp","href":"https:\/\/api.w.org\/{rel}","templated":true}]}}