{"id":2052,"date":"2023-03-08T13:35:18","date_gmt":"2023-03-08T11:35:18","guid":{"rendered":"https:\/\/192.168.0.156\/inx-de\/?page_id=2052"},"modified":"2023-07-26T12:32:24","modified_gmt":"2023-07-26T09:32:24","slug":"optilog","status":"publish","type":"page","link":"https:\/\/inx.fi\/inx-de\/optilog\/","title":{"rendered":"Optilog"},"content":{"rendered":"\n<div style=\"height:100px\" aria-hidden=\"true\" class=\"wp-block-spacer\"><\/div>\n\n\n\n<div class=\"wp-block-uagb-container uagb-block-570eae31 alignfull uagb-is-root-container\"><div class=\"uagb-container-inner-blocks-wrap\">\n<div class=\"wp-block-uagb-container uagb-block-e91c5cda\">\n<div class=\"wp-block-uagb-container uagb-block-894b3d8e\"><\/div>\n\n\n\n<div class=\"wp-block-uagb-container uagb-block-e440df65\">\n<div class=\"wp-block-uagb-columns uagb-columns__wrap uagb-columns__background-none uagb-columns__stack-none uagb-columns__valign-center uagb-columns__gap-0 align uagb-block-4455d1ec uagb-columns__columns-4 uagb-columns__max_width-custom\"><div class=\"uagb-columns__overlay\"><\/div><div class=\"uagb-columns__inner-wrap uagb-columns__columns-4\">\n<div class=\"wp-block-uagb-column uagb-column__wrap uagb-column__background-image uagb-block-9bacaa0b\"><div class=\"uagb-column__overlay\"><\/div>\n<div class=\"wp-block-uagb-buttons uagb-buttons__outer-wrap uagb-btn__medium-btn uagb-btn-tablet__default-btn uagb-btn-mobile__default-btn uagb-block-70e131e4\"><div class=\"uagb-buttons__wrap uagb-buttons-layout-wrap\">\n<div class=\"wp-block-uagb-buttons-child uagb-buttons__outer-wrap uagb-block-dd45e12b wp-block-button\"><div class=\"uagb-button__wrapper\"><a class=\"uagb-buttons-repeater wp-block-button__link\" href=\"\/optilog\/\" onclick=\"return true;\" rel=\"follow noopener\" target=\"_self\"><\/a><\/div><\/div>\n<\/div><\/div>\n<\/div>\n\n\n\n<div class=\"wp-block-uagb-column uagb-column__wrap uagb-column__background-image uagb-block-b1d4fdf7\"><div class=\"uagb-column__overlay\"><\/div>\n<div class=\"wp-block-uagb-buttons uagb-buttons__outer-wrap uagb-btn__medium-btn uagb-btn-tablet__default-btn uagb-btn-mobile__default-btn uagb-block-acfb1f10\"><div class=\"uagb-buttons__wrap uagb-buttons-layout-wrap\">\n<div class=\"wp-block-uagb-buttons-child uagb-buttons__outer-wrap uagb-block-7fb5fff0 wp-block-button\"><div class=\"uagb-button__wrapper\"><a class=\"uagb-buttons-repeater wp-block-button__link\" href=\"\/inx-en\/optilog\/\" onclick=\"return true;\" rel=\"follow noopener\" target=\"_self\"><\/a><\/div><\/div>\n<\/div><\/div>\n<\/div>\n\n\n\n<div class=\"wp-block-uagb-column uagb-column__wrap uagb-column__background-image uagb-block-96301243\"><div class=\"uagb-column__overlay\"><\/div>\n<div class=\"wp-block-uagb-buttons uagb-buttons__outer-wrap uagb-btn__medium-btn uagb-btn-tablet__default-btn uagb-btn-mobile__default-btn uagb-block-9c323ee1\"><div class=\"uagb-buttons__wrap uagb-buttons-layout-wrap\">\n<div class=\"wp-block-uagb-buttons-child uagb-buttons__outer-wrap uagb-block-da0f4cd5 wp-block-button\"><div class=\"uagb-button__wrapper\"><a class=\"uagb-buttons-repeater wp-block-button__link\" href=\"\/inx-se\/optilog\/\" onclick=\"return true;\" rel=\"follow noopener\" target=\"_self\"><\/a><\/div><\/div>\n<\/div><\/div>\n<\/div>\n\n\n\n<div class=\"wp-block-uagb-column uagb-column__wrap uagb-column__background-image uagb-block-9599c82d\"><div class=\"uagb-column__overlay\"><\/div>\n<div class=\"wp-block-uagb-buttons uagb-buttons__outer-wrap uagb-btn__medium-btn uagb-btn-tablet__default-btn uagb-btn-mobile__default-btn uagb-block-148fcb79\"><div class=\"uagb-buttons__wrap uagb-buttons-layout-wrap\">\n<div class=\"wp-block-uagb-buttons-child uagb-buttons__outer-wrap uagb-block-b8cdc8f7 wp-block-button\"><div class=\"uagb-button__wrapper\"><a class=\"uagb-buttons-repeater wp-block-button__link\" href=\"\/inx-de\/optilog\/\" onclick=\"return true;\" rel=\"follow noopener\" target=\"_self\"><\/a><\/div><\/div>\n<\/div><\/div>\n<\/div>\n<\/div><\/div>\n<\/div>\n<\/div>\n\n\n\n<div style=\"height:82px\" aria-hidden=\"true\" class=\"wp-block-spacer\"><\/div>\n\n\n\n<div class=\"wp-block-uagb-advanced-heading uagb-block-b3ba8b77\"><h2 class=\"uagb-heading-text\">OptiLog                      <\/h2><p class=\"uagb-desc-text\">S\u00e4geoptimierung                    <\/p><\/div>\n\n\n\n<div style=\"height:101px\" aria-hidden=\"true\" class=\"wp-block-spacer\"><\/div>\n<\/div><\/div>\n\n\n\n<div class=\"wp-block-uagb-container uagb-block-97d6956d alignfull uagb-is-root-container\"><div class=\"uagb-container-inner-blocks-wrap\">\n<div class=\"wp-block-uagb-container uagb-block-220bb8c3\">\n<div style=\"height:34px\" aria-hidden=\"true\" class=\"wp-block-spacer\"><\/div>\n\n\n\n<div class=\"wp-block-uagb-advanced-heading uagb-block-075a8772\"><h2 class=\"uagb-heading-text\">OptiLog Optimierung und Simulierung von S\u00e4gen<\/h2><\/div>\n\n\n\n<p>OptiLog Software-L\u00f6sung simuliert die S\u00e4geeinstellungen und kann auch zur Optimierung und Steuerung von stammspezifischen S\u00e4getrimms angewendet werden, wenn die S\u00e4gemaschinen mit variablen Trimms ausger\u00fcstet sind. Die Kalkulation beruht auf die Profilmesswerte von ScanLog 3D-Messger\u00e4t oder auf die Profildaten in der Datenbank.<\/p>\n\n\n\n<p>Wenn OptiLog Software f\u00fcr Simulation verwendet wird, erstellt sie die informativen Berichte, die die optimalen S\u00e4geeinstellungen f\u00fcr jede Stammg\u00fcteklasse unter der Ber\u00fccksichtigung der jeweiligen Handelspreise und Nachfrage von Schnittholz darstellt. Durch \u00c4nderung von diesen Parametern ist es m\u00f6glich, die Endergebnisse der Optimierungskalkulation zu beeinflussen.<\/p>\n\n\n\n<p>Falls OptiLog-Software mit dem Rundholzlagerverwaltungsprogramm verbunden ist, ist es m\u00f6glich, die profilierten Rundh\u00f6lzer virtuell einzuschneiden. Dies gew\u00e4hrleistet die Effektivit\u00e4t beim Einschneiden, weil die optimalen S\u00e4geeinstellwerte im voraus ausgesucht werden k\u00f6nnen, um die maximale Wertaussch\u00f6pfung vom Schnittholz zu erreichen.<br><br><\/p>\n<\/div>\n\n\n\n<div class=\"wp-block-uagb-container uagb-block-ae710207\">\n<figure class=\"wp-block-image size-large\"><img decoding=\"async\" src=\"https:\/\/inx.fi\/inx-de\/wp-content\/uploads\/sites\/5\/2023\/07\/optilog_asete.jpeg\" alt=\"\"\/><figcaption class=\"wp-element-caption\">OptiLog optimizes saw patterns for the log categoriesor or for each individual log.<\/figcaption><\/figure>\n<\/div>\n<\/div><\/div>\n\n\n\n<div class=\"wp-block-uagb-container uagb-block-c9a6b4d0 alignfull uagb-is-root-container\"><div class=\"uagb-container-inner-blocks-wrap\">\n<figure class=\"wp-block-image size-large\"><img decoding=\"async\" src=\"https:\/\/inx.fi\/inx-de\/wp-content\/uploads\/sites\/5\/2023\/07\/optilog.jpeg\" alt=\"\"\/><\/figure>\n\n\n\n<div class=\"wp-block-uagb-container uagb-block-62cf0620\">\n<div class=\"wp-block-uagb-advanced-heading uagb-block-7c4b9a02\"><h2 class=\"uagb-heading-text\">Produktl\u00f6sungen f\u00fcr die S\u00e4gehalle<\/h2><\/div>\n\n\n\n<div class=\"wp-block-uagb-buttons uagb-buttons__outer-wrap uagb-btn__small-btn uagb-btn-tablet__default-btn uagb-btn-mobile__default-btn uagb-block-d7e0a3fc\"><div class=\"uagb-buttons__wrap uagb-buttons-layout-wrap\">\n<div class=\"wp-block-uagb-buttons-child uagb-buttons__outer-wrap uagb-block-4cecf393 wp-block-button is-style-outline\"><div class=\"uagb-button__wrapper\"><a class=\"uagb-buttons-repeater wp-block-button__link\" href=\"\/inx-de\/optilog\/\" onclick=\"return true;\" rel=\"follow noopener\" target=\"_self\"><div class=\"uagb-button__link\">OptiLog S\u00e4geoptimierung<\/div><\/a><\/div><\/div>\n\n\n\n<div class=\"wp-block-uagb-buttons-child uagb-buttons__outer-wrap uagb-block-543027ad wp-block-button is-style-outline\"><div class=\"uagb-button__wrapper\"><a class=\"uagb-buttons-repeater wp-block-button__link\" href=\"\/inx-de\/seecon\/\" onclick=\"return true;\" rel=\"follow noopener\" target=\"_self\"><div class=\"uagb-button__link\">SeeCon Mass\u00fcberwachungssystem f\u00fcr Schnittholz<\/div><\/a><\/div><\/div>\n\n\n\n<div class=\"wp-block-uagb-buttons-child uagb-buttons__outer-wrap uagb-block-b620cae3 wp-block-button is-style-outline\"><div class=\"uagb-button__wrapper\"><a class=\"uagb-buttons-repeater wp-block-button__link\" href=\"\/inx-de\/sawblade\/\" onclick=\"return true;\" rel=\"follow noopener\" target=\"_self\"><div class=\"uagb-button__link\">SawBlade Manager \u00dcberwachungsystem<\/div><\/a><\/div><\/div>\n\n\n\n<div class=\"wp-block-uagb-buttons-child uagb-buttons__outer-wrap uagb-block-e963764d wp-block-button is-style-outline\"><div class=\"uagb-button__wrapper\"><a class=\"uagb-buttons-repeater wp-block-button__link\" href=\"\/inx-de\/optigrader-edger\/\" onclick=\"return true;\" rel=\"follow noopener\" target=\"_self\"><div class=\"uagb-button__link\">OptiGrader Edger Optimierung bei Bes\u00e4umung<\/div><\/a><\/div><\/div>\n<\/div><\/div>\n\n\n\n<div class=\"wp-block-uagb-buttons uagb-buttons__outer-wrap uagb-btn__small-btn uagb-btn-tablet__default-btn uagb-btn-mobile__default-btn uagb-block-470badc4\"><div class=\"uagb-buttons__wrap uagb-buttons-layout-wrap\">\n<div class=\"wp-block-uagb-buttons-child uagb-buttons__outer-wrap uagb-block-8df6850e wp-block-button is-style-outline\"><div class=\"uagb-button__wrapper\"><a class=\"uagb-buttons-repeater wp-block-button__link\" href=\"\/inx-de\/optiedger\/\" onclick=\"return true;\" rel=\"follow noopener\" target=\"_self\"><div class=\"uagb-button__link\">OptiEdger Vollprofil-Waldkantenscanner<\/div><\/a><\/div><\/div>\n\n\n\n<div class=\"wp-block-uagb-buttons-child uagb-buttons__outer-wrap uagb-block-5ac4265b wp-block-button is-style-outline\"><div class=\"uagb-button__wrapper\"><a class=\"uagb-buttons-repeater wp-block-button__link\" href=\"\/inx-de\/optigrader-gs\/\" onclick=\"return true;\" rel=\"follow noopener\" target=\"_self\"><div class=\"uagb-button__link\">OptiGrader GS Optimierung von Kernholz<\/div><\/a><\/div><\/div>\n\n\n\n<div class=\"wp-block-uagb-buttons-child uagb-buttons__outer-wrap uagb-block-c44d7cfc wp-block-button is-style-outline\"><div class=\"uagb-button__wrapper\"><a class=\"uagb-buttons-repeater wp-block-button__link\" href=\"\/inx-de\/edcon\/\" onclick=\"return true;\" rel=\"follow noopener\" target=\"_self\"><div class=\"uagb-button__link\">EdCon Pr\u00fcfger\u00e4t f\u00fcr Bes\u00e4umung<\/div><\/a><\/div><\/div>\n<\/div><\/div>\n\n\n\n<div class=\"wp-block-uagb-buttons uagb-buttons__outer-wrap uagb-btn__small-btn uagb-btn-tablet__default-btn uagb-btn-mobile__default-btn uagb-block-ec313cfc\"><div class=\"uagb-buttons__wrap uagb-buttons-layout-wrap\">\n<div class=\"wp-block-uagb-buttons-child uagb-buttons__outer-wrap uagb-block-36679a1d wp-block-button is-style-outline\"><div class=\"uagb-button__wrapper\"><a class=\"uagb-buttons-repeater wp-block-button__link\" href=\"\/inx-de\/fordersysteme\/\" onclick=\"return true;\" rel=\"follow noopener\" target=\"_self\"><div class=\"uagb-button__link\">F\u00f6rdersysteme<\/div><\/a><\/div><\/div>\n\n\n\n<div class=\"wp-block-uagb-buttons-child uagb-buttons__outer-wrap uagb-block-65cdcb9d wp-block-button is-style-outline\"><div class=\"uagb-button__wrapper\"><a class=\"uagb-buttons-repeater wp-block-button__link\" href=\"\/inx-de\/softplc-sawhouse\/\/\" onclick=\"return true;\" rel=\"follow noopener\" target=\"_self\"><div class=\"uagb-button__link\">SoftPLC Steuerungslogik<\/div><\/a><\/div><\/div>\n<\/div><\/div>\n<\/div>\n<\/div><\/div>\n\n\n\n<div style=\"height:30px\" aria-hidden=\"true\" class=\"wp-block-spacer\"><\/div>\n","protected":false},"excerpt":{"rendered":"<p>OptiLog S\u00e4geoptimierung OptiLog Optimierung und Simulierung von S\u00e4gen OptiLog Software-L\u00f6sung simuliert die S\u00e4geeinstellungen und kann auch zur Optimierung und Steuerung von stammspezifischen S\u00e4getrimms angewendet werden, wenn die S\u00e4gemaschinen mit variablen Trimms ausger\u00fcstet sind. Die Kalkulation beruht auf die Profilmesswerte von ScanLog 3D-Messger\u00e4t oder auf die Profildaten in der Datenbank. Wenn OptiLog Software f\u00fcr Simulation verwendet [&hellip;]<\/p>\n","protected":false},"author":1,"featured_media":0,"parent":0,"menu_order":0,"comment_status":"closed","ping_status":"closed","template":"","meta":{"_uag_custom_page_level_css":"","site-sidebar-layout":"default","site-content-layout":"","ast-site-content-layout":"default","site-content-style":"default","site-sidebar-style":"default","ast-global-header-display":"","ast-banner-title-visibility":"","ast-main-header-display":"","ast-hfb-above-header-display":"","ast-hfb-below-header-display":"","ast-hfb-mobile-header-display":"","site-post-title":"disabled","ast-breadcrumbs-content":"","ast-featured-img":"","footer-sml-layout":"","ast-disable-related-posts":"","theme-transparent-header-meta":"","adv-header-id-meta":"","stick-header-meta":"","header-above-stick-meta":"","header-main-stick-meta":"","header-below-stick-meta":"","astra-migrate-meta-layouts":"default","ast-page-background-enabled":"default","ast-page-background-meta":{"desktop":{"background-color":"var(--ast-global-color-4)","background-image":"","background-repeat":"repeat","background-position":"center center","background-size":"auto","background-attachment":"scroll","background-type":"","background-media":"","overlay-type":"","overlay-color":"","overlay-opacity":"","overlay-gradient":""},"tablet":{"background-color":"","background-image":"","background-repeat":"repeat","background-position":"center center","background-size":"auto","background-attachment":"scroll","background-type":"","background-media":"","overlay-type":"","overlay-color":"","overlay-opacity":"","overlay-gradient":""},"mobile":{"background-color":"","background-image":"","background-repeat":"repeat","background-position":"center center","background-size":"auto","background-attachment":"scroll","background-type":"","background-media":"","overlay-type":"","overlay-color":"","overlay-opacity":"","overlay-gradient":""}},"ast-content-background-meta":{"desktop":{"background-color":"var(--ast-global-color-5)","background-image":"","background-repeat":"repeat","background-position":"center center","background-size":"auto","background-attachment":"scroll","background-type":"","background-media":"","overlay-type":"","overlay-color":"","overlay-opacity":"","overlay-gradient":""},"tablet":{"background-color":"var(--ast-global-color-5)","background-image":"","background-repeat":"repeat","background-position":"center center","background-size":"auto","background-attachment":"scroll","background-type":"","background-media":"","overlay-type":"","overlay-color":"","overlay-opacity":"","overlay-gradient":""},"mobile":{"background-color":"var(--ast-global-color-5)","background-image":"","background-repeat":"repeat","background-position":"center center","background-size":"auto","background-attachment":"scroll","background-type":"","background-media":"","overlay-type":"","overlay-color":"","overlay-opacity":"","overlay-gradient":""}},"footnotes":""},"class_list":["post-2052","page","type-page","status-publish","hentry"],"uagb_featured_image_src":{"full":false,"thumbnail":false,"medium":false,"medium_large":false,"large":false,"1536x1536":false,"2048x2048":false},"uagb_author_info":{"display_name":"inxuser","author_link":"https:\/\/inx.fi\/inx-de\/blog\/author\/inxuser\/"},"uagb_comment_info":0,"uagb_excerpt":"OptiLog S\u00e4geoptimierung OptiLog Optimierung und Simulierung von S\u00e4gen OptiLog Software-L\u00f6sung simuliert die S\u00e4geeinstellungen und kann auch zur Optimierung und Steuerung von stammspezifischen S\u00e4getrimms angewendet werden, wenn die S\u00e4gemaschinen mit variablen Trimms ausger\u00fcstet sind. Die Kalkulation beruht auf die Profilmesswerte von ScanLog 3D-Messger\u00e4t oder auf die Profildaten in der Datenbank. Wenn OptiLog Software f\u00fcr Simulation verwendet&hellip;","_links":{"self":[{"href":"https:\/\/inx.fi\/inx-de\/wp-json\/wp\/v2\/pages\/2052","targetHints":{"allow":["GET"]}}],"collection":[{"href":"https:\/\/inx.fi\/inx-de\/wp-json\/wp\/v2\/pages"}],"about":[{"href":"https:\/\/inx.fi\/inx-de\/wp-json\/wp\/v2\/types\/page"}],"author":[{"embeddable":true,"href":"https:\/\/inx.fi\/inx-de\/wp-json\/wp\/v2\/users\/1"}],"replies":[{"embeddable":true,"href":"https:\/\/inx.fi\/inx-de\/wp-json\/wp\/v2\/comments?post=2052"}],"version-history":[{"count":21,"href":"https:\/\/inx.fi\/inx-de\/wp-json\/wp\/v2\/pages\/2052\/revisions"}],"predecessor-version":[{"id":2745,"href":"https:\/\/inx.fi\/inx-de\/wp-json\/wp\/v2\/pages\/2052\/revisions\/2745"}],"wp:attachment":[{"href":"https:\/\/inx.fi\/inx-de\/wp-json\/wp\/v2\/media?parent=2052"}],"curies":[{"name":"wp","href":"https:\/\/api.w.org\/{rel}","templated":true}]}}