{"id":2058,"date":"2023-03-08T13:36:52","date_gmt":"2023-03-08T11:36:52","guid":{"rendered":"https:\/\/192.168.0.156\/inx-de\/?page_id=2058"},"modified":"2023-07-27T09:05:42","modified_gmt":"2023-07-27T06:05:42","slug":"optigrader-edger","status":"publish","type":"page","link":"https:\/\/inx.fi\/inx-de\/optigrader-edger\/","title":{"rendered":"Optigrader Edger"},"content":{"rendered":"\n<div style=\"height:100px\" aria-hidden=\"true\" class=\"wp-block-spacer\"><\/div>\n\n\n\n<div class=\"wp-block-uagb-container uagb-block-eab33d3e alignfull uagb-is-root-container\"><div class=\"uagb-container-inner-blocks-wrap\">\n<div class=\"wp-block-uagb-container uagb-block-fa08e499\">\n<div class=\"wp-block-uagb-container uagb-block-199b839f\"><\/div>\n\n\n\n<div class=\"wp-block-uagb-container uagb-block-02e247c8\">\n<div class=\"wp-block-uagb-columns uagb-columns__wrap uagb-columns__background-none uagb-columns__stack-none uagb-columns__valign-center uagb-columns__gap-0 align uagb-block-9ad9386d uagb-columns__columns-4 uagb-columns__max_width-custom\"><div class=\"uagb-columns__overlay\"><\/div><div class=\"uagb-columns__inner-wrap uagb-columns__columns-4\">\n<div class=\"wp-block-uagb-column uagb-column__wrap uagb-column__background-image uagb-block-f6d1e3f5\"><div class=\"uagb-column__overlay\"><\/div>\n<div class=\"wp-block-uagb-buttons uagb-buttons__outer-wrap uagb-btn__medium-btn uagb-btn-tablet__default-btn uagb-btn-mobile__default-btn uagb-block-02098e50\"><div class=\"uagb-buttons__wrap uagb-buttons-layout-wrap\">\n<div class=\"wp-block-uagb-buttons-child uagb-buttons__outer-wrap uagb-block-9687e929 wp-block-button\"><div class=\"uagb-button__wrapper\"><a class=\"uagb-buttons-repeater wp-block-button__link\" href=\"\/optigrader-edger\/\" onclick=\"return true;\" rel=\"follow noopener\" target=\"_self\"><\/a><\/div><\/div>\n<\/div><\/div>\n<\/div>\n\n\n\n<div class=\"wp-block-uagb-column uagb-column__wrap uagb-column__background-image uagb-block-e2a0ff6b\"><div class=\"uagb-column__overlay\"><\/div>\n<div class=\"wp-block-uagb-buttons uagb-buttons__outer-wrap uagb-btn__medium-btn uagb-btn-tablet__default-btn uagb-btn-mobile__default-btn uagb-block-d2bdcab5\"><div class=\"uagb-buttons__wrap uagb-buttons-layout-wrap\">\n<div class=\"wp-block-uagb-buttons-child uagb-buttons__outer-wrap uagb-block-2d3a9fd6 wp-block-button\"><div class=\"uagb-button__wrapper\"><a class=\"uagb-buttons-repeater wp-block-button__link\" href=\"\/inx-en\/optigrader-edger\/\" onclick=\"return true;\" rel=\"follow noopener\" target=\"_self\"><\/a><\/div><\/div>\n<\/div><\/div>\n<\/div>\n\n\n\n<div class=\"wp-block-uagb-column uagb-column__wrap uagb-column__background-image uagb-block-ee06c0e0\"><div class=\"uagb-column__overlay\"><\/div>\n<div class=\"wp-block-uagb-buttons uagb-buttons__outer-wrap uagb-btn__medium-btn uagb-btn-tablet__default-btn uagb-btn-mobile__default-btn uagb-block-c070970b\"><div class=\"uagb-buttons__wrap uagb-buttons-layout-wrap\">\n<div class=\"wp-block-uagb-buttons-child uagb-buttons__outer-wrap uagb-block-bf849088 wp-block-button\"><div class=\"uagb-button__wrapper\"><a class=\"uagb-buttons-repeater wp-block-button__link\" href=\"\/inx-se\/optigrader-edger\/\" onclick=\"return true;\" rel=\"follow noopener\" target=\"_self\"><\/a><\/div><\/div>\n<\/div><\/div>\n<\/div>\n\n\n\n<div class=\"wp-block-uagb-column uagb-column__wrap uagb-column__background-image uagb-block-c1ca6aa4\"><div class=\"uagb-column__overlay\"><\/div>\n<div class=\"wp-block-uagb-buttons uagb-buttons__outer-wrap uagb-btn__medium-btn uagb-btn-tablet__default-btn uagb-btn-mobile__default-btn uagb-block-82000613\"><div class=\"uagb-buttons__wrap uagb-buttons-layout-wrap\">\n<div class=\"wp-block-uagb-buttons-child uagb-buttons__outer-wrap uagb-block-99250295 wp-block-button\"><div class=\"uagb-button__wrapper\"><a class=\"uagb-buttons-repeater wp-block-button__link\" href=\"\/inx-de\/optigrader-edger\/\" onclick=\"return true;\" rel=\"follow noopener\" target=\"_self\"><\/a><\/div><\/div>\n<\/div><\/div>\n<\/div>\n<\/div><\/div>\n<\/div>\n<\/div>\n\n\n\n<div style=\"height:82px\" aria-hidden=\"true\" class=\"wp-block-spacer\"><\/div>\n\n\n\n<div class=\"wp-block-uagb-advanced-heading uagb-block-656e34b0\"><h2 class=\"uagb-heading-text\">OptiGrader Edger                  <\/h2><p class=\"uagb-desc-text\">Optimierung bei Bes\u00e4umung                     <\/p><\/div>\n\n\n\n<div style=\"height:101px\" aria-hidden=\"true\" class=\"wp-block-spacer\"><\/div>\n<\/div><\/div>\n\n\n\n<div class=\"wp-block-uagb-container uagb-block-cbf05e1d alignfull uagb-is-root-container\"><div class=\"uagb-container-inner-blocks-wrap\">\n<div class=\"wp-block-uagb-container uagb-block-cbc075d2\">\n<div class=\"wp-block-uagb-advanced-heading uagb-block-fed8f678\"><h3 class=\"uagb-heading-text\">OptiGrader Edger L\u00e4ngsoptimierung bei Bes\u00e4umung von Brettern<\/h3><\/div>\n\n\n\n<p>Seitenwaren bestimmen die Rentabilit\u00e4t des S\u00e4gewerks aufgrund ihres sehr hohen Potentials zur zunehmenden Wertsch\u00f6pfung.<\/p>\n\n\n\n<p>Traditionell erfolgt Bes\u00e4umung von Brettern nur aufgrund des maximalen Volumens. Das maximale Volumen gew\u00e4hrleistet leider nicht die optimale Wertsch\u00f6pfung, weil sowohl die Abmessungen als auch die G\u00fcteklasse von Brettern ber\u00fccksichtigt werden sollen, um die Gewinn zu maximieren.<\/p>\n\n\n\n<p>OptiGrader Edger von Inx-Service ist die richtige Systeml\u00f6sung f\u00fcr diese Herausforderung.<br><br><\/p>\n\n\n\n<div class=\"wp-block-uagb-advanced-heading uagb-block-2bbc59da\"><h3 class=\"uagb-heading-text\">Schneiden nicht Ihre Gewinn ab<\/h3><\/div>\n\n\n\n<p>OptiGrader Edger ist ein voll-automatisches Bes\u00e4umungsoptimierungssystem f\u00fcr waldkantige und vollkantige Bretter. Sowohl die Waldkanten, \u00c4ste und andere Rohholzeigenschaften als auch die Handelpreise der unterschiedlichen G\u00fcteklassen und der Hackgutpreis werden ber\u00fccksichtigt, wenn der Wert der Ausbeute optimiert wird. In Bezug auf alle diese Faktoren optimiert OptiGrader Edger die Wertsch\u00f6pfung von Brettern und bestimmt die optimalen Breite, L\u00e4nge und St\u00e4rke von Brettern. OptiGrader Edger steuert automatisch auch den Vorgang, wenn die Bretter schr\u00e4g bes\u00e4umt werden.<\/p>\n\n\n\n<p>OptiGrader Edger identifiziert die wertvollsten G\u00fcteklassen der Schnittware und der Produktionswert kann dadurch von 10% bis 20 % gestiegen werden. Dies ergibt sich einen zus\u00e4tzlichen Gewinn von 1,5 bis zu 3 Mio. Euros bei j\u00e4hrlichem Umsatz von 50 Mio. Euros. Dank der automatischen Klassifizierung kann die Produktion des S\u00e4gewerks flexibel auf die st\u00e4ndig variablen Preise der Schnittware angepasst werden. Auch der individuelle Bedarf an bestimmten G\u00fcteklassen kann ber\u00fccksichtigt werden. Dies stellt die Stabilit\u00e4t der Gewinn und das angepasste Produktsortiment in st\u00e4ndig variablen Marktbedingungen sicher.<\/p>\n\n\n\n<p>Die Einsparungen k\u00f6nnen auch bei Weiterverarbeitung von Schnittholz erreicht werden. Die Menge der unterschiedlichen Endprodukte wird schon im Optimierungsprozess der Bes\u00e4umung bestimmt. Die Brettkappen werden abgeschnitten vor der Holztrocknung, die die Kapazit\u00e4t des Kammertrockners verbessert. Gleichzeitig steigert die Menge von Rohhackgut. Der pr\u00e4zise Messvorgang vermindert die Gesamtmenge von Ausschussware.<br><br><\/p>\n\n\n\n<div class=\"wp-block-uagb-advanced-heading uagb-block-31d714b0\"><h3 class=\"uagb-heading-text\">EC Vision verliehen Machine Vision-Applikation<\/h3><\/div>\n\n\n\n<p>OptiGrader Edger misst die Abmessungen und die G\u00fcteklasse der Bretter beidseitig, d.h. die Vordere- und R\u00fcckseite werden gleichzeitig durch ein patentiertes optisches Erkennungssystem vermessen. Die Abmessungen werden mit einer Matrix-Kamera (400 Abbildungen pro Sekunde) erfasst und die G\u00fcteklasse wird mit einer Echtfarben- Zeilenkamera (4000 Abbildungen pro Sekunde) erfasst. Die Klassifizierung erfolgt mit der kognitiven Bildverarbeitungsapplikation, die als das beste optische Erkennungssystem mit ECVision-Anerkennung in Cognitive Vision Systems in Europa verliehen wurde.<br><br><\/p>\n<\/div>\n\n\n\n<div class=\"wp-block-uagb-container uagb-block-d259cbfd\">\n<figure class=\"wp-block-image size-large\"><img decoding=\"async\" src=\"https:\/\/inx.fi\/inx-de\/wp-content\/uploads\/sites\/5\/2023\/07\/optigrader2.jpeg\" alt=\"\"\/><\/figure>\n\n\n\n<div style=\"height:755px\" aria-hidden=\"true\" class=\"wp-block-spacer\"><\/div>\n<\/div>\n<\/div><\/div>\n\n\n\n<div class=\"wp-block-uagb-container uagb-block-a88f02a4 alignfull uagb-is-root-container\"><div class=\"uagb-container-inner-blocks-wrap\">\n<div class=\"wp-block-uagb-container uagb-block-de8124c6\">\n<div class=\"wp-block-uagb-advanced-heading uagb-block-7fa820c1\"><h2 class=\"uagb-heading-text\">Produktl\u00f6sungen f\u00fcr die S\u00e4gehalle<\/h2><\/div>\n\n\n\n<div class=\"wp-block-uagb-buttons uagb-buttons__outer-wrap uagb-btn__small-btn uagb-btn-tablet__default-btn uagb-btn-mobile__default-btn uagb-block-b93dfeca\"><div class=\"uagb-buttons__wrap uagb-buttons-layout-wrap\">\n<div class=\"wp-block-uagb-buttons-child uagb-buttons__outer-wrap uagb-block-89089413 wp-block-button is-style-outline\"><div class=\"uagb-button__wrapper\"><a class=\"uagb-buttons-repeater wp-block-button__link\" href=\"\/inx-de\/optilog\/\" onclick=\"return true;\" rel=\"follow noopener\" target=\"_self\"><div class=\"uagb-button__link\">OptiLog S\u00e4geoptimierung<\/div><\/a><\/div><\/div>\n\n\n\n<div class=\"wp-block-uagb-buttons-child uagb-buttons__outer-wrap uagb-block-cbabf3b3 wp-block-button is-style-outline\"><div class=\"uagb-button__wrapper\"><a class=\"uagb-buttons-repeater wp-block-button__link\" href=\"\/inx-de\/seecon\/\" onclick=\"return true;\" rel=\"follow noopener\" target=\"_self\"><div class=\"uagb-button__link\">SeeCon Mass\u00fcberwachungssystem f\u00fcr Schnittholz<\/div><\/a><\/div><\/div>\n\n\n\n<div class=\"wp-block-uagb-buttons-child uagb-buttons__outer-wrap uagb-block-792a2fd5 wp-block-button is-style-outline\"><div class=\"uagb-button__wrapper\"><a class=\"uagb-buttons-repeater wp-block-button__link\" href=\"\/inx-de\/sawblade\/\" onclick=\"return true;\" rel=\"follow noopener\" target=\"_self\"><div class=\"uagb-button__link\">SawBlade Manager \u00dcberwachungsystem<\/div><\/a><\/div><\/div>\n\n\n\n<div class=\"wp-block-uagb-buttons-child uagb-buttons__outer-wrap uagb-block-74ac4d09 wp-block-button is-style-outline\"><div class=\"uagb-button__wrapper\"><a class=\"uagb-buttons-repeater wp-block-button__link\" href=\"\/inx-de\/optigrader-edger\/\" onclick=\"return true;\" rel=\"follow noopener\" target=\"_self\"><div class=\"uagb-button__link\">OptiGrader Edger Optimierung bei Bes\u00e4umung<\/div><\/a><\/div><\/div>\n<\/div><\/div>\n\n\n\n<div class=\"wp-block-uagb-buttons uagb-buttons__outer-wrap uagb-btn__small-btn uagb-btn-tablet__default-btn uagb-btn-mobile__default-btn uagb-block-aff61bb9\"><div class=\"uagb-buttons__wrap uagb-buttons-layout-wrap\">\n<div class=\"wp-block-uagb-buttons-child uagb-buttons__outer-wrap uagb-block-f4cec33d wp-block-button is-style-outline\"><div class=\"uagb-button__wrapper\"><a class=\"uagb-buttons-repeater wp-block-button__link\" href=\"\/inx-de\/optiedger\/\" onclick=\"return true;\" rel=\"follow noopener\" target=\"_self\"><div class=\"uagb-button__link\">OptiEdger Vollprofil-Waldkantenscanner<\/div><\/a><\/div><\/div>\n\n\n\n<div class=\"wp-block-uagb-buttons-child uagb-buttons__outer-wrap uagb-block-f81d5e84 wp-block-button is-style-outline\"><div class=\"uagb-button__wrapper\"><a class=\"uagb-buttons-repeater wp-block-button__link\" href=\"\/inx-de\/optigrader-gs\/\" onclick=\"return true;\" rel=\"follow noopener\" target=\"_self\"><div class=\"uagb-button__link\">OptiGrader GS Optimierung von Kernholz<\/div><\/a><\/div><\/div>\n\n\n\n<div class=\"wp-block-uagb-buttons-child uagb-buttons__outer-wrap uagb-block-971d6be2 wp-block-button is-style-outline\"><div class=\"uagb-button__wrapper\"><a class=\"uagb-buttons-repeater wp-block-button__link\" href=\"\/inx-de\/edcon\/\" onclick=\"return true;\" rel=\"follow noopener\" target=\"_self\"><div class=\"uagb-button__link\">EdCon Pr\u00fcfger\u00e4t f\u00fcr Bes\u00e4umung<\/div><\/a><\/div><\/div>\n<\/div><\/div>\n\n\n\n<div class=\"wp-block-uagb-buttons uagb-buttons__outer-wrap uagb-btn__small-btn uagb-btn-tablet__default-btn uagb-btn-mobile__default-btn uagb-block-1a84d8e8\"><div class=\"uagb-buttons__wrap uagb-buttons-layout-wrap\">\n<div class=\"wp-block-uagb-buttons-child uagb-buttons__outer-wrap uagb-block-9ed5184e wp-block-button is-style-outline\"><div class=\"uagb-button__wrapper\"><a class=\"uagb-buttons-repeater wp-block-button__link\" href=\"\/inx-de\/fordersysteme\/\" onclick=\"return true;\" rel=\"follow noopener\" target=\"_self\"><div class=\"uagb-button__link\">F\u00f6rdersysteme<\/div><\/a><\/div><\/div>\n\n\n\n<div class=\"wp-block-uagb-buttons-child uagb-buttons__outer-wrap uagb-block-a5adb3bf wp-block-button is-style-outline\"><div class=\"uagb-button__wrapper\"><a class=\"uagb-buttons-repeater wp-block-button__link\" href=\"\/inx-de\/softplc-sawhouse\/\/\" onclick=\"return true;\" rel=\"follow noopener\" target=\"_self\"><div class=\"uagb-button__link\">SoftPLC Steuerungslogik<\/div><\/a><\/div><\/div>\n<\/div><\/div>\n<\/div>\n<\/div><\/div>\n\n\n\n<div style=\"height:30px\" aria-hidden=\"true\" class=\"wp-block-spacer\"><\/div>\n","protected":false},"excerpt":{"rendered":"<p>OptiGrader Edger Optimierung bei Bes\u00e4umung OptiGrader Edger L\u00e4ngsoptimierung bei Bes\u00e4umung von Brettern Seitenwaren bestimmen die Rentabilit\u00e4t des S\u00e4gewerks aufgrund ihres sehr hohen Potentials zur zunehmenden Wertsch\u00f6pfung. Traditionell erfolgt Bes\u00e4umung von Brettern nur aufgrund des maximalen Volumens. Das maximale Volumen gew\u00e4hrleistet leider nicht die optimale Wertsch\u00f6pfung, weil sowohl die Abmessungen als auch die G\u00fcteklasse von Brettern [&hellip;]<\/p>\n","protected":false},"author":1,"featured_media":0,"parent":0,"menu_order":0,"comment_status":"closed","ping_status":"closed","template":"","meta":{"_uag_custom_page_level_css":"","site-sidebar-layout":"default","site-content-layout":"","ast-site-content-layout":"default","site-content-style":"default","site-sidebar-style":"default","ast-global-header-display":"","ast-banner-title-visibility":"","ast-main-header-display":"","ast-hfb-above-header-display":"","ast-hfb-below-header-display":"","ast-hfb-mobile-header-display":"","site-post-title":"disabled","ast-breadcrumbs-content":"","ast-featured-img":"","footer-sml-layout":"","ast-disable-related-posts":"","theme-transparent-header-meta":"","adv-header-id-meta":"","stick-header-meta":"","header-above-stick-meta":"","header-main-stick-meta":"","header-below-stick-meta":"","astra-migrate-meta-layouts":"default","ast-page-background-enabled":"default","ast-page-background-meta":{"desktop":{"background-color":"var(--ast-global-color-4)","background-image":"","background-repeat":"repeat","background-position":"center center","background-size":"auto","background-attachment":"scroll","background-type":"","background-media":"","overlay-type":"","overlay-color":"","overlay-opacity":"","overlay-gradient":""},"tablet":{"background-color":"","background-image":"","background-repeat":"repeat","background-position":"center center","background-size":"auto","background-attachment":"scroll","background-type":"","background-media":"","overlay-type":"","overlay-color":"","overlay-opacity":"","overlay-gradient":""},"mobile":{"background-color":"","background-image":"","background-repeat":"repeat","background-position":"center center","background-size":"auto","background-attachment":"scroll","background-type":"","background-media":"","overlay-type":"","overlay-color":"","overlay-opacity":"","overlay-gradient":""}},"ast-content-background-meta":{"desktop":{"background-color":"var(--ast-global-color-5)","background-image":"","background-repeat":"repeat","background-position":"center center","background-size":"auto","background-attachment":"scroll","background-type":"","background-media":"","overlay-type":"","overlay-color":"","overlay-opacity":"","overlay-gradient":""},"tablet":{"background-color":"var(--ast-global-color-5)","background-image":"","background-repeat":"repeat","background-position":"center center","background-size":"auto","background-attachment":"scroll","background-type":"","background-media":"","overlay-type":"","overlay-color":"","overlay-opacity":"","overlay-gradient":""},"mobile":{"background-color":"var(--ast-global-color-5)","background-image":"","background-repeat":"repeat","background-position":"center center","background-size":"auto","background-attachment":"scroll","background-type":"","background-media":"","overlay-type":"","overlay-color":"","overlay-opacity":"","overlay-gradient":""}},"footnotes":""},"class_list":["post-2058","page","type-page","status-publish","hentry"],"uagb_featured_image_src":{"full":false,"thumbnail":false,"medium":false,"medium_large":false,"large":false,"1536x1536":false,"2048x2048":false},"uagb_author_info":{"display_name":"inxuser","author_link":"https:\/\/inx.fi\/inx-de\/blog\/author\/inxuser\/"},"uagb_comment_info":0,"uagb_excerpt":"OptiGrader Edger Optimierung bei Bes\u00e4umung OptiGrader Edger L\u00e4ngsoptimierung bei Bes\u00e4umung von Brettern Seitenwaren bestimmen die Rentabilit\u00e4t des S\u00e4gewerks aufgrund ihres sehr hohen Potentials zur zunehmenden Wertsch\u00f6pfung. Traditionell erfolgt Bes\u00e4umung von Brettern nur aufgrund des maximalen Volumens. Das maximale Volumen gew\u00e4hrleistet leider nicht die optimale Wertsch\u00f6pfung, weil sowohl die Abmessungen als auch die G\u00fcteklasse von Brettern&hellip;","_links":{"self":[{"href":"https:\/\/inx.fi\/inx-de\/wp-json\/wp\/v2\/pages\/2058","targetHints":{"allow":["GET"]}}],"collection":[{"href":"https:\/\/inx.fi\/inx-de\/wp-json\/wp\/v2\/pages"}],"about":[{"href":"https:\/\/inx.fi\/inx-de\/wp-json\/wp\/v2\/types\/page"}],"author":[{"embeddable":true,"href":"https:\/\/inx.fi\/inx-de\/wp-json\/wp\/v2\/users\/1"}],"replies":[{"embeddable":true,"href":"https:\/\/inx.fi\/inx-de\/wp-json\/wp\/v2\/comments?post=2058"}],"version-history":[{"count":26,"href":"https:\/\/inx.fi\/inx-de\/wp-json\/wp\/v2\/pages\/2058\/revisions"}],"predecessor-version":[{"id":2791,"href":"https:\/\/inx.fi\/inx-de\/wp-json\/wp\/v2\/pages\/2058\/revisions\/2791"}],"wp:attachment":[{"href":"https:\/\/inx.fi\/inx-de\/wp-json\/wp\/v2\/media?parent=2058"}],"curies":[{"name":"wp","href":"https:\/\/api.w.org\/{rel}","templated":true}]}}