{"id":2068,"date":"2023-03-08T13:39:21","date_gmt":"2023-03-08T11:39:21","guid":{"rendered":"https:\/\/192.168.0.156\/inx-de\/?page_id=2068"},"modified":"2023-07-27T09:07:32","modified_gmt":"2023-07-27T06:07:32","slug":"softplc-sawhouse","status":"publish","type":"page","link":"https:\/\/inx.fi\/inx-de\/softplc-sawhouse\/","title":{"rendered":"SoftPLC sawhouse"},"content":{"rendered":"\n<div style=\"height:100px\" aria-hidden=\"true\" class=\"wp-block-spacer\"><\/div>\n\n\n\n<div class=\"wp-block-uagb-container uagb-block-554de098 alignfull uagb-is-root-container\"><div class=\"uagb-container-inner-blocks-wrap\">\n<div class=\"wp-block-uagb-container uagb-block-fa21e9e1\">\n<div class=\"wp-block-uagb-container uagb-block-c59ffcdd\"><\/div>\n\n\n\n<div class=\"wp-block-uagb-container uagb-block-977479ec\">\n<div class=\"wp-block-uagb-columns uagb-columns__wrap uagb-columns__background-none uagb-columns__stack-none uagb-columns__valign-center uagb-columns__gap-0 align uagb-block-e9c44bdd uagb-columns__columns-4 uagb-columns__max_width-custom\"><div class=\"uagb-columns__overlay\"><\/div><div class=\"uagb-columns__inner-wrap uagb-columns__columns-4\">\n<div class=\"wp-block-uagb-column uagb-column__wrap uagb-column__background-image uagb-block-4bf0ec83\"><div class=\"uagb-column__overlay\"><\/div>\n<div class=\"wp-block-uagb-buttons uagb-buttons__outer-wrap uagb-btn__medium-btn uagb-btn-tablet__default-btn uagb-btn-mobile__default-btn uagb-block-f5f1cc81\"><div class=\"uagb-buttons__wrap uagb-buttons-layout-wrap\">\n<div class=\"wp-block-uagb-buttons-child uagb-buttons__outer-wrap uagb-block-88e1d810 wp-block-button\"><div class=\"uagb-button__wrapper\"><a class=\"uagb-buttons-repeater wp-block-button__link\" href=\"\/softplc-sahalinja\/\" onclick=\"return true;\" rel=\"follow noopener\" target=\"_self\"><\/a><\/div><\/div>\n<\/div><\/div>\n<\/div>\n\n\n\n<div class=\"wp-block-uagb-column uagb-column__wrap uagb-column__background-image uagb-block-eda592cf\"><div class=\"uagb-column__overlay\"><\/div>\n<div class=\"wp-block-uagb-buttons uagb-buttons__outer-wrap uagb-btn__medium-btn uagb-btn-tablet__default-btn uagb-btn-mobile__default-btn uagb-block-96806da7\"><div class=\"uagb-buttons__wrap uagb-buttons-layout-wrap\">\n<div class=\"wp-block-uagb-buttons-child uagb-buttons__outer-wrap uagb-block-388823cb wp-block-button\"><div class=\"uagb-button__wrapper\"><a class=\"uagb-buttons-repeater wp-block-button__link\" href=\"\/inx-en\/softplc-sawhouse\/\" onclick=\"return true;\" rel=\"follow noopener\" target=\"_self\"><\/a><\/div><\/div>\n<\/div><\/div>\n<\/div>\n\n\n\n<div class=\"wp-block-uagb-column uagb-column__wrap uagb-column__background-image uagb-block-7a453c43\"><div class=\"uagb-column__overlay\"><\/div>\n<div class=\"wp-block-uagb-buttons uagb-buttons__outer-wrap uagb-btn__medium-btn uagb-btn-tablet__default-btn uagb-btn-mobile__default-btn uagb-block-21c231f0\"><div class=\"uagb-buttons__wrap uagb-buttons-layout-wrap\">\n<div class=\"wp-block-uagb-buttons-child uagb-buttons__outer-wrap uagb-block-1ab832be wp-block-button\"><div class=\"uagb-button__wrapper\"><a class=\"uagb-buttons-repeater wp-block-button__link\" href=\"\/inx-se\/softplc-saglinje\/\" onclick=\"return true;\" rel=\"follow noopener\" target=\"_self\"><\/a><\/div><\/div>\n<\/div><\/div>\n<\/div>\n\n\n\n<div class=\"wp-block-uagb-column uagb-column__wrap uagb-column__background-image uagb-block-7528eb53\"><div class=\"uagb-column__overlay\"><\/div>\n<div class=\"wp-block-uagb-buttons uagb-buttons__outer-wrap uagb-btn__medium-btn uagb-btn-tablet__default-btn uagb-btn-mobile__default-btn uagb-block-dca780c2\"><div class=\"uagb-buttons__wrap uagb-buttons-layout-wrap\">\n<div class=\"wp-block-uagb-buttons-child uagb-buttons__outer-wrap uagb-block-e6b05bc0 wp-block-button\"><div class=\"uagb-button__wrapper\"><a class=\"uagb-buttons-repeater wp-block-button__link\" href=\"\/inx-de\/softplc-sawhouse\/\" onclick=\"return true;\" rel=\"follow noopener\" target=\"_self\"><\/a><\/div><\/div>\n<\/div><\/div>\n<\/div>\n<\/div><\/div>\n<\/div>\n<\/div>\n\n\n\n<div style=\"height:82px\" aria-hidden=\"true\" class=\"wp-block-spacer\"><\/div>\n\n\n\n<div class=\"wp-block-uagb-advanced-heading uagb-block-1883f51d\"><h2 class=\"uagb-heading-text\">SoftPLC                    <\/h2><p class=\"uagb-desc-text\">Steuerungslogik                     <\/p><\/div>\n\n\n\n<div style=\"height:101px\" aria-hidden=\"true\" class=\"wp-block-spacer\"><\/div>\n<\/div><\/div>\n\n\n\n<div class=\"wp-block-uagb-container uagb-block-ece7b3c6 alignfull uagb-is-root-container\"><div class=\"uagb-container-inner-blocks-wrap\">\n<div class=\"wp-block-uagb-container uagb-block-454a63e1\">\n<div style=\"height:34px\" aria-hidden=\"true\" class=\"wp-block-spacer\"><\/div>\n\n\n\n<div class=\"wp-block-uagb-advanced-heading uagb-block-4247554f\"><h2 class=\"uagb-heading-text\">SoftPLC Logiksteuerung f\u00fcr das ganze S\u00e4gewerk<\/h2><\/div>\n\n\n\n<p>Inx-Service bietet intelligente Messeinrichtungen und Optimierungsl\u00f6sungen f\u00fcr Anwendungsbereiche von Rundholzplatz bis zu Hobelwerk. Die n\u00f6tige Steuerungslogik kann durch den Einsatz von der integrierten SoftPLC-Applikation von Inx-Service implementiert.<\/p>\n\n\n\n<p>Die Steuerungslogik und Messeinrichtungen sind nahtlos mit dem EDV-System des S\u00e4gewerks verbunden, weil beide Software-Applikationen in demselben Rechner laufen. Beide Applikationen sind mit demselben EtherCat-Bus verbunden und benutzen dasselbe IO-System. Dies gew\u00e4hrleistet flie\u00dfende Kommunikation zwischen dem Logiksteuerungssystem und den Messeinrichtungen.<br><br><\/p>\n<\/div>\n\n\n\n<div class=\"wp-block-uagb-container uagb-block-02f99516\">\n<figure class=\"wp-block-image size-large\"><img decoding=\"async\" src=\"https:\/\/inx.fi\/inx-de\/wp-content\/uploads\/sites\/5\/2023\/07\/PLCohjaus.jpeg\" alt=\"\"\/><\/figure>\n<\/div>\n<\/div><\/div>\n\n\n\n<div class=\"wp-block-uagb-container uagb-block-c77f8542 alignfull uagb-is-root-container\"><div class=\"uagb-container-inner-blocks-wrap\">\n<div class=\"wp-block-uagb-advanced-heading uagb-block-cabfc0fd\"><h2 class=\"uagb-heading-text\">Einfache und freundliche Bediener-Oberfl\u00e4che<\/h2><\/div>\n\n\n\n<p>Die Bediener-Oberfl\u00e4che des Logiksteuerungssystems basiert sich auf die Benutzung vom objektorientierten Touchscreen, der es sehr leicht und grafisch erm\u00f6glicht, die Betriebsabl\u00e4ufe im S\u00e4geprozess zu folgen und zu kontrollieren. Die Funktionen der Bediener-Oberfl\u00e4che sind durch die in dem Qt-Entwicklungstoolkit integrierten Komponenten von Inx-Service definiert. Weil die Steuerungslogik ein voll-integriertes Teil der Messeinrichtung ist, ist es ziemlich einfach, allerleie Steuerungsma\u03b2nahmen w\u00e4hrend der Gesamtlebensdauer der Systeml\u00f6sung zu ergreifen.<br><br><\/p>\n<\/div><\/div>\n\n\n\n<div class=\"wp-block-uagb-container uagb-block-385763f8 alignfull uagb-is-root-container\"><div class=\"uagb-container-inner-blocks-wrap\">\n<div class=\"wp-block-uagb-advanced-heading uagb-block-1253b043\"><h2 class=\"uagb-heading-text\">Flexibel Applikationsentwicklung<\/h2><\/div>\n\n\n\n<p>Die Funktionen der Logiksteuerung werden durch das grafische Applikationsentwicklungstoolkit definiert. Dies erzeugt den Quellcode der Applikation in C-Sprache, der dann \u00fcbersetzt und ins Software-Paket kompiliert wird. Weitere Applikationen k\u00f6nnen mit der allen Logikprogrammsprachen gem. des IEC 61131-3-Standards entwickelt werden.<\/p>\n\n\n\n<p>Das Applikationsentwicklungstoolkit wird in dem Rechner des Kunden zu zuk\u00fcnftigem Bedarf installiert, z.B. dadurch ist es m\u00f6glich, weitere Untersuchungen des Steuerungssystems, Fehlersuche in Sensoren und Kabeln zu unternehmen bzw. die Logiksteuerungs-Applikation zu ver\u00e4ndern.<br><br><\/p>\n<\/div><\/div>\n\n\n\n<div class=\"wp-block-uagb-container uagb-block-1f69a3fd alignfull uagb-is-root-container\"><div class=\"uagb-container-inner-blocks-wrap\">\n<div class=\"wp-block-uagb-container uagb-block-c0680c51\">\n<div class=\"wp-block-uagb-advanced-heading uagb-block-c006ce1c\"><h2 class=\"uagb-heading-text\">Produktl\u00f6sungen f\u00fcr die S\u00e4gehalle<\/h2><\/div>\n\n\n\n<div class=\"wp-block-uagb-buttons uagb-buttons__outer-wrap uagb-btn__small-btn uagb-btn-tablet__default-btn uagb-btn-mobile__default-btn uagb-block-52a982e1\"><div class=\"uagb-buttons__wrap uagb-buttons-layout-wrap\">\n<div class=\"wp-block-uagb-buttons-child uagb-buttons__outer-wrap uagb-block-9697eb06 wp-block-button is-style-outline\"><div class=\"uagb-button__wrapper\"><a class=\"uagb-buttons-repeater wp-block-button__link\" href=\"\/inx-de\/optilog\/\" onclick=\"return true;\" rel=\"follow noopener\" target=\"_self\"><div class=\"uagb-button__link\">OptiLog S\u00e4geoptimierung<\/div><\/a><\/div><\/div>\n\n\n\n<div class=\"wp-block-uagb-buttons-child uagb-buttons__outer-wrap uagb-block-d369ba1e wp-block-button is-style-outline\"><div class=\"uagb-button__wrapper\"><a class=\"uagb-buttons-repeater wp-block-button__link\" href=\"\/inx-de\/seecon\/\" onclick=\"return true;\" rel=\"follow noopener\" target=\"_self\"><div class=\"uagb-button__link\">SeeCon Mass\u00fcberwachungssystem f\u00fcr Schnittholz<\/div><\/a><\/div><\/div>\n\n\n\n<div class=\"wp-block-uagb-buttons-child uagb-buttons__outer-wrap uagb-block-7e6d294e wp-block-button is-style-outline\"><div class=\"uagb-button__wrapper\"><a class=\"uagb-buttons-repeater wp-block-button__link\" href=\"\/inx-de\/sawblade\/\" onclick=\"return true;\" rel=\"follow noopener\" target=\"_self\"><div class=\"uagb-button__link\">SawBlade Manager \u00dcberwachungsystem<\/div><\/a><\/div><\/div>\n\n\n\n<div class=\"wp-block-uagb-buttons-child uagb-buttons__outer-wrap uagb-block-efe6662f wp-block-button is-style-outline\"><div class=\"uagb-button__wrapper\"><a class=\"uagb-buttons-repeater wp-block-button__link\" href=\"\/inx-de\/optigrader-edger\/\" onclick=\"return true;\" rel=\"follow noopener\" target=\"_self\"><div class=\"uagb-button__link\">OptiGrader Edger Optimierung bei Bes\u00e4umung<\/div><\/a><\/div><\/div>\n<\/div><\/div>\n\n\n\n<div class=\"wp-block-uagb-buttons uagb-buttons__outer-wrap uagb-btn__small-btn uagb-btn-tablet__default-btn uagb-btn-mobile__default-btn uagb-block-15acb4af\"><div class=\"uagb-buttons__wrap uagb-buttons-layout-wrap\">\n<div class=\"wp-block-uagb-buttons-child uagb-buttons__outer-wrap uagb-block-757a6b1d wp-block-button is-style-outline\"><div class=\"uagb-button__wrapper\"><a class=\"uagb-buttons-repeater wp-block-button__link\" href=\"\/inx-de\/optiedger\/\" onclick=\"return true;\" rel=\"follow noopener\" target=\"_self\"><div class=\"uagb-button__link\">OptiEdger Vollprofil-Waldkantenscanner<\/div><\/a><\/div><\/div>\n\n\n\n<div class=\"wp-block-uagb-buttons-child uagb-buttons__outer-wrap uagb-block-2653ff1f wp-block-button is-style-outline\"><div class=\"uagb-button__wrapper\"><a class=\"uagb-buttons-repeater wp-block-button__link\" href=\"\/inx-de\/optigrader-gs\/\" onclick=\"return true;\" rel=\"follow noopener\" target=\"_self\"><div class=\"uagb-button__link\">OptiGrader GS Optimierung von Kernholz<\/div><\/a><\/div><\/div>\n\n\n\n<div class=\"wp-block-uagb-buttons-child uagb-buttons__outer-wrap uagb-block-eec3560b wp-block-button is-style-outline\"><div class=\"uagb-button__wrapper\"><a class=\"uagb-buttons-repeater wp-block-button__link\" href=\"\/inx-de\/edcon\/\" onclick=\"return true;\" rel=\"follow noopener\" target=\"_self\"><div class=\"uagb-button__link\">EdCon Pr\u00fcfger\u00e4t f\u00fcr Bes\u00e4umung<\/div><\/a><\/div><\/div>\n<\/div><\/div>\n\n\n\n<div class=\"wp-block-uagb-buttons uagb-buttons__outer-wrap uagb-btn__small-btn uagb-btn-tablet__default-btn uagb-btn-mobile__default-btn uagb-block-3106ff34\"><div class=\"uagb-buttons__wrap uagb-buttons-layout-wrap\">\n<div class=\"wp-block-uagb-buttons-child uagb-buttons__outer-wrap uagb-block-57380284 wp-block-button is-style-outline\"><div class=\"uagb-button__wrapper\"><a class=\"uagb-buttons-repeater wp-block-button__link\" href=\"\/inx-de\/fordersysteme\/\" onclick=\"return true;\" rel=\"follow noopener\" target=\"_self\"><div class=\"uagb-button__link\">F\u00f6rdersysteme<\/div><\/a><\/div><\/div>\n\n\n\n<div class=\"wp-block-uagb-buttons-child uagb-buttons__outer-wrap uagb-block-44e6abbb wp-block-button is-style-outline\"><div class=\"uagb-button__wrapper\"><a class=\"uagb-buttons-repeater wp-block-button__link\" href=\"\/inx-de\/softplc-sawhouse\/\" onclick=\"return true;\" rel=\"follow noopener\" target=\"_self\"><div class=\"uagb-button__link\">SoftPLC Steuerungslogik<\/div><\/a><\/div><\/div>\n<\/div><\/div>\n<\/div>\n<\/div><\/div>\n\n\n\n<div style=\"height:30px\" aria-hidden=\"true\" class=\"wp-block-spacer\"><\/div>\n","protected":false},"excerpt":{"rendered":"<p>SoftPLC Steuerungslogik SoftPLC Logiksteuerung f\u00fcr das ganze S\u00e4gewerk Inx-Service bietet intelligente Messeinrichtungen und Optimierungsl\u00f6sungen f\u00fcr Anwendungsbereiche von Rundholzplatz bis zu Hobelwerk. Die n\u00f6tige Steuerungslogik kann durch den Einsatz von der integrierten SoftPLC-Applikation von Inx-Service implementiert. Die Steuerungslogik und Messeinrichtungen sind nahtlos mit dem EDV-System des S\u00e4gewerks verbunden, weil beide Software-Applikationen in demselben Rechner laufen. Beide [&hellip;]<\/p>\n","protected":false},"author":1,"featured_media":0,"parent":0,"menu_order":0,"comment_status":"closed","ping_status":"closed","template":"","meta":{"_uag_custom_page_level_css":"","site-sidebar-layout":"default","site-content-layout":"","ast-site-content-layout":"default","site-content-style":"default","site-sidebar-style":"default","ast-global-header-display":"","ast-banner-title-visibility":"","ast-main-header-display":"","ast-hfb-above-header-display":"","ast-hfb-below-header-display":"","ast-hfb-mobile-header-display":"","site-post-title":"disabled","ast-breadcrumbs-content":"","ast-featured-img":"","footer-sml-layout":"","ast-disable-related-posts":"","theme-transparent-header-meta":"","adv-header-id-meta":"","stick-header-meta":"","header-above-stick-meta":"","header-main-stick-meta":"","header-below-stick-meta":"","astra-migrate-meta-layouts":"default","ast-page-background-enabled":"default","ast-page-background-meta":{"desktop":{"background-color":"var(--ast-global-color-4)","background-image":"","background-repeat":"repeat","background-position":"center center","background-size":"auto","background-attachment":"scroll","background-type":"","background-media":"","overlay-type":"","overlay-color":"","overlay-opacity":"","overlay-gradient":""},"tablet":{"background-color":"","background-image":"","background-repeat":"repeat","background-position":"center center","background-size":"auto","background-attachment":"scroll","background-type":"","background-media":"","overlay-type":"","overlay-color":"","overlay-opacity":"","overlay-gradient":""},"mobile":{"background-color":"","background-image":"","background-repeat":"repeat","background-position":"center center","background-size":"auto","background-attachment":"scroll","background-type":"","background-media":"","overlay-type":"","overlay-color":"","overlay-opacity":"","overlay-gradient":""}},"ast-content-background-meta":{"desktop":{"background-color":"var(--ast-global-color-5)","background-image":"","background-repeat":"repeat","background-position":"center center","background-size":"auto","background-attachment":"scroll","background-type":"","background-media":"","overlay-type":"","overlay-color":"","overlay-opacity":"","overlay-gradient":""},"tablet":{"background-color":"var(--ast-global-color-5)","background-image":"","background-repeat":"repeat","background-position":"center center","background-size":"auto","background-attachment":"scroll","background-type":"","background-media":"","overlay-type":"","overlay-color":"","overlay-opacity":"","overlay-gradient":""},"mobile":{"background-color":"var(--ast-global-color-5)","background-image":"","background-repeat":"repeat","background-position":"center center","background-size":"auto","background-attachment":"scroll","background-type":"","background-media":"","overlay-type":"","overlay-color":"","overlay-opacity":"","overlay-gradient":""}},"footnotes":""},"class_list":["post-2068","page","type-page","status-publish","hentry"],"uagb_featured_image_src":{"full":false,"thumbnail":false,"medium":false,"medium_large":false,"large":false,"1536x1536":false,"2048x2048":false},"uagb_author_info":{"display_name":"inxuser","author_link":"https:\/\/inx.fi\/inx-de\/blog\/author\/inxuser\/"},"uagb_comment_info":0,"uagb_excerpt":"SoftPLC Steuerungslogik SoftPLC Logiksteuerung f\u00fcr das ganze S\u00e4gewerk Inx-Service bietet intelligente Messeinrichtungen und Optimierungsl\u00f6sungen f\u00fcr Anwendungsbereiche von Rundholzplatz bis zu Hobelwerk. Die n\u00f6tige Steuerungslogik kann durch den Einsatz von der integrierten SoftPLC-Applikation von Inx-Service implementiert. Die Steuerungslogik und Messeinrichtungen sind nahtlos mit dem EDV-System des S\u00e4gewerks verbunden, weil beide Software-Applikationen in demselben Rechner laufen. Beide&hellip;","_links":{"self":[{"href":"https:\/\/inx.fi\/inx-de\/wp-json\/wp\/v2\/pages\/2068","targetHints":{"allow":["GET"]}}],"collection":[{"href":"https:\/\/inx.fi\/inx-de\/wp-json\/wp\/v2\/pages"}],"about":[{"href":"https:\/\/inx.fi\/inx-de\/wp-json\/wp\/v2\/types\/page"}],"author":[{"embeddable":true,"href":"https:\/\/inx.fi\/inx-de\/wp-json\/wp\/v2\/users\/1"}],"replies":[{"embeddable":true,"href":"https:\/\/inx.fi\/inx-de\/wp-json\/wp\/v2\/comments?post=2068"}],"version-history":[{"count":19,"href":"https:\/\/inx.fi\/inx-de\/wp-json\/wp\/v2\/pages\/2068\/revisions"}],"predecessor-version":[{"id":2647,"href":"https:\/\/inx.fi\/inx-de\/wp-json\/wp\/v2\/pages\/2068\/revisions\/2647"}],"wp:attachment":[{"href":"https:\/\/inx.fi\/inx-de\/wp-json\/wp\/v2\/media?parent=2068"}],"curies":[{"name":"wp","href":"https:\/\/api.w.org\/{rel}","templated":true}]}}