{"id":1951,"date":"2023-03-07T12:57:58","date_gmt":"2023-03-07T10:57:58","guid":{"rendered":"https:\/\/192.168.0.156\/inx-se\/?page_id=1951"},"modified":"2024-02-26T16:15:27","modified_gmt":"2024-02-26T14:15:27","slug":"vidareforadling","status":"publish","type":"page","link":"https:\/\/inx.fi\/inx-se\/vidareforadling\/","title":{"rendered":"Vidaref\u00f6r\u00e4dling"},"content":{"rendered":"\n<div style=\"height:100px\" aria-hidden=\"true\" class=\"wp-block-spacer\"><\/div>\n\n\n\n<div class=\"wp-block-uagb-container uagb-block-da8b5d18 alignfull uagb-is-root-container\"><div class=\"uagb-container-inner-blocks-wrap\">\n<div class=\"wp-block-uagb-container uagb-block-12daac04\">\n<div class=\"wp-block-uagb-container uagb-block-dc0b3ddb\"><\/div>\n\n\n\n<div class=\"wp-block-uagb-container uagb-block-2924e737\">\n<div class=\"wp-block-uagb-columns uagb-columns__wrap uagb-columns__background-none uagb-columns__stack-none uagb-columns__valign-center uagb-columns__gap-0 align uagb-block-2e391dbf uagb-columns__columns-4 uagb-columns__max_width-custom\"><div class=\"uagb-columns__overlay\"><\/div><div class=\"uagb-columns__inner-wrap uagb-columns__columns-4\">\n<div class=\"wp-block-uagb-column uagb-column__wrap uagb-column__background-image uagb-block-14d92d37\"><div class=\"uagb-column__overlay\"><\/div>\n<div class=\"wp-block-uagb-buttons uagb-buttons__outer-wrap uagb-btn__medium-btn uagb-btn-tablet__default-btn uagb-btn-mobile__default-btn uagb-block-ee7382f8\"><div class=\"uagb-buttons__wrap uagb-buttons-layout-wrap\">\n<div class=\"wp-block-uagb-buttons-child uagb-buttons__outer-wrap uagb-block-9594cb1e wp-block-button\"><div class=\"uagb-button__wrapper\"><a class=\"uagb-buttons-repeater wp-block-button__link\" aria-label=\"Click Here\" href=\"\/jatkojalostus\/\" rel=\"follow noopener\" target=\"_self\"><\/a><\/div><\/div>\n<\/div><\/div>\n<\/div>\n\n\n\n<div class=\"wp-block-uagb-column uagb-column__wrap uagb-column__background-image uagb-block-e3e6dd43\"><div class=\"uagb-column__overlay\"><\/div>\n<div class=\"wp-block-uagb-buttons uagb-buttons__outer-wrap uagb-btn__medium-btn uagb-btn-tablet__default-btn uagb-btn-mobile__default-btn uagb-block-7783027f\"><div class=\"uagb-buttons__wrap uagb-buttons-layout-wrap\">\n<div class=\"wp-block-uagb-buttons-child uagb-buttons__outer-wrap uagb-block-232d5a9d wp-block-button\"><div class=\"uagb-button__wrapper\"><a class=\"uagb-buttons-repeater wp-block-button__link\" aria-label=\"Click Here\" href=\"\/inx-en\/timber-remanufacturing\/\" rel=\"follow noopener\" target=\"_self\"><\/a><\/div><\/div>\n<\/div><\/div>\n<\/div>\n\n\n\n<div class=\"wp-block-uagb-column uagb-column__wrap uagb-column__background-image uagb-block-f13e3930\"><div class=\"uagb-column__overlay\"><\/div>\n<div class=\"wp-block-uagb-buttons uagb-buttons__outer-wrap uagb-btn__medium-btn uagb-btn-tablet__default-btn uagb-btn-mobile__default-btn uagb-block-9f9a6cf3\"><div class=\"uagb-buttons__wrap uagb-buttons-layout-wrap\">\n<div class=\"wp-block-uagb-buttons-child uagb-buttons__outer-wrap uagb-block-f05a0259 wp-block-button\"><div class=\"uagb-button__wrapper\"><a class=\"uagb-buttons-repeater wp-block-button__link\" aria-label=\"Click Here\" href=\"\/inx-se\/vidareforadling\/\" rel=\"follow noopener\" target=\"_self\"><\/a><\/div><\/div>\n<\/div><\/div>\n<\/div>\n\n\n\n<div class=\"wp-block-uagb-column uagb-column__wrap uagb-column__background-image uagb-block-feeaf381\"><div class=\"uagb-column__overlay\"><\/div>\n<div class=\"wp-block-uagb-buttons uagb-buttons__outer-wrap uagb-btn__medium-btn uagb-btn-tablet__default-btn uagb-btn-mobile__default-btn uagb-block-01e3c335\"><div class=\"uagb-buttons__wrap uagb-buttons-layout-wrap\">\n<div class=\"wp-block-uagb-buttons-child uagb-buttons__outer-wrap uagb-block-3b2b4ee5 wp-block-button\"><div class=\"uagb-button__wrapper\"><a class=\"uagb-buttons-repeater wp-block-button__link\" aria-label=\"Click Here\" href=\"\/inx-de\/weiterverarbeitung\/\" rel=\"follow noopener\" target=\"_self\"><\/a><\/div><\/div>\n<\/div><\/div>\n<\/div>\n<\/div><\/div>\n<\/div>\n<\/div>\n\n\n\n<div style=\"height:82px\" aria-hidden=\"true\" class=\"wp-block-spacer\"><\/div>\n\n\n\n<div class=\"wp-block-uagb-advanced-heading uagb-block-deb6d331\"><h2 class=\"uagb-heading-text\">Vidaref\u00f6r\u00e4dling                    <\/h2><p class=\"uagb-desc-text\">Vidaref\u00f6r\u00e4dlingens automatisering                        <\/p><\/div>\n\n\n\n<div style=\"height:101px\" aria-hidden=\"true\" class=\"wp-block-spacer\"><\/div>\n<\/div><\/div>\n\n\n\n<div class=\"wp-block-uagb-container uagb-block-10ee98b1 alignfull uagb-is-root-container\"><div class=\"uagb-container-inner-blocks-wrap\">\n<div class=\"wp-block-uagb-container uagb-block-053030a9\">\n<div class=\"wp-block-uagb-container uagb-block-c1ce42f9\">\n<div class=\"wp-block-uagb-advanced-heading uagb-block-40fbf5a2\"><h2 class=\"uagb-heading-text\">I vidaref\u00f6r\u00e4dlingen kontrolleras efter torkningen virkets eventuella sprickor och hur defekterna kapas av.<\/h2><\/div>\n\n\n\n<p>F\u00f6re hyvling skall virket v\u00e4ndas med fiberm\u00f6nstret \u00e5t r\u00e4tt h\u00e5ll. Efter hyveln kontrolleras virkets dimension, kapningen optimeras och d\u00e4refter utf\u00f6rs slutgiltig kvalitetssortering. Kvalitetssorteringen kan utf\u00f6ras enligt kundens kvalitetsregler eller enligt de nordiska reglerna, NLGA eller JAS.<\/p>\n<\/div>\n\n\n\n<div class=\"wp-block-uagb-container uagb-block-9ad6a459\">\n<div style=\"height:30px\" aria-hidden=\"true\" class=\"wp-block-spacer\"><\/div>\n\n\n\n<figure class=\"wp-block-image size-large\"><img decoding=\"async\" src=\"https:\/\/inx.fi\/inx-se\/wp-content\/uploads\/sites\/4\/2023\/07\/sizcon.jpeg\" alt=\"\"\/><\/figure>\n<\/div>\n<\/div>\n<\/div><\/div>\n\n\n\n<div class=\"wp-block-uagb-container uagb-block-c0e7eff4 alignfull uagb-is-root-container\"><div class=\"uagb-container-inner-blocks-wrap\">\n<div class=\"wp-block-uagb-container uagb-block-90565071\">\n<div class=\"wp-block-uagb-container uagb-block-ec80c9e5\">\n<p>Vidaref\u00f6r\u00e4dlingens och hela verkets maskinstyrningar kan ske med SoftPLC-programmet ist\u00e4llet f\u00f6r traditionell logikstyrning. H\u00e4rigenom kan m\u00e4tarsystemen enkelt integreras med verkets styrningslogik.<\/p>\n\n\n\n<p>Vid behov kan vi ansluta Inx-Service m\u00e4tar- och styrsystem till verkets befintliga styrningslogik (t. ex. Siemens, Omron eller Mitsubishi) via Ethernet. Inx-Service system utf\u00f6r d\u00e5 alla m\u00e4tnings-, ber\u00e4knings- och fackstyrningar medan det traditionella logiksystemet styr transport\u00f6rer och motsvarande anl\u00e4ggningar.<\/p>\n<\/div>\n<\/div>\n\n\n\n<div class=\"wp-block-uagb-container uagb-block-c0bc9634\">\n<div class=\"wp-block-uagb-container uagb-block-0003ee39\">\n<div class=\"wp-block-uagb-advanced-heading uagb-block-b4cd2320\"><h2 class=\"uagb-heading-text\">Vidaref\u00f6r\u00e4dlingens produktfamilj<\/h2><\/div>\n\n\n\n<div class=\"wp-block-uagb-buttons uagb-buttons__outer-wrap uagb-btn__small-btn uagb-btn-tablet__default-btn uagb-btn-mobile__default-btn uagb-block-cb07a9b3\"><div class=\"uagb-buttons__wrap uagb-buttons-layout-wrap\">\n<div class=\"wp-block-uagb-buttons-child uagb-buttons__outer-wrap uagb-block-89b31a61 wp-block-button is-style-outline\"><div class=\"uagb-button__wrapper\"><a class=\"uagb-buttons-repeater wp-block-button__link\" aria-label=\"\" href=\"\/inx-se\/splitcon\/\" rel=\"follow noopener\" target=\"_self\"><div class=\"uagb-button__link\">SplitCon-sprickm\u00e4tare<\/div><\/a><\/div><\/div>\n\n\n\n<div class=\"wp-block-uagb-buttons-child uagb-buttons__outer-wrap uagb-block-6a185818 wp-block-button is-style-outline\"><div class=\"uagb-button__wrapper\"><a class=\"uagb-buttons-repeater wp-block-button__link\" aria-label=\"\" href=\"\/inx-se\/cupcon\/\" rel=\"follow noopener\" target=\"_self\"><div class=\"uagb-button__link\">CupCon-v\u00e4ndningsm\u00e4tare<\/div><\/a><\/div><\/div>\n\n\n\n<div class=\"wp-block-uagb-buttons-child uagb-buttons__outer-wrap uagb-block-53ca1106 wp-block-button is-style-outline\"><div class=\"uagb-button__wrapper\"><a class=\"uagb-buttons-repeater wp-block-button__link\" aria-label=\"\" href=\"\/inx-se\/optigrader-planer\/\" rel=\"follow noopener\" target=\"_self\"><div class=\"uagb-button__link\">OptiGrader Planer -optimeringssystem<\/div><\/a><\/div><\/div>\n\n\n\n<div class=\"wp-block-uagb-buttons-child uagb-buttons__outer-wrap uagb-block-1433daa2 wp-block-button is-style-outline\"><div class=\"uagb-button__wrapper\"><a class=\"uagb-buttons-repeater wp-block-button__link\" aria-label=\"\" href=\"\/inx-se\/optigrader-crc\/\" rel=\"follow noopener\" target=\"_self\"><div class=\"uagb-button__link\">OptiGrader CRC -optimeringssystem<\/div><\/a><\/div><\/div>\n<\/div><\/div>\n\n\n\n<div class=\"wp-block-uagb-buttons uagb-buttons__outer-wrap uagb-btn__small-btn uagb-btn-tablet__default-btn uagb-btn-mobile__default-btn uagb-block-f63eeeb6\"><div class=\"uagb-buttons__wrap uagb-buttons-layout-wrap\">\n<div class=\"wp-block-uagb-buttons-child uagb-buttons__outer-wrap uagb-block-66a4ee68 wp-block-button is-style-outline\"><div class=\"uagb-button__wrapper\"><a class=\"uagb-buttons-repeater wp-block-button__link\" aria-label=\"\" href=\"\/inx-se\/logcon\/\" rel=\"follow noopener\" target=\"_self\"><div class=\"uagb-button__link\">LogCon-<\/div><\/a><\/div><\/div>\n\n\n\n<div class=\"wp-block-uagb-buttons-child uagb-buttons__outer-wrap uagb-block-a698626b wp-block-button is-style-outline\"><div class=\"uagb-button__wrapper\"><a class=\"uagb-buttons-repeater wp-block-button__link\" aria-label=\"\" href=\"\/inx-se\/softplc-vidareforadling\/\" rel=\"follow noopener\" target=\"_self\"><div class=\"uagb-button__link\">SoftPLC-styrsystem<\/div><\/a><\/div><\/div>\n<\/div><\/div>\n<\/div>\n<\/div>\n<\/div><\/div>\n\n\n\n<div style=\"height:30px\" aria-hidden=\"true\" class=\"wp-block-spacer\"><\/div>\n","protected":false},"excerpt":{"rendered":"<p>Vidaref\u00f6r\u00e4dling Vidaref\u00f6r\u00e4dlingens automatisering I vidaref\u00f6r\u00e4dlingen kontrolleras efter torkningen virkets eventuella sprickor och hur defekterna kapas av. F\u00f6re hyvling skall virket v\u00e4ndas med fiberm\u00f6nstret \u00e5t r\u00e4tt h\u00e5ll. Efter hyveln kontrolleras virkets dimension, kapningen optimeras och d\u00e4refter utf\u00f6rs slutgiltig kvalitetssortering. Kvalitetssorteringen kan utf\u00f6ras enligt kundens kvalitetsregler eller enligt de nordiska reglerna, NLGA eller JAS. Vidaref\u00f6r\u00e4dlingens och hela [&hellip;]<\/p>\n","protected":false},"author":1,"featured_media":0,"parent":0,"menu_order":0,"comment_status":"closed","ping_status":"closed","template":"","meta":{"_uag_custom_page_level_css":"","site-sidebar-layout":"default","site-content-layout":"","ast-site-content-layout":"default","site-content-style":"default","site-sidebar-style":"default","ast-global-header-display":"","ast-banner-title-visibility":"","ast-main-header-display":"","ast-hfb-above-header-display":"","ast-hfb-below-header-display":"","ast-hfb-mobile-header-display":"","site-post-title":"disabled","ast-breadcrumbs-content":"","ast-featured-img":"","footer-sml-layout":"","ast-disable-related-posts":"","theme-transparent-header-meta":"","adv-header-id-meta":"","stick-header-meta":"","header-above-stick-meta":"","header-main-stick-meta":"","header-below-stick-meta":"","astra-migrate-meta-layouts":"set","ast-page-background-enabled":"default","ast-page-background-meta":{"desktop":{"background-color":"var(--ast-global-color-4)","background-image":"","background-repeat":"repeat","background-position":"center center","background-size":"auto","background-attachment":"scroll","background-type":"","background-media":"","overlay-type":"","overlay-color":"","overlay-opacity":"","overlay-gradient":""},"tablet":{"background-color":"","background-image":"","background-repeat":"repeat","background-position":"center center","background-size":"auto","background-attachment":"scroll","background-type":"","background-media":"","overlay-type":"","overlay-color":"","overlay-opacity":"","overlay-gradient":""},"mobile":{"background-color":"","background-image":"","background-repeat":"repeat","background-position":"center center","background-size":"auto","background-attachment":"scroll","background-type":"","background-media":"","overlay-type":"","overlay-color":"","overlay-opacity":"","overlay-gradient":""}},"ast-content-background-meta":{"desktop":{"background-color":"var(--ast-global-color-5)","background-image":"","background-repeat":"repeat","background-position":"center center","background-size":"auto","background-attachment":"scroll","background-type":"","background-media":"","overlay-type":"","overlay-color":"","overlay-opacity":"","overlay-gradient":""},"tablet":{"background-color":"var(--ast-global-color-5)","background-image":"","background-repeat":"repeat","background-position":"center center","background-size":"auto","background-attachment":"scroll","background-type":"","background-media":"","overlay-type":"","overlay-color":"","overlay-opacity":"","overlay-gradient":""},"mobile":{"background-color":"var(--ast-global-color-5)","background-image":"","background-repeat":"repeat","background-position":"center center","background-size":"auto","background-attachment":"scroll","background-type":"","background-media":"","overlay-type":"","overlay-color":"","overlay-opacity":"","overlay-gradient":""}},"footnotes":""},"class_list":["post-1951","page","type-page","status-publish","hentry"],"uagb_featured_image_src":{"full":false,"thumbnail":false,"medium":false,"medium_large":false,"large":false,"1536x1536":false,"2048x2048":false},"uagb_author_info":{"display_name":"inxuser","author_link":"https:\/\/inx.fi\/inx-se\/blog\/author\/inxuser\/"},"uagb_comment_info":0,"uagb_excerpt":"Vidaref\u00f6r\u00e4dling Vidaref\u00f6r\u00e4dlingens automatisering I vidaref\u00f6r\u00e4dlingen kontrolleras efter torkningen virkets eventuella sprickor och hur defekterna kapas av. F\u00f6re hyvling skall virket v\u00e4ndas med fiberm\u00f6nstret \u00e5t r\u00e4tt h\u00e5ll. Efter hyveln kontrolleras virkets dimension, kapningen optimeras och d\u00e4refter utf\u00f6rs slutgiltig kvalitetssortering. Kvalitetssorteringen kan utf\u00f6ras enligt kundens kvalitetsregler eller enligt de nordiska reglerna, NLGA eller JAS. Vidaref\u00f6r\u00e4dlingens och hela&hellip;","_links":{"self":[{"href":"https:\/\/inx.fi\/inx-se\/wp-json\/wp\/v2\/pages\/1951","targetHints":{"allow":["GET"]}}],"collection":[{"href":"https:\/\/inx.fi\/inx-se\/wp-json\/wp\/v2\/pages"}],"about":[{"href":"https:\/\/inx.fi\/inx-se\/wp-json\/wp\/v2\/types\/page"}],"author":[{"embeddable":true,"href":"https:\/\/inx.fi\/inx-se\/wp-json\/wp\/v2\/users\/1"}],"replies":[{"embeddable":true,"href":"https:\/\/inx.fi\/inx-se\/wp-json\/wp\/v2\/comments?post=1951"}],"version-history":[{"count":23,"href":"https:\/\/inx.fi\/inx-se\/wp-json\/wp\/v2\/pages\/1951\/revisions"}],"predecessor-version":[{"id":2811,"href":"https:\/\/inx.fi\/inx-se\/wp-json\/wp\/v2\/pages\/1951\/revisions\/2811"}],"wp:attachment":[{"href":"https:\/\/inx.fi\/inx-se\/wp-json\/wp\/v2\/media?parent=1951"}],"curies":[{"name":"wp","href":"https:\/\/api.w.org\/{rel}","templated":true}]}}