{"id":2054,"date":"2023-03-08T13:35:42","date_gmt":"2023-03-08T11:35:42","guid":{"rendered":"https:\/\/192.168.0.156\/inx-se\/?page_id=2054"},"modified":"2023-07-26T09:14:18","modified_gmt":"2023-07-26T06:14:18","slug":"seecon","status":"publish","type":"page","link":"https:\/\/inx.fi\/inx-se\/seecon\/","title":{"rendered":"SeeCon"},"content":{"rendered":"\n<div style=\"height:100px\" aria-hidden=\"true\" class=\"wp-block-spacer\"><\/div>\n\n\n\n<div class=\"wp-block-uagb-container uagb-block-d2d988f5 alignfull uagb-is-root-container\"><div class=\"uagb-container-inner-blocks-wrap\">\n<div class=\"wp-block-uagb-container uagb-block-c258bed3\">\n<div class=\"wp-block-uagb-container uagb-block-e87adfed\"><\/div>\n\n\n\n<div class=\"wp-block-uagb-container uagb-block-43863b27\">\n<div class=\"wp-block-uagb-columns uagb-columns__wrap uagb-columns__background-none uagb-columns__stack-none uagb-columns__valign-center uagb-columns__gap-0 align uagb-block-dffb6767 uagb-columns__columns-4 uagb-columns__max_width-custom\"><div class=\"uagb-columns__overlay\"><\/div><div class=\"uagb-columns__inner-wrap uagb-columns__columns-4\">\n<div class=\"wp-block-uagb-column uagb-column__wrap uagb-column__background-image uagb-block-7bbd2cac\"><div class=\"uagb-column__overlay\"><\/div>\n<div class=\"wp-block-uagb-buttons uagb-buttons__outer-wrap uagb-btn__medium-btn uagb-btn-tablet__default-btn uagb-btn-mobile__default-btn uagb-block-dc7affc4\"><div class=\"uagb-buttons__wrap uagb-buttons-layout-wrap\">\n<div class=\"wp-block-uagb-buttons-child uagb-buttons__outer-wrap uagb-block-2b336d3e wp-block-button\"><div class=\"uagb-button__wrapper\"><a class=\"uagb-buttons-repeater wp-block-button__link\" href=\"\/seecon\/\" onclick=\"return true;\" rel=\"follow noopener\" target=\"_self\"><\/a><\/div><\/div>\n<\/div><\/div>\n<\/div>\n\n\n\n<div class=\"wp-block-uagb-column uagb-column__wrap uagb-column__background-image uagb-block-8e277d73\"><div class=\"uagb-column__overlay\"><\/div>\n<div class=\"wp-block-uagb-buttons uagb-buttons__outer-wrap uagb-btn__medium-btn uagb-btn-tablet__default-btn uagb-btn-mobile__default-btn uagb-block-3691603c\"><div class=\"uagb-buttons__wrap uagb-buttons-layout-wrap\">\n<div class=\"wp-block-uagb-buttons-child uagb-buttons__outer-wrap uagb-block-47e4d33e wp-block-button\"><div class=\"uagb-button__wrapper\"><a class=\"uagb-buttons-repeater wp-block-button__link\" href=\"\/inx-en\/seecon\/\" onclick=\"return true;\" rel=\"follow noopener\" target=\"_self\"><\/a><\/div><\/div>\n<\/div><\/div>\n<\/div>\n\n\n\n<div class=\"wp-block-uagb-column uagb-column__wrap uagb-column__background-image uagb-block-4619262d\"><div class=\"uagb-column__overlay\"><\/div>\n<div class=\"wp-block-uagb-buttons uagb-buttons__outer-wrap uagb-btn__medium-btn uagb-btn-tablet__default-btn uagb-btn-mobile__default-btn uagb-block-fef74b47\"><div class=\"uagb-buttons__wrap uagb-buttons-layout-wrap\">\n<div class=\"wp-block-uagb-buttons-child uagb-buttons__outer-wrap uagb-block-24ecbaff wp-block-button\"><div class=\"uagb-button__wrapper\"><a class=\"uagb-buttons-repeater wp-block-button__link\" href=\"\/inx-se\/seecon\/\" onclick=\"return true;\" rel=\"follow noopener\" target=\"_self\"><\/a><\/div><\/div>\n<\/div><\/div>\n<\/div>\n\n\n\n<div class=\"wp-block-uagb-column uagb-column__wrap uagb-column__background-image uagb-block-8d5ca729\"><div class=\"uagb-column__overlay\"><\/div>\n<div class=\"wp-block-uagb-buttons uagb-buttons__outer-wrap uagb-btn__medium-btn uagb-btn-tablet__default-btn uagb-btn-mobile__default-btn uagb-block-e1579525\"><div class=\"uagb-buttons__wrap uagb-buttons-layout-wrap\">\n<div class=\"wp-block-uagb-buttons-child uagb-buttons__outer-wrap uagb-block-840c9ee2 wp-block-button\"><div class=\"uagb-button__wrapper\"><a class=\"uagb-buttons-repeater wp-block-button__link\" href=\"\/inx-de\/seecon\/\" onclick=\"return true;\" rel=\"follow noopener\" target=\"_self\"><\/a><\/div><\/div>\n<\/div><\/div>\n<\/div>\n<\/div><\/div>\n<\/div>\n<\/div>\n\n\n\n<div style=\"height:82px\" aria-hidden=\"true\" class=\"wp-block-spacer\"><\/div>\n\n\n\n<div class=\"wp-block-uagb-advanced-heading uagb-block-22c05fa8\"><h2 class=\"uagb-heading-text\">SeeCon                     <\/h2><p class=\"uagb-desc-text\">-s\u00e5gens m\u00e5ttkontroll                     <\/p><\/div>\n\n\n\n<div style=\"height:101px\" aria-hidden=\"true\" class=\"wp-block-spacer\"><\/div>\n<\/div><\/div>\n\n\n\n<div class=\"wp-block-uagb-container uagb-block-2d2599dd alignfull uagb-is-root-container\"><div class=\"uagb-container-inner-blocks-wrap\">\n<div class=\"wp-block-uagb-container uagb-block-b46f1f3d\">\n<div class=\"wp-block-uagb-advanced-heading uagb-block-8d414eb6\"><h2 class=\"uagb-heading-text\">SeeCon &#8211; s\u00e5gens m\u00e5ttkontroll<\/h2><\/div>\n\n\n\n<p>SeeCon m\u00e4ter och analyserar s\u00e5gens noggrannhet, kontinuerlig uppf\u00f6ljning av sk\u00e4rsp\u00e5rets fel och m\u00e5ttspridning. M\u00e4taren avsl\u00f6jar och larmar omedelbart om problem uppst\u00e5r i s\u00e5gprocessen, s\u00e5som fallande klingor, wobblande band eller st\u00f6rningar i postnings- och inmatningsutrustningen.<\/p>\n\n\n\n<div class=\"wp-block-uagb-advanced-heading uagb-block-da02db26\"><h3 class=\"uagb-heading-text\">En millimeter ger tio miljoner<\/h3><\/div>\n\n\n\n<p>Uppf\u00f6ljning av m\u00e5ttspridningen m\u00f6jligg\u00f6r en minimering av \u00f6verm\u00e5let i s\u00e5gningen. En exakt k\u00e4nnedom om m\u00e5ttspridningen inneb\u00e4r att s\u00e5gens m\u00e5ttolerans och r\u00e5m\u00e5tt kan s\u00e4ttas p\u00e5 millimetern. I s\u00e5gprocessen har en millimeter betydelse, f\u00f6r varje millimeters \u00f6verm\u00e5l leder till tv\u00e5 procents virkesf\u00f6rlust, dvs med en oms\u00e4ttning p\u00e5 500 miljoner kronor leder till en on\u00f6dig f\u00f6rlust p\u00e5 10 miljoner.<\/p>\n\n\n\n<p>En noggrann uppf\u00f6ljning av m\u00e5ttspridningen m\u00f6jligg\u00f6r ocks\u00e5 optimering av praxis i s\u00e5glinjen. T. ex. en minimering av s\u00e5gsk\u00e4rets tjocklek, f\u00f6r den kontinuerliga m\u00e4tningen s\u00e4kerst\u00e4ller att tunnare verktyg inte \u00f6kar m\u00e5ttspridningen. En halv millimeters tunnare s\u00e5gsp\u00e5r inneb\u00e4r cirka en procents materialvinst.<\/p>\n\n\n\n<div class=\"wp-block-uagb-advanced-heading uagb-block-d09a2068\"><h3 class=\"uagb-heading-text\">Kunskap inneb\u00e4r f\u00f6rebyggande verksamhet<\/h3><\/div>\n\n\n\n<p>Produktionens effektivitet f\u00f6rb\u00e4ttras avsev\u00e4rt d\u00e5 en tillf\u00f6rlitlig kvalitetsuppf\u00f6ljning inneb\u00e4r sk\u00e4rverktygens byten vid r\u00e4tt tidpunkt. Vanligtvis utf\u00f6rs bytet f\u00f6r s\u00e4kerhets skull eller alldeles f\u00f6r sent och b\u00e5da alternativen \u00e4r kostsamma f\u00f6r s\u00e5gverket.<\/p>\n\n\n\n<p>SeeCon m\u00e4tarens funktion grundas p\u00e5 linjekameran med en patenterad speciell optik konstruktion, som m\u00e4ter tjockleken p\u00e5 de s\u00e5gade bitarna i 1\u20263 mm intervall med +\/- 0,087 mm uppl\u00f6sning p\u00e5 hela stockens l\u00e4ngd. Av dessa sk\u00e4l \u00e4r SeeCons m\u00e4tnoggrannhet i en egen klass, och den arbetar ocks\u00e5 f\u00f6r en rundvirke.<\/p>\n\n\n\n<p>M\u00e4tdatat behandlas automatiskt f\u00f6r realtidsrapportering samt historik om s\u00e5gmaskinens funktionalitet. M\u00e4tdatat kan anv\u00e4ndas f\u00f6r daglig produktions- och kvalitetsuppf\u00f6ljning samt f\u00f6r l\u00e5ngsiktig utveckling av s\u00e5gens funktionalitet. Analyserna optimeras om SeeCon m\u00e4taren integreras med databasen SawBlade Manager.<\/p>\n<\/div>\n\n\n\n<div class=\"wp-block-uagb-container uagb-block-630acaa0\">\n<div class=\"wp-block-uagb-image uagb-block-004ac738 wp-block-uagb-image--layout-default wp-block-uagb-image--effect-static wp-block-uagb-image--align-none\"><figure class=\"wp-block-uagb-image__figure\"><img decoding=\"async\"  sizes=\"auto, (max-width: 480px) 150px\" src=\"https:\/\/inx.fi\/inx-se\/wp-content\/uploads\/sites\/4\/2023\/07\/seecon.jpeg\" alt=\"\" width=\"350\" height=\"467\" title=\"\" loading=\"lazy\"\/><\/figure><\/div>\n\n\n\n<div style=\"height:692px\" aria-hidden=\"true\" class=\"wp-block-spacer\"><\/div>\n<\/div>\n<\/div><\/div>\n\n\n\n<div class=\"wp-block-uagb-container uagb-block-36d5dc11 alignfull uagb-is-root-container\"><div class=\"uagb-container-inner-blocks-wrap\">\n<div class=\"wp-block-uagb-container uagb-block-f2921cf8\">\n<div class=\"wp-block-uagb-advanced-heading uagb-block-2ff3a1ea\"><h2 class=\"uagb-heading-text\">S\u00e5glinjens produktfamilj<\/h2><\/div>\n\n\n\n<div class=\"wp-block-uagb-buttons uagb-buttons__outer-wrap uagb-btn__small-btn uagb-btn-tablet__default-btn uagb-btn-mobile__default-btn uagb-block-cfa17376\"><div class=\"uagb-buttons__wrap uagb-buttons-layout-wrap\">\n<div class=\"wp-block-uagb-buttons-child uagb-buttons__outer-wrap uagb-block-eaa5a4d2 wp-block-button is-style-outline\"><div class=\"uagb-button__wrapper\"><a class=\"uagb-buttons-repeater wp-block-button__link\" href=\"\/inx-se\/optilog\/\" onclick=\"return true;\" rel=\"follow noopener\" target=\"_self\"><div class=\"uagb-button__link\">OptiLog-postningsoptimering<\/div><\/a><\/div><\/div>\n\n\n\n<div class=\"wp-block-uagb-buttons-child uagb-buttons__outer-wrap uagb-block-56e9f8ba wp-block-button is-style-outline\"><div class=\"uagb-button__wrapper\"><a class=\"uagb-buttons-repeater wp-block-button__link\" href=\"\/inx-se\/seecon\/\" onclick=\"return true;\" rel=\"follow noopener\" target=\"_self\"><div class=\"uagb-button__link\">SeeCon \u2013 s\u00e5gens m\u00e5ttkontroll<\/div><\/a><\/div><\/div>\n\n\n\n<div class=\"wp-block-uagb-buttons-child uagb-buttons__outer-wrap uagb-block-29959caf wp-block-button is-style-outline\"><div class=\"uagb-button__wrapper\"><a class=\"uagb-buttons-repeater wp-block-button__link\" href=\"\/inx-se\/sawblade\/\" onclick=\"return true;\" rel=\"follow noopener\" target=\"_self\"><div class=\"uagb-button__link\">SawBlade Manager &#8211; databas och analyssystem<\/div><\/a><\/div><\/div>\n\n\n\n<div class=\"wp-block-uagb-buttons-child uagb-buttons__outer-wrap uagb-block-4273fe20 wp-block-button is-style-outline\"><div class=\"uagb-button__wrapper\"><a class=\"uagb-buttons-repeater wp-block-button__link\" href=\"\/inx-se\/optigrader-edger\/\" onclick=\"return true;\" rel=\"follow noopener\" target=\"_self\"><div class=\"uagb-button__link\">OptiGrader Edger \u2013 kantverkets optimeringssystem<\/div><\/a><\/div><\/div>\n<\/div><\/div>\n\n\n\n<div class=\"wp-block-uagb-buttons uagb-buttons__outer-wrap uagb-btn__small-btn uagb-btn-tablet__default-btn uagb-btn-mobile__default-btn uagb-block-85ce7461\"><div class=\"uagb-buttons__wrap uagb-buttons-layout-wrap\">\n<div class=\"wp-block-uagb-buttons-child uagb-buttons__outer-wrap uagb-block-9781a060 wp-block-button is-style-outline\"><div class=\"uagb-button__wrapper\"><a class=\"uagb-buttons-repeater wp-block-button__link\" href=\"\/inx-se\/optiedger\/\" onclick=\"return true;\" rel=\"follow noopener\" target=\"_self\"><div class=\"uagb-button__link\">OptiEdger-vankantsm\u00e4tare<\/div><\/a><\/div><\/div>\n\n\n\n<div class=\"wp-block-uagb-buttons-child uagb-buttons__outer-wrap uagb-block-e7e0b98c wp-block-button is-style-outline\"><div class=\"uagb-button__wrapper\"><a class=\"uagb-buttons-repeater wp-block-button__link\" href=\"\/inx-se\/optigrader-gs\/\" onclick=\"return true;\" rel=\"follow noopener\" target=\"_self\"><div class=\"uagb-button__link\">OptiGrader GS -optimeringssystem<\/div><\/a><\/div><\/div>\n\n\n\n<div class=\"wp-block-uagb-buttons-child uagb-buttons__outer-wrap uagb-block-dbb88ed6 wp-block-button is-style-outline\"><div class=\"uagb-button__wrapper\"><a class=\"uagb-buttons-repeater wp-block-button__link\" href=\"\/inx-se\/edcon\/\" onclick=\"return true;\" rel=\"follow noopener\" target=\"_self\"><div class=\"uagb-button__link\">EdCon-kontrollm\u00e4tare<\/div><\/a><\/div><\/div>\n\n\n\n<div class=\"wp-block-uagb-buttons-child uagb-buttons__outer-wrap uagb-block-c8813daa wp-block-button is-style-outline\"><div class=\"uagb-button__wrapper\"><a class=\"uagb-buttons-repeater wp-block-button__link\" href=\"\/inx-se\/transportorer\/\" onclick=\"return true;\" rel=\"follow noopener\" target=\"_self\"><div class=\"uagb-button__link\">Transport\u00f6rer<\/div><\/a><\/div><\/div>\n\n\n\n<div class=\"wp-block-uagb-buttons-child uagb-buttons__outer-wrap uagb-block-6dd6cab6 wp-block-button is-style-outline\"><div class=\"uagb-button__wrapper\"><a class=\"uagb-buttons-repeater wp-block-button__link\" href=\"\/inx-se\/softplc-saglinje\/\" onclick=\"return true;\" rel=\"follow noopener\" target=\"_self\"><div class=\"uagb-button__link\">SoftPLC-styrsystem<\/div><\/a><\/div><\/div>\n<\/div><\/div>\n<\/div>\n<\/div><\/div>\n\n\n\n<div style=\"height:30px\" aria-hidden=\"true\" class=\"wp-block-spacer\"><\/div>\n","protected":false},"excerpt":{"rendered":"<p>SeeCon -s\u00e5gens m\u00e5ttkontroll SeeCon &#8211; s\u00e5gens m\u00e5ttkontroll SeeCon m\u00e4ter och analyserar s\u00e5gens noggrannhet, kontinuerlig uppf\u00f6ljning av sk\u00e4rsp\u00e5rets fel och m\u00e5ttspridning. M\u00e4taren avsl\u00f6jar och larmar omedelbart om problem uppst\u00e5r i s\u00e5gprocessen, s\u00e5som fallande klingor, wobblande band eller st\u00f6rningar i postnings- och inmatningsutrustningen. En millimeter ger tio miljoner Uppf\u00f6ljning av m\u00e5ttspridningen m\u00f6jligg\u00f6r en minimering av \u00f6verm\u00e5let i [&hellip;]<\/p>\n","protected":false},"author":1,"featured_media":0,"parent":0,"menu_order":0,"comment_status":"closed","ping_status":"closed","template":"","meta":{"_uag_custom_page_level_css":"","site-sidebar-layout":"default","site-content-layout":"","ast-site-content-layout":"default","site-content-style":"default","site-sidebar-style":"default","ast-global-header-display":"","ast-banner-title-visibility":"","ast-main-header-display":"","ast-hfb-above-header-display":"","ast-hfb-below-header-display":"","ast-hfb-mobile-header-display":"","site-post-title":"disabled","ast-breadcrumbs-content":"","ast-featured-img":"","footer-sml-layout":"","ast-disable-related-posts":"","theme-transparent-header-meta":"","adv-header-id-meta":"","stick-header-meta":"","header-above-stick-meta":"","header-main-stick-meta":"","header-below-stick-meta":"","astra-migrate-meta-layouts":"default","ast-page-background-enabled":"default","ast-page-background-meta":{"desktop":{"background-color":"var(--ast-global-color-4)","background-image":"","background-repeat":"repeat","background-position":"center center","background-size":"auto","background-attachment":"scroll","background-type":"","background-media":"","overlay-type":"","overlay-color":"","overlay-opacity":"","overlay-gradient":""},"tablet":{"background-color":"","background-image":"","background-repeat":"repeat","background-position":"center center","background-size":"auto","background-attachment":"scroll","background-type":"","background-media":"","overlay-type":"","overlay-color":"","overlay-opacity":"","overlay-gradient":""},"mobile":{"background-color":"","background-image":"","background-repeat":"repeat","background-position":"center center","background-size":"auto","background-attachment":"scroll","background-type":"","background-media":"","overlay-type":"","overlay-color":"","overlay-opacity":"","overlay-gradient":""}},"ast-content-background-meta":{"desktop":{"background-color":"var(--ast-global-color-5)","background-image":"","background-repeat":"repeat","background-position":"center center","background-size":"auto","background-attachment":"scroll","background-type":"","background-media":"","overlay-type":"","overlay-color":"","overlay-opacity":"","overlay-gradient":""},"tablet":{"background-color":"var(--ast-global-color-5)","background-image":"","background-repeat":"repeat","background-position":"center center","background-size":"auto","background-attachment":"scroll","background-type":"","background-media":"","overlay-type":"","overlay-color":"","overlay-opacity":"","overlay-gradient":""},"mobile":{"background-color":"var(--ast-global-color-5)","background-image":"","background-repeat":"repeat","background-position":"center center","background-size":"auto","background-attachment":"scroll","background-type":"","background-media":"","overlay-type":"","overlay-color":"","overlay-opacity":"","overlay-gradient":""}},"footnotes":""},"class_list":["post-2054","page","type-page","status-publish","hentry"],"uagb_featured_image_src":{"full":false,"thumbnail":false,"medium":false,"medium_large":false,"large":false,"1536x1536":false,"2048x2048":false},"uagb_author_info":{"display_name":"inxuser","author_link":"https:\/\/inx.fi\/inx-se\/blog\/author\/inxuser\/"},"uagb_comment_info":0,"uagb_excerpt":"SeeCon -s\u00e5gens m\u00e5ttkontroll SeeCon &#8211; s\u00e5gens m\u00e5ttkontroll SeeCon m\u00e4ter och analyserar s\u00e5gens noggrannhet, kontinuerlig uppf\u00f6ljning av sk\u00e4rsp\u00e5rets fel och m\u00e5ttspridning. M\u00e4taren avsl\u00f6jar och larmar omedelbart om problem uppst\u00e5r i s\u00e5gprocessen, s\u00e5som fallande klingor, wobblande band eller st\u00f6rningar i postnings- och inmatningsutrustningen. En millimeter ger tio miljoner Uppf\u00f6ljning av m\u00e5ttspridningen m\u00f6jligg\u00f6r en minimering av \u00f6verm\u00e5let i&hellip;","_links":{"self":[{"href":"https:\/\/inx.fi\/inx-se\/wp-json\/wp\/v2\/pages\/2054","targetHints":{"allow":["GET"]}}],"collection":[{"href":"https:\/\/inx.fi\/inx-se\/wp-json\/wp\/v2\/pages"}],"about":[{"href":"https:\/\/inx.fi\/inx-se\/wp-json\/wp\/v2\/types\/page"}],"author":[{"embeddable":true,"href":"https:\/\/inx.fi\/inx-se\/wp-json\/wp\/v2\/users\/1"}],"replies":[{"embeddable":true,"href":"https:\/\/inx.fi\/inx-se\/wp-json\/wp\/v2\/comments?post=2054"}],"version-history":[{"count":23,"href":"https:\/\/inx.fi\/inx-se\/wp-json\/wp\/v2\/pages\/2054\/revisions"}],"predecessor-version":[{"id":2745,"href":"https:\/\/inx.fi\/inx-se\/wp-json\/wp\/v2\/pages\/2054\/revisions\/2745"}],"wp:attachment":[{"href":"https:\/\/inx.fi\/inx-se\/wp-json\/wp\/v2\/media?parent=2054"}],"curies":[{"name":"wp","href":"https:\/\/api.w.org\/{rel}","templated":true}]}}