{"id":2058,"date":"2023-03-08T13:36:52","date_gmt":"2023-03-08T11:36:52","guid":{"rendered":"https:\/\/192.168.0.156\/inx-se\/?page_id=2058"},"modified":"2023-07-26T09:17:59","modified_gmt":"2023-07-26T06:17:59","slug":"optigrader-edger","status":"publish","type":"page","link":"https:\/\/inx.fi\/inx-se\/optigrader-edger\/","title":{"rendered":"Optigrader Edger"},"content":{"rendered":"\n<div style=\"height:100px\" aria-hidden=\"true\" class=\"wp-block-spacer\"><\/div>\n\n\n\n<div class=\"wp-block-uagb-container uagb-block-e990a69c alignfull uagb-is-root-container\"><div class=\"uagb-container-inner-blocks-wrap\">\n<div class=\"wp-block-uagb-container uagb-block-3c70f22c\">\n<div class=\"wp-block-uagb-container uagb-block-d7a0ea8b\"><\/div>\n\n\n\n<div class=\"wp-block-uagb-container uagb-block-0b16ed9b\">\n<div class=\"wp-block-uagb-columns uagb-columns__wrap uagb-columns__background-none uagb-columns__stack-none uagb-columns__valign-center uagb-columns__gap-0 align uagb-block-589d2bd9 uagb-columns__columns-4 uagb-columns__max_width-custom\"><div class=\"uagb-columns__overlay\"><\/div><div class=\"uagb-columns__inner-wrap uagb-columns__columns-4\">\n<div class=\"wp-block-uagb-column uagb-column__wrap uagb-column__background-image uagb-block-5d5ecf5a\"><div class=\"uagb-column__overlay\"><\/div>\n<div class=\"wp-block-uagb-buttons uagb-buttons__outer-wrap uagb-btn__medium-btn uagb-btn-tablet__default-btn uagb-btn-mobile__default-btn uagb-block-fc3c7063\"><div class=\"uagb-buttons__wrap uagb-buttons-layout-wrap\">\n<div class=\"wp-block-uagb-buttons-child uagb-buttons__outer-wrap uagb-block-1ba0d197 wp-block-button\"><div class=\"uagb-button__wrapper\"><a class=\"uagb-buttons-repeater wp-block-button__link\" href=\"\/optigrader-edger\/\" onclick=\"return true;\" rel=\"follow noopener\" target=\"_self\"><\/a><\/div><\/div>\n<\/div><\/div>\n<\/div>\n\n\n\n<div class=\"wp-block-uagb-column uagb-column__wrap uagb-column__background-image uagb-block-61649b0f\"><div class=\"uagb-column__overlay\"><\/div>\n<div class=\"wp-block-uagb-buttons uagb-buttons__outer-wrap uagb-btn__medium-btn uagb-btn-tablet__default-btn uagb-btn-mobile__default-btn uagb-block-5605985c\"><div class=\"uagb-buttons__wrap uagb-buttons-layout-wrap\">\n<div class=\"wp-block-uagb-buttons-child uagb-buttons__outer-wrap uagb-block-bc34ddd4 wp-block-button\"><div class=\"uagb-button__wrapper\"><a class=\"uagb-buttons-repeater wp-block-button__link\" href=\"\/inx-en\/optigrader-edger\/\" onclick=\"return true;\" rel=\"follow noopener\" target=\"_self\"><\/a><\/div><\/div>\n<\/div><\/div>\n<\/div>\n\n\n\n<div class=\"wp-block-uagb-column uagb-column__wrap uagb-column__background-image uagb-block-c30c7535\"><div class=\"uagb-column__overlay\"><\/div>\n<div class=\"wp-block-uagb-buttons uagb-buttons__outer-wrap uagb-btn__medium-btn uagb-btn-tablet__default-btn uagb-btn-mobile__default-btn uagb-block-3afa57e3\"><div class=\"uagb-buttons__wrap uagb-buttons-layout-wrap\">\n<div class=\"wp-block-uagb-buttons-child uagb-buttons__outer-wrap uagb-block-e3deb210 wp-block-button\"><div class=\"uagb-button__wrapper\"><a class=\"uagb-buttons-repeater wp-block-button__link\" href=\"\/inx-se\/optigrader-edger\/\" onclick=\"return true;\" rel=\"follow noopener\" target=\"_self\"><\/a><\/div><\/div>\n<\/div><\/div>\n<\/div>\n\n\n\n<div class=\"wp-block-uagb-column uagb-column__wrap uagb-column__background-image uagb-block-8d2c52bc\"><div class=\"uagb-column__overlay\"><\/div>\n<div class=\"wp-block-uagb-buttons uagb-buttons__outer-wrap uagb-btn__medium-btn uagb-btn-tablet__default-btn uagb-btn-mobile__default-btn uagb-block-ac626f2a\"><div class=\"uagb-buttons__wrap uagb-buttons-layout-wrap\">\n<div class=\"wp-block-uagb-buttons-child uagb-buttons__outer-wrap uagb-block-00f1eeb2 wp-block-button\"><div class=\"uagb-button__wrapper\"><a class=\"uagb-buttons-repeater wp-block-button__link\" href=\"\/inx-de\/optigrader-edger\/\" onclick=\"return true;\" rel=\"follow noopener\" target=\"_self\"><\/a><\/div><\/div>\n<\/div><\/div>\n<\/div>\n<\/div><\/div>\n<\/div>\n<\/div>\n\n\n\n<div style=\"height:82px\" aria-hidden=\"true\" class=\"wp-block-spacer\"><\/div>\n\n\n\n<div class=\"wp-block-uagb-advanced-heading uagb-block-600af96c\"><h2 class=\"uagb-heading-text\">OptiGrader Edger                  <\/h2><p class=\"uagb-desc-text\">-kantverkets optimeringssystem                   <\/p><\/div>\n\n\n\n<div style=\"height:101px\" aria-hidden=\"true\" class=\"wp-block-spacer\"><\/div>\n<\/div><\/div>\n\n\n\n<div class=\"wp-block-uagb-container uagb-block-63c2861d alignfull uagb-is-root-container\"><div class=\"uagb-container-inner-blocks-wrap\">\n<div class=\"wp-block-uagb-advanced-heading uagb-block-ec74ab20\"><h2 class=\"uagb-heading-text\">OptiGrader Edger \u2013 kantverkets optimeringssystem<\/h2><\/div>\n\n\n\n<p>De st\u00f6rsta f\u00f6rlusterna i s\u00e5glinjen uppst\u00e5r vid kantningen av sidobr\u00e4dorna. Traditionellt styrs kantverket av vankantsdatat och str\u00e4van till att maximera br\u00e4dans volym. Maximal volym inneb\u00e4r dock inte b\u00e4sta m\u00f6jliga ekonomiska resultat, eftersom ut\u00f6ver vankantsdatat skall r\u00e5\u00e4mnets kvalitet vara k\u00e4nt.<\/p>\n\n\n\n<p>OptiGrader Edger \u00e4r l\u00f6sningen f\u00f6r detta.<br><br><\/p>\n\n\n\n<div class=\"wp-block-uagb-advanced-heading uagb-block-8beed93f\"><h3 class=\"uagb-heading-text\">S\u00e5ga inte bort bidraget<\/h3><\/div>\n\n\n\n<p>OptiGrader Edger \u00e4r ett helautomatiskt optimeringssystem f\u00f6r kantverket. I optimeringen ber\u00e4knas vankanten, kvistarna samt \u00f6vriga egenskaper och de olika dimensionernas marknadsv\u00e4rde samt flispriset. Med dessa grunder maximerar OptiGrader Edger br\u00e4d\u00e4mnets ekonomiska v\u00e4rde och fastst\u00e4ller br\u00e4dans optimala bredd och l\u00e4ngd. OptiGrader Edger m\u00f6jligg\u00f6r ocks\u00e5 br\u00e4d\u00e4mnets snedkantning.<\/p>\n\n\n\n<p>Br\u00e4d\u00e4mnets kvalitetsoptimering h\u00f6jer virkets v\u00e4rde med 10\u202620 procent och detta motsvarar 15\u202630 miljoner kronor i till\u00e4ggsbidrag vid en oms\u00e4ttning p\u00e5 50 miljoner. Kvalitetsoptimeringen styr s\u00e5gens produktion p\u00e5 ett enkelt s\u00e4tt mot flexibla priss\u00e4ttningar och kundspecifika kvalitetskrav. Systemet s\u00e4kerst\u00e4ller det ekonomiska resultatet och ett flexibelt produktutbud i de mest varierande marknadssituationer.<\/p>\n\n\n\n<p>Virkeshanteringen effektiveras, eftersom optimeringen fastst\u00e4ller slutprodukterna redan f\u00f6re kantverket. Avkapen utf\u00f6rs f\u00f6re torkningen och detta h\u00f6jer torkens kapacitet. Samtidigt \u00f6kar m\u00e4ngden r\u00e5flis. M\u00e4tarens noggrannhet minimerar vrakens antal.<\/p>\n<\/div><\/div>\n\n\n\n<div class=\"wp-block-uagb-container uagb-block-b0d398d5 alignfull uagb-is-root-container\"><div class=\"uagb-container-inner-blocks-wrap\">\n<div class=\"wp-block-uagb-container uagb-block-8deda0de\">\n<div class=\"wp-block-uagb-advanced-heading uagb-block-55ff319b\"><h3 class=\"uagb-heading-text\">Prisbel\u00f6nad applikation<\/h3><\/div>\n\n\n\n<p>OptiGrader Edger m\u00e4ter br\u00e4d\u00e4mnets dimensioner och kvalitet fr\u00e5n tv\u00e5 riktningar. Dimensionerna uppm\u00e4ts med en matriskamera (400 bilder per sekund) och kvaliteten med en f\u00e4rglinjekamera (4000 bilder per sekund). Br\u00e4d\u00e4mnets kvalitetsfaktorer detekteras med en applikation som motsvarar m\u00e4nsklig hj\u00e4rnneurologi. Metoden har erh\u00e5llit ECVision-priset som Europas b\u00e4sta kognitiva maskinseendesystem.<\/p>\n<\/div>\n\n\n\n<div class=\"wp-block-uagb-container uagb-block-c6b01330\">\n<figure class=\"wp-block-image size-large\"><img decoding=\"async\" src=\"https:\/\/inx.fi\/inx-se\/wp-content\/uploads\/sites\/4\/2023\/07\/optigrader2.jpeg\" alt=\"\"\/><\/figure>\n<\/div>\n<\/div><\/div>\n\n\n\n<div class=\"wp-block-uagb-container uagb-block-5c137cef alignfull uagb-is-root-container\"><div class=\"uagb-container-inner-blocks-wrap\">\n<div class=\"wp-block-uagb-container uagb-block-540c0cb3\">\n<div class=\"wp-block-uagb-advanced-heading uagb-block-17e847a9\"><h2 class=\"uagb-heading-text\">S\u00e5glinjens produktfamilj<\/h2><\/div>\n\n\n\n<div class=\"wp-block-uagb-buttons uagb-buttons__outer-wrap uagb-btn__small-btn uagb-btn-tablet__default-btn uagb-btn-mobile__default-btn uagb-block-5d609bb3\"><div class=\"uagb-buttons__wrap uagb-buttons-layout-wrap\">\n<div class=\"wp-block-uagb-buttons-child uagb-buttons__outer-wrap uagb-block-18b68b8b wp-block-button is-style-outline\"><div class=\"uagb-button__wrapper\"><a class=\"uagb-buttons-repeater wp-block-button__link\" href=\"\/inx-se\/optilog\/\" onclick=\"return true;\" rel=\"follow noopener\" target=\"_self\"><div class=\"uagb-button__link\">OptiLog-postningsoptimering<\/div><\/a><\/div><\/div>\n\n\n\n<div class=\"wp-block-uagb-buttons-child uagb-buttons__outer-wrap uagb-block-6007b164 wp-block-button is-style-outline\"><div class=\"uagb-button__wrapper\"><a class=\"uagb-buttons-repeater wp-block-button__link\" href=\"\/inx-se\/seecon\/\" onclick=\"return true;\" rel=\"follow noopener\" target=\"_self\"><div class=\"uagb-button__link\">SeeCon \u2013 s\u00e5gens m\u00e5ttkontroll<\/div><\/a><\/div><\/div>\n\n\n\n<div class=\"wp-block-uagb-buttons-child uagb-buttons__outer-wrap uagb-block-dda8edb4 wp-block-button is-style-outline\"><div class=\"uagb-button__wrapper\"><a class=\"uagb-buttons-repeater wp-block-button__link\" href=\"\/inx-se\/sawblade\/\" onclick=\"return true;\" rel=\"follow noopener\" target=\"_self\"><div class=\"uagb-button__link\">SawBlade Manager &#8211; databas och analyssystem<\/div><\/a><\/div><\/div>\n\n\n\n<div class=\"wp-block-uagb-buttons-child uagb-buttons__outer-wrap uagb-block-839609e2 wp-block-button is-style-outline\"><div class=\"uagb-button__wrapper\"><a class=\"uagb-buttons-repeater wp-block-button__link\" href=\"\/inx-se\/optigrader-edger\/\" onclick=\"return true;\" rel=\"follow noopener\" target=\"_self\"><div class=\"uagb-button__link\">OptiGrader Edger \u2013 kantverkets optimeringssystem<\/div><\/a><\/div><\/div>\n<\/div><\/div>\n\n\n\n<div class=\"wp-block-uagb-buttons uagb-buttons__outer-wrap uagb-btn__small-btn uagb-btn-tablet__default-btn uagb-btn-mobile__default-btn uagb-block-da3d944c\"><div class=\"uagb-buttons__wrap uagb-buttons-layout-wrap\">\n<div class=\"wp-block-uagb-buttons-child uagb-buttons__outer-wrap uagb-block-34666a90 wp-block-button is-style-outline\"><div class=\"uagb-button__wrapper\"><a class=\"uagb-buttons-repeater wp-block-button__link\" href=\"\/inx-se\/optiedger\/\" onclick=\"return true;\" rel=\"follow noopener\" target=\"_self\"><div class=\"uagb-button__link\">OptiEdger-vankantsm\u00e4tare<\/div><\/a><\/div><\/div>\n\n\n\n<div class=\"wp-block-uagb-buttons-child uagb-buttons__outer-wrap uagb-block-806187a2 wp-block-button is-style-outline\"><div class=\"uagb-button__wrapper\"><a class=\"uagb-buttons-repeater wp-block-button__link\" href=\"\/inx-se\/optigrader-gs\/\" onclick=\"return true;\" rel=\"follow noopener\" target=\"_self\"><div class=\"uagb-button__link\">OptiGrader GS -optimeringssystem<\/div><\/a><\/div><\/div>\n\n\n\n<div class=\"wp-block-uagb-buttons-child uagb-buttons__outer-wrap uagb-block-cc83ccb3 wp-block-button is-style-outline\"><div class=\"uagb-button__wrapper\"><a class=\"uagb-buttons-repeater wp-block-button__link\" href=\"\/inx-se\/edcon\/\" onclick=\"return true;\" rel=\"follow noopener\" target=\"_self\"><div class=\"uagb-button__link\">EdCon-kontrollm\u00e4tare<\/div><\/a><\/div><\/div>\n\n\n\n<div class=\"wp-block-uagb-buttons-child uagb-buttons__outer-wrap uagb-block-b87d5b57 wp-block-button is-style-outline\"><div class=\"uagb-button__wrapper\"><a class=\"uagb-buttons-repeater wp-block-button__link\" href=\"\/inx-se\/transportorer\/\" onclick=\"return true;\" rel=\"follow noopener\" target=\"_self\"><div class=\"uagb-button__link\">Transport\u00f6rer<\/div><\/a><\/div><\/div>\n\n\n\n<div class=\"wp-block-uagb-buttons-child uagb-buttons__outer-wrap uagb-block-6f089bbf wp-block-button is-style-outline\"><div class=\"uagb-button__wrapper\"><a class=\"uagb-buttons-repeater wp-block-button__link\" href=\"\/inx-se\/softplc-saglinje\/\" onclick=\"return true;\" rel=\"follow noopener\" target=\"_self\"><div class=\"uagb-button__link\">SoftPLC-styrsystem<\/div><\/a><\/div><\/div>\n<\/div><\/div>\n<\/div>\n<\/div><\/div>\n\n\n\n<div style=\"height:30px\" aria-hidden=\"true\" class=\"wp-block-spacer\"><\/div>\n","protected":false},"excerpt":{"rendered":"<p>OptiGrader Edger -kantverkets optimeringssystem OptiGrader Edger \u2013 kantverkets optimeringssystem De st\u00f6rsta f\u00f6rlusterna i s\u00e5glinjen uppst\u00e5r vid kantningen av sidobr\u00e4dorna. Traditionellt styrs kantverket av vankantsdatat och str\u00e4van till att maximera br\u00e4dans volym. Maximal volym inneb\u00e4r dock inte b\u00e4sta m\u00f6jliga ekonomiska resultat, eftersom ut\u00f6ver vankantsdatat skall r\u00e5\u00e4mnets kvalitet vara k\u00e4nt. OptiGrader Edger \u00e4r l\u00f6sningen f\u00f6r detta. S\u00e5ga [&hellip;]<\/p>\n","protected":false},"author":1,"featured_media":0,"parent":0,"menu_order":0,"comment_status":"closed","ping_status":"closed","template":"","meta":{"_uag_custom_page_level_css":"","site-sidebar-layout":"default","site-content-layout":"","ast-site-content-layout":"default","site-content-style":"default","site-sidebar-style":"default","ast-global-header-display":"","ast-banner-title-visibility":"","ast-main-header-display":"","ast-hfb-above-header-display":"","ast-hfb-below-header-display":"","ast-hfb-mobile-header-display":"","site-post-title":"disabled","ast-breadcrumbs-content":"","ast-featured-img":"","footer-sml-layout":"","ast-disable-related-posts":"","theme-transparent-header-meta":"","adv-header-id-meta":"","stick-header-meta":"","header-above-stick-meta":"","header-main-stick-meta":"","header-below-stick-meta":"","astra-migrate-meta-layouts":"default","ast-page-background-enabled":"default","ast-page-background-meta":{"desktop":{"background-color":"var(--ast-global-color-4)","background-image":"","background-repeat":"repeat","background-position":"center center","background-size":"auto","background-attachment":"scroll","background-type":"","background-media":"","overlay-type":"","overlay-color":"","overlay-opacity":"","overlay-gradient":""},"tablet":{"background-color":"","background-image":"","background-repeat":"repeat","background-position":"center center","background-size":"auto","background-attachment":"scroll","background-type":"","background-media":"","overlay-type":"","overlay-color":"","overlay-opacity":"","overlay-gradient":""},"mobile":{"background-color":"","background-image":"","background-repeat":"repeat","background-position":"center center","background-size":"auto","background-attachment":"scroll","background-type":"","background-media":"","overlay-type":"","overlay-color":"","overlay-opacity":"","overlay-gradient":""}},"ast-content-background-meta":{"desktop":{"background-color":"var(--ast-global-color-5)","background-image":"","background-repeat":"repeat","background-position":"center center","background-size":"auto","background-attachment":"scroll","background-type":"","background-media":"","overlay-type":"","overlay-color":"","overlay-opacity":"","overlay-gradient":""},"tablet":{"background-color":"var(--ast-global-color-5)","background-image":"","background-repeat":"repeat","background-position":"center center","background-size":"auto","background-attachment":"scroll","background-type":"","background-media":"","overlay-type":"","overlay-color":"","overlay-opacity":"","overlay-gradient":""},"mobile":{"background-color":"var(--ast-global-color-5)","background-image":"","background-repeat":"repeat","background-position":"center center","background-size":"auto","background-attachment":"scroll","background-type":"","background-media":"","overlay-type":"","overlay-color":"","overlay-opacity":"","overlay-gradient":""}}},"uagb_featured_image_src":{"full":false,"thumbnail":false,"medium":false,"medium_large":false,"large":false,"1536x1536":false,"2048x2048":false},"uagb_author_info":{"display_name":"inxuser","author_link":"https:\/\/inx.fi\/inx-se\/blog\/author\/inxuser\/"},"uagb_comment_info":0,"uagb_excerpt":"OptiGrader Edger -kantverkets optimeringssystem OptiGrader Edger \u2013 kantverkets optimeringssystem De st\u00f6rsta f\u00f6rlusterna i s\u00e5glinjen uppst\u00e5r vid kantningen av sidobr\u00e4dorna. Traditionellt styrs kantverket av vankantsdatat och str\u00e4van till att maximera br\u00e4dans volym. Maximal volym inneb\u00e4r dock inte b\u00e4sta m\u00f6jliga ekonomiska resultat, eftersom ut\u00f6ver vankantsdatat skall r\u00e5\u00e4mnets kvalitet vara k\u00e4nt. OptiGrader Edger \u00e4r l\u00f6sningen f\u00f6r detta. S\u00e5ga&hellip;","_links":{"self":[{"href":"https:\/\/inx.fi\/inx-se\/wp-json\/wp\/v2\/pages\/2058"}],"collection":[{"href":"https:\/\/inx.fi\/inx-se\/wp-json\/wp\/v2\/pages"}],"about":[{"href":"https:\/\/inx.fi\/inx-se\/wp-json\/wp\/v2\/types\/page"}],"author":[{"embeddable":true,"href":"https:\/\/inx.fi\/inx-se\/wp-json\/wp\/v2\/users\/1"}],"replies":[{"embeddable":true,"href":"https:\/\/inx.fi\/inx-se\/wp-json\/wp\/v2\/comments?post=2058"}],"version-history":[{"count":20,"href":"https:\/\/inx.fi\/inx-se\/wp-json\/wp\/v2\/pages\/2058\/revisions"}],"predecessor-version":[{"id":2751,"href":"https:\/\/inx.fi\/inx-se\/wp-json\/wp\/v2\/pages\/2058\/revisions\/2751"}],"wp:attachment":[{"href":"https:\/\/inx.fi\/inx-se\/wp-json\/wp\/v2\/media?parent=2058"}],"curies":[{"name":"wp","href":"https:\/\/api.w.org\/{rel}","templated":true}]}}