{"id":2148,"date":"2023-03-15T13:52:54","date_gmt":"2023-03-15T11:52:54","guid":{"rendered":"https:\/\/192.168.0.156\/inx-se\/?page_id=2148"},"modified":"2023-07-26T09:38:09","modified_gmt":"2023-07-26T06:38:09","slug":"optigrader-planer","status":"publish","type":"page","link":"https:\/\/inx.fi\/inx-se\/optigrader-planer\/","title":{"rendered":"OptiGrader Planer"},"content":{"rendered":"\n<div style=\"height:100px\" aria-hidden=\"true\" class=\"wp-block-spacer\"><\/div>\n\n\n\n<div class=\"wp-block-uagb-container uagb-block-6ef67a23 alignfull uagb-is-root-container\"><div class=\"uagb-container-inner-blocks-wrap\">\n<div class=\"wp-block-uagb-container uagb-block-a4ff728c\">\n<div class=\"wp-block-uagb-container uagb-block-8a39abb2\"><\/div>\n\n\n\n<div class=\"wp-block-uagb-container uagb-block-26313936\">\n<div class=\"wp-block-uagb-columns uagb-columns__wrap uagb-columns__background-none uagb-columns__stack-none uagb-columns__valign-center uagb-columns__gap-0 align uagb-block-92c16cbb uagb-columns__columns-4 uagb-columns__max_width-custom\"><div class=\"uagb-columns__overlay\"><\/div><div class=\"uagb-columns__inner-wrap uagb-columns__columns-4\">\n<div class=\"wp-block-uagb-column uagb-column__wrap uagb-column__background-image uagb-block-7100e22e\"><div class=\"uagb-column__overlay\"><\/div>\n<div class=\"wp-block-uagb-buttons uagb-buttons__outer-wrap uagb-btn__medium-btn uagb-btn-tablet__default-btn uagb-btn-mobile__default-btn uagb-block-7830c195\"><div class=\"uagb-buttons__wrap uagb-buttons-layout-wrap\">\n<div class=\"wp-block-uagb-buttons-child uagb-buttons__outer-wrap uagb-block-3d9df54c wp-block-button\"><div class=\"uagb-button__wrapper\"><a class=\"uagb-buttons-repeater wp-block-button__link\" href=\"\/optigrader-planer\/\" onclick=\"return true;\" rel=\"follow noopener\" target=\"_self\"><\/a><\/div><\/div>\n<\/div><\/div>\n<\/div>\n\n\n\n<div class=\"wp-block-uagb-column uagb-column__wrap uagb-column__background-image uagb-block-162b1fea\"><div class=\"uagb-column__overlay\"><\/div>\n<div class=\"wp-block-uagb-buttons uagb-buttons__outer-wrap uagb-btn__medium-btn uagb-btn-tablet__default-btn uagb-btn-mobile__default-btn uagb-block-b2cc25a3\"><div class=\"uagb-buttons__wrap uagb-buttons-layout-wrap\">\n<div class=\"wp-block-uagb-buttons-child uagb-buttons__outer-wrap uagb-block-9f6d9309 wp-block-button\"><div class=\"uagb-button__wrapper\"><a class=\"uagb-buttons-repeater wp-block-button__link\" href=\"\/inx-en\/optigrader-planer\/\" onclick=\"return true;\" rel=\"follow noopener\" target=\"_self\"><\/a><\/div><\/div>\n<\/div><\/div>\n<\/div>\n\n\n\n<div class=\"wp-block-uagb-column uagb-column__wrap uagb-column__background-image uagb-block-6de7de7d\"><div class=\"uagb-column__overlay\"><\/div>\n<div class=\"wp-block-uagb-buttons uagb-buttons__outer-wrap uagb-btn__medium-btn uagb-btn-tablet__default-btn uagb-btn-mobile__default-btn uagb-block-0fcae4b6\"><div class=\"uagb-buttons__wrap uagb-buttons-layout-wrap\">\n<div class=\"wp-block-uagb-buttons-child uagb-buttons__outer-wrap uagb-block-3c5f5e73 wp-block-button\"><div class=\"uagb-button__wrapper\"><a class=\"uagb-buttons-repeater wp-block-button__link\" href=\"\/inx-se\/optigrader-planer\/\" onclick=\"return true;\" rel=\"follow noopener\" target=\"_self\"><\/a><\/div><\/div>\n<\/div><\/div>\n<\/div>\n\n\n\n<div class=\"wp-block-uagb-column uagb-column__wrap uagb-column__background-image uagb-block-6d72f39d\"><div class=\"uagb-column__overlay\"><\/div>\n<div class=\"wp-block-uagb-buttons uagb-buttons__outer-wrap uagb-btn__medium-btn uagb-btn-tablet__default-btn uagb-btn-mobile__default-btn uagb-block-794bcf60\"><div class=\"uagb-buttons__wrap uagb-buttons-layout-wrap\">\n<div class=\"wp-block-uagb-buttons-child uagb-buttons__outer-wrap uagb-block-2eb0a141 wp-block-button\"><div class=\"uagb-button__wrapper\"><a class=\"uagb-buttons-repeater wp-block-button__link\" href=\"\/inx-de\/optigrader-planer\/\" onclick=\"return true;\" rel=\"follow noopener\" target=\"_self\"><\/a><\/div><\/div>\n<\/div><\/div>\n<\/div>\n<\/div><\/div>\n<\/div>\n<\/div>\n\n\n\n<div style=\"height:82px\" aria-hidden=\"true\" class=\"wp-block-spacer\"><\/div>\n\n\n\n<div class=\"wp-block-uagb-advanced-heading uagb-block-59c03159\"><h2 class=\"uagb-heading-text\">OptiGrader Planer                   <\/h2><p class=\"uagb-desc-text\">-optimeringssystem               <\/p><\/div>\n\n\n\n<div style=\"height:101px\" aria-hidden=\"true\" class=\"wp-block-spacer\"><\/div>\n<\/div><\/div>\n\n\n\n<div class=\"wp-block-uagb-container uagb-block-b95412a1 alignfull uagb-is-root-container\"><div class=\"uagb-container-inner-blocks-wrap\">\n<div class=\"wp-block-uagb-advanced-heading uagb-block-c384e1d3\"><h2 class=\"uagb-heading-text\">OptiGrader Planer \u2013 optimeringssystemet f\u00f6r hyvleriet<\/h2><\/div>\n\n\n\n<p>OptiGrader Planer \u00e4r ett patenterat optimeringssystem f\u00f6r hyvleriet, som kontrollerar slutproduktens dimensioner, till\u00e5ten van, yt- och kantsnedhet, vridningar, ohyvlade partier, frisk- och svartkvist, r\u00f6ta, k\u00e5dl\u00e5pa, sprickor, fibert\u00e4thet, fibervridningar, bl\u00e5nad och andra f\u00e4rgdefekter. Systemet styr virkets avkap optimalt enligt virkets kvalitet samt slutproduktens sortering.<\/p>\n\n\n\n<p>OptiGrader Planers unika m\u00e4tteknik m\u00f6jligg\u00f6r att via ytans oj\u00e4mnhet fastst\u00e4lla ohyvlade partier. M\u00e4ttekniken grundas inte p\u00e5 tjockleks- eller breddm\u00e4tning utan ohyvlade omr\u00e5den best\u00e4ms enligt oj\u00e4mnhet p\u00e5 samma s\u00e4tt som en m\u00e4nniska uppfattar det. Tekniken medger detektering av oj\u00e4mnhet i intervallet +\/- 0,005 mm.<\/p>\n<\/div><\/div>\n\n\n\n<div class=\"wp-block-uagb-container uagb-block-0f634859 alignfull uagb-is-root-container\"><div class=\"uagb-container-inner-blocks-wrap\">\n<div class=\"wp-block-uagb-container uagb-block-61e7f318\">\n<div class=\"wp-block-uagb-container uagb-block-579ae6e6\">\n<div class=\"wp-block-uagb-advanced-heading uagb-block-04b39dd5\"><h2 class=\"uagb-heading-text\">Prisbel\u00f6nad applikation<\/h2><\/div>\n\n\n\n<p>OptiGrader Planer m\u00e4ter virkets dimensioner och kvalitet fr\u00e5n fyra riktningar med en patenterad bildbehandling. Dimensionerna uppm\u00e4ts med en matriskamera (400 bilder per sekund) och kvaliteten med en f\u00e4rglinjekamera (4000 bilder per sekund). Virkets kvalitetsfaktorer detekteras med en applikation som motsvarar m\u00e4nsklig hj\u00e4rnneurologi. Metoden har erh\u00e5llit ECVision-priset som Europas b\u00e4sta kognitiva maskinseendesystem.<\/p>\n<\/div>\n\n\n\n<div class=\"wp-block-uagb-container uagb-block-d343fe6e\">\n<figure class=\"wp-block-image size-large\"><img decoding=\"async\" src=\"https:\/\/inx.fi\/inx-se\/wp-content\/uploads\/sites\/4\/2023\/07\/optigrader4.jpeg\" alt=\"\"\/><\/figure>\n\n\n\n<div style=\"height:17px\" aria-hidden=\"true\" class=\"wp-block-spacer\"><\/div>\n<\/div>\n<\/div>\n<\/div><\/div>\n\n\n\n<div class=\"wp-block-uagb-container uagb-block-dca0b882 alignfull uagb-is-root-container\"><div class=\"uagb-container-inner-blocks-wrap\">\n<div class=\"wp-block-uagb-container uagb-block-b8aa7b0b\">\n<div class=\"wp-block-uagb-container uagb-block-1cd63fa1\">\n<div class=\"wp-block-uagb-container uagb-block-cf291947\">\n<div class=\"wp-block-uagb-container uagb-block-0526d301\">\n<div class=\"wp-block-uagb-advanced-heading uagb-block-cb832e54\"><h2 class=\"uagb-heading-text\">Vidaref\u00f6r\u00e4dlingens produktfamilj<\/h2><\/div>\n\n\n\n<div class=\"wp-block-uagb-buttons uagb-buttons__outer-wrap uagb-btn__small-btn uagb-btn-tablet__default-btn uagb-btn-mobile__default-btn uagb-block-445c5252\"><div class=\"uagb-buttons__wrap uagb-buttons-layout-wrap\">\n<div class=\"wp-block-uagb-buttons-child uagb-buttons__outer-wrap uagb-block-edc15f96 wp-block-button is-style-outline\"><div class=\"uagb-button__wrapper\"><a class=\"uagb-buttons-repeater wp-block-button__link\" href=\"\/inx-se\/splitcon\/\" onclick=\"return true;\" rel=\"follow noopener\" target=\"_self\"><div class=\"uagb-button__link\">SplitCon-sprickm\u00e4tare<\/div><\/a><\/div><\/div>\n\n\n\n<div class=\"wp-block-uagb-buttons-child uagb-buttons__outer-wrap uagb-block-259ed525 wp-block-button is-style-outline\"><div class=\"uagb-button__wrapper\"><a class=\"uagb-buttons-repeater wp-block-button__link\" href=\"\/inx-se\/cupcon\/\" onclick=\"return true;\" rel=\"follow noopener\" target=\"_self\"><div class=\"uagb-button__link\">CupCon-v\u00e4ndningsm\u00e4tare<\/div><\/a><\/div><\/div>\n\n\n\n<div class=\"wp-block-uagb-buttons-child uagb-buttons__outer-wrap uagb-block-d7100ed2 wp-block-button is-style-outline\"><div class=\"uagb-button__wrapper\"><a class=\"uagb-buttons-repeater wp-block-button__link\" href=\"\/inx-se\/optigrader-planer\/\" onclick=\"return true;\" rel=\"follow noopener\" target=\"_self\"><div class=\"uagb-button__link\">OptiGrader Planer -optimeringssystem<\/div><\/a><\/div><\/div>\n\n\n\n<div class=\"wp-block-uagb-buttons-child uagb-buttons__outer-wrap uagb-block-f4c59d43 wp-block-button is-style-outline\"><div class=\"uagb-button__wrapper\"><a class=\"uagb-buttons-repeater wp-block-button__link\" href=\"\/inx-se\/optigrader-crc\/\" onclick=\"return true;\" rel=\"follow noopener\" target=\"_self\"><div class=\"uagb-button__link\">OptiGrader CRC -optimeringssystem<\/div><\/a><\/div><\/div>\n<\/div><\/div>\n\n\n\n<div class=\"wp-block-uagb-buttons uagb-buttons__outer-wrap uagb-btn__small-btn uagb-btn-tablet__default-btn uagb-btn-mobile__default-btn uagb-block-ca88c978\"><div class=\"uagb-buttons__wrap uagb-buttons-layout-wrap\">\n<div class=\"wp-block-uagb-buttons-child uagb-buttons__outer-wrap uagb-block-3afb55c7 wp-block-button is-style-outline\"><div class=\"uagb-button__wrapper\"><a class=\"uagb-buttons-repeater wp-block-button__link\" href=\"\/inx-se\/logcon\/\" onclick=\"return true;\" rel=\"follow noopener\" target=\"_self\"><div class=\"uagb-button__link\">LogCon-<\/div><\/a><\/div><\/div>\n\n\n\n<div class=\"wp-block-uagb-buttons-child uagb-buttons__outer-wrap uagb-block-f124a804 wp-block-button is-style-outline\"><div class=\"uagb-button__wrapper\"><a class=\"uagb-buttons-repeater wp-block-button__link\" href=\"\/inx-se\/softplc-vidareforadling\/\" onclick=\"return true;\" rel=\"follow noopener\" target=\"_self\"><div class=\"uagb-button__link\">SoftPLC-styrsystem<\/div><\/a><\/div><\/div>\n<\/div><\/div>\n<\/div>\n<\/div>\n<\/div>\n<\/div>\n<\/div><\/div>\n\n\n\n<div style=\"height:30px\" aria-hidden=\"true\" class=\"wp-block-spacer\"><\/div>\n","protected":false},"excerpt":{"rendered":"<p>OptiGrader Planer -optimeringssystem OptiGrader Planer \u2013 optimeringssystemet f\u00f6r hyvleriet OptiGrader Planer \u00e4r ett patenterat optimeringssystem f\u00f6r hyvleriet, som kontrollerar slutproduktens dimensioner, till\u00e5ten van, yt- och kantsnedhet, vridningar, ohyvlade partier, frisk- och svartkvist, r\u00f6ta, k\u00e5dl\u00e5pa, sprickor, fibert\u00e4thet, fibervridningar, bl\u00e5nad och andra f\u00e4rgdefekter. Systemet styr virkets avkap optimalt enligt virkets kvalitet samt slutproduktens sortering. OptiGrader Planers unika [&hellip;]<\/p>\n","protected":false},"author":1,"featured_media":0,"parent":0,"menu_order":0,"comment_status":"closed","ping_status":"closed","template":"","meta":{"_uag_custom_page_level_css":"","site-sidebar-layout":"default","site-content-layout":"","ast-site-content-layout":"default","site-content-style":"default","site-sidebar-style":"default","ast-global-header-display":"","ast-banner-title-visibility":"","ast-main-header-display":"","ast-hfb-above-header-display":"","ast-hfb-below-header-display":"","ast-hfb-mobile-header-display":"","site-post-title":"disabled","ast-breadcrumbs-content":"","ast-featured-img":"","footer-sml-layout":"","ast-disable-related-posts":"","theme-transparent-header-meta":"","adv-header-id-meta":"","stick-header-meta":"","header-above-stick-meta":"","header-main-stick-meta":"","header-below-stick-meta":"","astra-migrate-meta-layouts":"default","ast-page-background-enabled":"default","ast-page-background-meta":{"desktop":{"background-color":"var(--ast-global-color-4)","background-image":"","background-repeat":"repeat","background-position":"center center","background-size":"auto","background-attachment":"scroll","background-type":"","background-media":"","overlay-type":"","overlay-color":"","overlay-opacity":"","overlay-gradient":""},"tablet":{"background-color":"","background-image":"","background-repeat":"repeat","background-position":"center center","background-size":"auto","background-attachment":"scroll","background-type":"","background-media":"","overlay-type":"","overlay-color":"","overlay-opacity":"","overlay-gradient":""},"mobile":{"background-color":"","background-image":"","background-repeat":"repeat","background-position":"center center","background-size":"auto","background-attachment":"scroll","background-type":"","background-media":"","overlay-type":"","overlay-color":"","overlay-opacity":"","overlay-gradient":""}},"ast-content-background-meta":{"desktop":{"background-color":"var(--ast-global-color-5)","background-image":"","background-repeat":"repeat","background-position":"center center","background-size":"auto","background-attachment":"scroll","background-type":"","background-media":"","overlay-type":"","overlay-color":"","overlay-opacity":"","overlay-gradient":""},"tablet":{"background-color":"var(--ast-global-color-5)","background-image":"","background-repeat":"repeat","background-position":"center center","background-size":"auto","background-attachment":"scroll","background-type":"","background-media":"","overlay-type":"","overlay-color":"","overlay-opacity":"","overlay-gradient":""},"mobile":{"background-color":"var(--ast-global-color-5)","background-image":"","background-repeat":"repeat","background-position":"center center","background-size":"auto","background-attachment":"scroll","background-type":"","background-media":"","overlay-type":"","overlay-color":"","overlay-opacity":"","overlay-gradient":""}},"footnotes":""},"class_list":["post-2148","page","type-page","status-publish","hentry"],"uagb_featured_image_src":{"full":false,"thumbnail":false,"medium":false,"medium_large":false,"large":false,"1536x1536":false,"2048x2048":false},"uagb_author_info":{"display_name":"inxuser","author_link":"https:\/\/inx.fi\/inx-se\/blog\/author\/inxuser\/"},"uagb_comment_info":0,"uagb_excerpt":"OptiGrader Planer -optimeringssystem OptiGrader Planer \u2013 optimeringssystemet f\u00f6r hyvleriet OptiGrader Planer \u00e4r ett patenterat optimeringssystem f\u00f6r hyvleriet, som kontrollerar slutproduktens dimensioner, till\u00e5ten van, yt- och kantsnedhet, vridningar, ohyvlade partier, frisk- och svartkvist, r\u00f6ta, k\u00e5dl\u00e5pa, sprickor, fibert\u00e4thet, fibervridningar, bl\u00e5nad och andra f\u00e4rgdefekter. Systemet styr virkets avkap optimalt enligt virkets kvalitet samt slutproduktens sortering. OptiGrader Planers unika&hellip;","_links":{"self":[{"href":"https:\/\/inx.fi\/inx-se\/wp-json\/wp\/v2\/pages\/2148","targetHints":{"allow":["GET"]}}],"collection":[{"href":"https:\/\/inx.fi\/inx-se\/wp-json\/wp\/v2\/pages"}],"about":[{"href":"https:\/\/inx.fi\/inx-se\/wp-json\/wp\/v2\/types\/page"}],"author":[{"embeddable":true,"href":"https:\/\/inx.fi\/inx-se\/wp-json\/wp\/v2\/users\/1"}],"replies":[{"embeddable":true,"href":"https:\/\/inx.fi\/inx-se\/wp-json\/wp\/v2\/comments?post=2148"}],"version-history":[{"count":14,"href":"https:\/\/inx.fi\/inx-se\/wp-json\/wp\/v2\/pages\/2148\/revisions"}],"predecessor-version":[{"id":2784,"href":"https:\/\/inx.fi\/inx-se\/wp-json\/wp\/v2\/pages\/2148\/revisions\/2784"}],"wp:attachment":[{"href":"https:\/\/inx.fi\/inx-se\/wp-json\/wp\/v2\/media?parent=2148"}],"curies":[{"name":"wp","href":"https:\/\/api.w.org\/{rel}","templated":true}]}}